{"id":12655,"date":"2025-02-06T11:20:42","date_gmt":"2025-02-06T18:20:42","guid":{"rendered":"https:\/\/rheiacomfort.com\/nuestro-equipo\/"},"modified":"2025-09-29T13:32:32","modified_gmt":"2025-09-29T20:32:32","slug":"nuestro-equipo","status":"publish","type":"page","link":"https:\/\/rheiacomfort.com\/es\/nuestro-equipo\/","title":{"rendered":"Equipo Rheia"},"content":{"rendered":"\t\t<div data-elementor-type=\"wp-page\" data-elementor-id=\"12655\" class=\"elementor elementor-12655 elementor-12615\" data-elementor-settings=\"{&quot;ha_cmc_init_switcher&quot;:&quot;no&quot;}\" data-elementor-post-type=\"page\">\n\t\t\t\t\t\t<section class=\"elementor-section elementor-top-section elementor-element elementor-element-106768a elementor-section-boxed elementor-section-height-default elementor-section-height-default\" data-id=\"106768a\" data-element_type=\"section\" data-e-type=\"section\" id=\"header-with-text\" data-settings=\"{&quot;background_background&quot;:&quot;classic&quot;,&quot;_ha_eqh_enable&quot;:false}\">\n\t\t\t\t\t\t<div class=\"elementor-container elementor-column-gap-default\">\n\t\t\t\t\t<div class=\"elementor-column elementor-col-100 elementor-top-column elementor-element elementor-element-3e2fe60\" data-id=\"3e2fe60\" data-element_type=\"column\" data-e-type=\"column\">\n\t\t\t<div class=\"elementor-widget-wrap elementor-element-populated\">\n\t\t\t\t\t\t<div class=\"elementor-element elementor-element-4df1d09 elementor-widget elementor-widget-heading\" data-id=\"4df1d09\" data-element_type=\"widget\" data-e-type=\"widget\" data-widget_type=\"heading.default\">\n\t\t\t\t<div class=\"elementor-widget-container\">\n\t\t\t\t\t<h1 class=\"elementor-heading-title elementor-size-default\">Conoce al equipo de Rheia<\/h1>\t\t\t\t<\/div>\n\t\t\t\t<\/div>\n\t\t\t\t<div class=\"elementor-element elementor-element-eeb18de elementor-widget elementor-widget-heading\" data-id=\"eeb18de\" data-element_type=\"widget\" data-e-type=\"widget\" data-widget_type=\"heading.default\">\n\t\t\t\t<div class=\"elementor-widget-container\">\n\t\t\t\t\t<p class=\"elementor-heading-title elementor-size-default\">El equipo de Rheia est\u00e1 dirigido por profesionales con a\u00f1os de experiencia en los sectores de la climatizaci\u00f3n, la fabricaci\u00f3n y la construcci\u00f3n de viviendas.<\/p>\t\t\t\t<\/div>\n\t\t\t\t<\/div>\n\t\t\t\t\t<\/div>\n\t\t<\/div>\n\t\t\t\t\t<\/div>\n\t\t<\/section>\n\t\t\t\t<section class=\"elementor-section elementor-top-section elementor-element elementor-element-4abb648 elementor-section-boxed elementor-section-height-default elementor-section-height-default\" data-id=\"4abb648\" data-element_type=\"section\" data-e-type=\"section\" data-settings=\"{&quot;_ha_eqh_enable&quot;:&quot;yes&quot;,&quot;_ha_eqh_widget&quot;:[&quot;ha-member&quot;],&quot;_ha_eqh_to&quot;:&quot;widget&quot;,&quot;_ha_eqh_disable_on_tablet&quot;:&quot;no&quot;,&quot;_ha_eqh_disable_on_mobile&quot;:&quot;yes&quot;}\">\n\t\t\t\t\t\t<div class=\"elementor-container elementor-column-gap-default\">\n\t\t\t\t\t<div class=\"elementor-column elementor-col-33 elementor-top-column elementor-element elementor-element-5c26d0d\" data-id=\"5c26d0d\" data-element_type=\"column\" data-e-type=\"column\">\n\t\t\t<div class=\"elementor-widget-wrap elementor-element-populated\">\n\t\t\t\t\t\t<div class=\"elementor-element elementor-element-15b15dc elementor-widget elementor-widget-ha-member happy-addon ha-member\" data-id=\"15b15dc\" data-element_type=\"widget\" data-e-type=\"widget\" data-widget_type=\"ha-member.default\">\n\t\t\t\t<div class=\"elementor-widget-container\">\n\t\t\t\t\t\n\t\t\t\t\t<figure class=\"ha-member-figure\">\n\t\t\t\t<img fetchpriority=\"high\" decoding=\"async\" width=\"600\" height=\"755\" src=\"https:\/\/rheiacomfort.com\/wp-content\/uploads\/2022\/06\/Alan-Laing-1.jpg\" class=\"elementor-animation-disable-animation attachment-large size-large wp-image-1632\" alt=\"Alan Laing\" srcset=\"https:\/\/rheiacomfort.com\/wp-content\/uploads\/2022\/06\/Alan-Laing-1.jpg 600w, https:\/\/rheiacomfort.com\/wp-content\/uploads\/2022\/06\/Alan-Laing-1-238x300.jpg 238w\" sizes=\"(max-width: 600px) 100vw, 600px\" title=\"\">\t\t\t<\/figure>\n\t\t\n\t\t<div class=\"ha-member-body\">\n\t\t\t<h2 class=\"ha-member-name\">Alain Laing<\/h2>\n\t\t\t\t\t\t\t<div class=\"ha-member-position\">CEO<\/div>\n\t\t\t\n\t\t\t\t\t\t\t<div class=\"ha-member-bio\">\n\t\t\t\t\t<p>Alan es Consejero Delegado y se encarga de desarrollar y ejecutar el plan estrat\u00e9gico de Rheia. La experiencia \u00fanica de Alan dirigiendo constructoras de viviendas y grandes contratistas de proveedores durante los \u00faltimos 35 a\u00f1os garantiza que Rheia comprender\u00e1 y atender\u00e1 a todas nuestras partes interesadas clave, al tiempo que proporcionar\u00e1 el liderazgo diario necesario a nuestro equipo para convertir a Rheia en una empresa de talla mundial. \n<\/p>\n\t\t\t\t<\/div>\n\t\t\t\n\t\t\t\n\t\t\t\n\t\t\t\t\t<\/div>\n\t\t\t\t\t\t<\/div>\n\t\t\t\t<\/div>\n\t\t\t\t\t<\/div>\n\t\t<\/div>\n\t\t\t\t<div class=\"elementor-column elementor-col-33 elementor-top-column elementor-element elementor-element-273a7b5\" data-id=\"273a7b5\" data-element_type=\"column\" data-e-type=\"column\">\n\t\t\t<div class=\"elementor-widget-wrap elementor-element-populated\">\n\t\t\t\t\t\t<div class=\"elementor-element elementor-element-118a632 elementor-widget elementor-widget-ha-member happy-addon ha-member\" data-id=\"118a632\" data-element_type=\"widget\" data-e-type=\"widget\" data-widget_type=\"ha-member.default\">\n\t\t\t\t<div class=\"elementor-widget-container\">\n\t\t\t\t\t\n\t\t\t\t\t<figure class=\"ha-member-figure\">\n\t\t\t\t<img decoding=\"async\" width=\"600\" height=\"755\" src=\"https:\/\/rheiacomfort.com\/wp-content\/uploads\/2022\/08\/Untitled-755-\u00d7-600-px.jpg\" class=\"elementor-animation-disable-animation attachment-large size-large wp-image-3282\" alt=\"\" srcset=\"https:\/\/rheiacomfort.com\/wp-content\/uploads\/2022\/08\/Untitled-755-\u00d7-600-px.jpg 600w, https:\/\/rheiacomfort.com\/wp-content\/uploads\/2022\/08\/Untitled-755-\u00d7-600-px-238x300.jpg 238w\" sizes=\"(max-width: 600px) 100vw, 600px\" title=\"\">\t\t\t<\/figure>\n\t\t\n\t\t<div class=\"ha-member-body\">\n\t\t\t<h2 class=\"ha-member-name\">Lori Onizuka<\/h2>\n\t\t\t\t\t\t\t<div class=\"ha-member-position\">VP Finanzas y Contabilidad<\/div>\n\t\t\t\n\t\t\t\t\t\t\t<div class=\"ha-member-bio\">\n\t\t\t\t\t<p>Con m\u00e1s de 25 a\u00f1os de experiencia en puestos de contabilidad, contralor\u00eda y finanzas, Lori Onizuka aporta una gran riqueza de conocimientos a su cargo de Vicepresidenta de Finanzas y Contabilidad de Rheia. Como Vicepresidenta de Finanzas, Lori supervisa el crecimiento financiero de Rheia a corto y largo plazo, al tiempo que supervisa todas las operaciones contables y desarrolla las mejores pr\u00e1cticas para aumentar la eficiencia de nuestro equipo y nuestros procesos. Lori posee un m\u00e1ster en Administraci\u00f3n de Empresas por la Keller Graduate School of Management de la Universidad Devry, as\u00ed como una licenciatura en Contabilidad.\n<\/p>\n\t\t\t\t<\/div>\n\t\t\t\n\t\t\t\n\t\t\t\n\t\t\t\t\t<\/div>\n\t\t\t\t\t\t<\/div>\n\t\t\t\t<\/div>\n\t\t\t\t\t<\/div>\n\t\t<\/div>\n\t\t\t\t<div class=\"elementor-column elementor-col-33 elementor-top-column elementor-element elementor-element-666a6de\" data-id=\"666a6de\" data-element_type=\"column\" data-e-type=\"column\">\n\t\t\t<div class=\"elementor-widget-wrap elementor-element-populated\">\n\t\t\t\t\t\t<div class=\"elementor-element elementor-element-9d1a62e elementor-widget elementor-widget-ha-member happy-addon ha-member\" data-id=\"9d1a62e\" data-element_type=\"widget\" data-e-type=\"widget\" data-widget_type=\"ha-member.default\">\n\t\t\t\t<div class=\"elementor-widget-container\">\n\t\t\t\t\t\n\t\t\t\t\t<figure class=\"ha-member-figure\">\n\t\t\t\t<img decoding=\"async\" width=\"600\" height=\"755\" src=\"https:\/\/rheiacomfort.com\/wp-content\/uploads\/2022\/06\/Nigel-Watts.jpg\" class=\"elementor-animation-disable-animation attachment-large size-large wp-image-1634\" alt=\"\" srcset=\"https:\/\/rheiacomfort.com\/wp-content\/uploads\/2022\/06\/Nigel-Watts.jpg 600w, https:\/\/rheiacomfort.com\/wp-content\/uploads\/2022\/06\/Nigel-Watts-238x300.jpg 238w\" sizes=\"(max-width: 600px) 100vw, 600px\" title=\"\">\t\t\t<\/figure>\n\t\t\n\t\t<div class=\"ha-member-body\">\n\t\t\t<h2 class=\"ha-member-name\">Nigel Watts<\/h2>\n\t\t\t\t\t\t\t<div class=\"ha-member-position\">VP Producto<br><\/div>\n\t\t\t\n\t\t\t\t\t\t\t<div class=\"ha-member-bio\">\n\t\t\t\t\t<p>Nigel cuenta con 35 a\u00f1os de experiencia en el desarrollo de productos, comenzando su carrera en GE Plastics antes de pasar a IBACOS en 1998, desarrollando una serie de productos de formaci\u00f3n en l\u00ednea, mejores pr\u00e1cticas y garant\u00eda de calidad para los empleados de primera l\u00ednea de los grandes constructores de viviendas nacionales. A Nigel le apasiona la innovaci\u00f3n y el desarrollo de soluciones para aportar innovaci\u00f3n y cambios positivos al sector de la construcci\u00f3n de viviendas. \n<\/p>\n\t\t\t\t<\/div>\n\t\t\t\n\t\t\t\n\t\t\t\n\t\t\t\t\t<\/div>\n\t\t\t\t\t\t<\/div>\n\t\t\t\t<\/div>\n\t\t\t\t\t<\/div>\n\t\t<\/div>\n\t\t\t\t\t<\/div>\n\t\t<\/section>\n\t\t\t\t<section class=\"elementor-section elementor-top-section elementor-element elementor-element-133179a elementor-section-boxed elementor-section-height-default elementor-section-height-default\" data-id=\"133179a\" data-element_type=\"section\" data-e-type=\"section\" data-settings=\"{&quot;_ha_eqh_enable&quot;:&quot;yes&quot;,&quot;_ha_eqh_widget&quot;:[&quot;ha-member&quot;],&quot;_ha_eqh_to&quot;:&quot;widget&quot;,&quot;_ha_eqh_disable_on_tablet&quot;:&quot;no&quot;,&quot;_ha_eqh_disable_on_mobile&quot;:&quot;yes&quot;}\">\n\t\t\t\t\t\t<div class=\"elementor-container elementor-column-gap-default\">\n\t\t\t\t\t<div class=\"elementor-column elementor-col-33 elementor-top-column elementor-element elementor-element-f4b80a9\" data-id=\"f4b80a9\" data-element_type=\"column\" data-e-type=\"column\">\n\t\t\t<div class=\"elementor-widget-wrap elementor-element-populated\">\n\t\t\t\t\t\t<div class=\"elementor-element elementor-element-a616988 elementor-widget elementor-widget-ha-member happy-addon ha-member\" data-id=\"a616988\" data-element_type=\"widget\" data-e-type=\"widget\" data-widget_type=\"ha-member.default\">\n\t\t\t\t<div class=\"elementor-widget-container\">\n\t\t\t\t\t\n\t\t\t\t\t<figure class=\"ha-member-figure\">\n\t\t\t\t<img loading=\"lazy\" decoding=\"async\" width=\"375\" height=\"471\" src=\"https:\/\/rheiacomfort.com\/wp-content\/uploads\/2022\/06\/josh_rowe.jpg\" class=\"elementor-animation-disable-animation attachment-large size-large wp-image-1891\" alt=\"\" srcset=\"https:\/\/rheiacomfort.com\/wp-content\/uploads\/2022\/06\/josh_rowe.jpg 375w, https:\/\/rheiacomfort.com\/wp-content\/uploads\/2022\/06\/josh_rowe-239x300.jpg 239w\" sizes=\"(max-width: 375px) 100vw, 375px\" title=\"\">\t\t\t<\/figure>\n\t\t\n\t\t<div class=\"ha-member-body\">\n\t\t\t<h2 class=\"ha-member-name\">Josh Rowe<\/h2>\n\t\t\t\t\t\t\t<div class=\"ha-member-position\">Vicepresidente de Operaciones de Campo, Medio Oeste y Atl\u00e1ntico Medio<\/div>\n\t\t\t\n\t\t\t\t\t\t\t<div class=\"ha-member-bio\">\n\t\t\t\t\t<p>Josh trabaj\u00f3 28 a\u00f1os en el sector de la construcci\u00f3n mec\u00e1nica y comenz\u00f3 su carrera en el negocio familiar. Instal\u00f3, atendi\u00f3 y dirigi\u00f3 operaciones de los segmentos de negocio residencial, comercial e industrial. Le apasionan los oficios de la construcci\u00f3n y el apasionante futuro del sector. Josh cree que se trata de hacer lo correcto, incluso cuando la gente no mira. En Rheia, nuestro equipo se dedica a hacer lo correcto y est\u00e1 encantado de ofrecer nuestras innovadoras soluciones de productos a los clientes del sector de la construcci\u00f3n de viviendas.\n<\/p>\n\t\t\t\t<\/div>\n\t\t\t\n\t\t\t\n\t\t\t\n\t\t\t\t\t<\/div>\n\t\t\t\t\t\t<\/div>\n\t\t\t\t<\/div>\n\t\t\t\t\t<\/div>\n\t\t<\/div>\n\t\t\t\t<div class=\"elementor-column elementor-col-33 elementor-top-column elementor-element elementor-element-2e10c4f\" data-id=\"2e10c4f\" data-element_type=\"column\" data-e-type=\"column\">\n\t\t\t<div class=\"elementor-widget-wrap elementor-element-populated\">\n\t\t\t\t\t\t<div class=\"elementor-element elementor-element-495fbb8 elementor-widget elementor-widget-ha-member happy-addon ha-member\" data-id=\"495fbb8\" data-element_type=\"widget\" data-e-type=\"widget\" data-widget_type=\"ha-member.default\">\n\t\t\t\t<div class=\"elementor-widget-container\">\n\t\t\t\t\t\n\t\t\t\t\t<figure class=\"ha-member-figure\">\n\t\t\t\t<img loading=\"lazy\" decoding=\"async\" width=\"600\" height=\"755\" src=\"https:\/\/rheiacomfort.com\/wp-content\/uploads\/2022\/06\/Nathan-Good.jpg\" class=\"elementor-animation-disable-animation attachment-large size-large wp-image-1640\" alt=\"Nathan Good\" srcset=\"https:\/\/rheiacomfort.com\/wp-content\/uploads\/2022\/06\/Nathan-Good.jpg 600w, https:\/\/rheiacomfort.com\/wp-content\/uploads\/2022\/06\/Nathan-Good-238x300.jpg 238w\" sizes=\"(max-width: 600px) 100vw, 600px\" title=\"\">\t\t\t<\/figure>\n\t\t\n\t\t<div class=\"ha-member-body\">\n\t\t\t<h2 class=\"ha-member-name\">Nathan Bueno<\/h2>\n\t\t\t\t\t\t\t<div class=\"ha-member-position\">VP Ingenier\u00eda y Dise\u00f1o<\/div>\n\t\t\t\n\t\t\t\t\t\t\t<div class=\"ha-member-bio\">\n\t\t\t\t\t<p>Nathan es natural de Arizona y tiene experiencia en ingenier\u00eda de calefacci\u00f3n, ventilaci\u00f3n y aire acondicionado residencial, comercial e industrial. Ha trabajado con constructores de viviendas, arquitectos y otros gremios a lo largo de su carrera para crear las mejores soluciones de climatizaci\u00f3n para una amplia variedad de aplicaciones. Se compromete a ayudar a Rheia a mejorar continuamente sus productos para ofrecer una mejor experiencia de climatizaci\u00f3n a la construcci\u00f3n residencial.  \n<\/p>\n\t\t\t\t<\/div>\n\t\t\t\n\t\t\t\n\t\t\t\n\t\t\t\t\t<\/div>\n\t\t\t\t\t\t<\/div>\n\t\t\t\t<\/div>\n\t\t\t\t\t<\/div>\n\t\t<\/div>\n\t\t\t\t<div class=\"elementor-column elementor-col-33 elementor-top-column elementor-element elementor-element-4ff5145\" data-id=\"4ff5145\" data-element_type=\"column\" data-e-type=\"column\">\n\t\t\t<div class=\"elementor-widget-wrap\">\n\t\t\t\t\t\t\t<\/div>\n\t\t<\/div>\n\t\t\t\t\t<\/div>\n\t\t<\/section>\n\t\t\t\t<\/div>\n\t\t","protected":false},"excerpt":{"rendered":"<p>Conoce al equipo de Rheia El equipo de Rheia est\u00e1 dirigido por profesionales con a\u00f1os de experiencia en los sectores de la climatizaci\u00f3n, la fabricaci\u00f3n y la construcci\u00f3n de viviendas. Alain Laing CEO Alan es Consejero Delegado y se encarga de desarrollar y ejecutar el plan estrat\u00e9gico de Rheia. La experiencia \u00fanica de Alan dirigiendo [&hellip;]<\/p>\n","protected":false},"author":4,"featured_media":0,"parent":0,"menu_order":0,"comment_status":"closed","ping_status":"closed","template":"","meta":{"inline_featured_image":false,"site-sidebar-layout":"no-sidebar","site-content-layout":"page-builder","ast-site-content-layout":"full-width-container","site-content-style":"unboxed","site-sidebar-style":"unboxed","ast-global-header-display":"","ast-banner-title-visibility":"","ast-main-header-display":"","ast-hfb-above-header-display":"","ast-hfb-below-header-display":"","ast-hfb-mobile-header-display":"","site-post-title":"disabled","ast-breadcrumbs-content":"","ast-featured-img":"disabled","footer-sml-layout":"","theme-transparent-header-meta":"default","adv-header-id-meta":"","stick-header-meta":"","header-above-stick-meta":"","header-main-stick-meta":"","header-below-stick-meta":"","astra-migrate-meta-layouts":"default","ast-page-background-enabled":"default","ast-page-background-meta":{"desktop":{"background-color":"var(--ast-global-color-4)","background-image":"","background-repeat":"repeat","background-position":"center center","background-size":"auto","background-attachment":"scroll","background-type":"","background-media":"","overlay-type":"","overlay-color":"","overlay-opacity":"","overlay-gradient":""},"tablet":{"background-color":"","background-image":"","background-repeat":"repeat","background-position":"center center","background-size":"auto","background-attachment":"scroll","background-type":"","background-media":"","overlay-type":"","overlay-color":"","overlay-opacity":"","overlay-gradient":""},"mobile":{"background-color":"","background-image":"","background-repeat":"repeat","background-position":"center center","background-size":"auto","background-attachment":"scroll","background-type":"","background-media":"","overlay-type":"","overlay-color":"","overlay-opacity":"","overlay-gradient":""}},"ast-content-background-meta":{"desktop":{"background-color":"var(--ast-global-color-5)","background-image":"","background-repeat":"repeat","background-position":"center center","background-size":"auto","background-attachment":"scroll","background-type":"","background-media":"","overlay-type":"","overlay-color":"","overlay-opacity":"","overlay-gradient":""},"tablet":{"background-color":"var(--ast-global-color-5)","background-image":"","background-repeat":"repeat","background-position":"center center","background-size":"auto","background-attachment":"scroll","background-type":"","background-media":"","overlay-type":"","overlay-color":"","overlay-opacity":"","overlay-gradient":""},"mobile":{"background-color":"var(--ast-global-color-5)","background-image":"","background-repeat":"repeat","background-position":"center center","background-size":"auto","background-attachment":"scroll","background-type":"","background-media":"","overlay-type":"","overlay-color":"","overlay-opacity":"","overlay-gradient":""}},"footnotes":""},"class_list":["post-12655","page","type-page","status-publish","hentry"],"jetpack_sharing_enabled":true,"_links":{"self":[{"href":"https:\/\/rheiacomfort.com\/es\/wp-json\/wp\/v2\/pages\/12655","targetHints":{"allow":["GET"]}}],"collection":[{"href":"https:\/\/rheiacomfort.com\/es\/wp-json\/wp\/v2\/pages"}],"about":[{"href":"https:\/\/rheiacomfort.com\/es\/wp-json\/wp\/v2\/types\/page"}],"author":[{"embeddable":true,"href":"https:\/\/rheiacomfort.com\/es\/wp-json\/wp\/v2\/users\/4"}],"replies":[{"embeddable":true,"href":"https:\/\/rheiacomfort.com\/es\/wp-json\/wp\/v2\/comments?post=12655"}],"version-history":[{"count":7,"href":"https:\/\/rheiacomfort.com\/es\/wp-json\/wp\/v2\/pages\/12655\/revisions"}],"predecessor-version":[{"id":16592,"href":"https:\/\/rheiacomfort.com\/es\/wp-json\/wp\/v2\/pages\/12655\/revisions\/16592"}],"wp:attachment":[{"href":"https:\/\/rheiacomfort.com\/es\/wp-json\/wp\/v2\/media?parent=12655"}],"curies":[{"name":"wp","href":"https:\/\/api.w.org\/{rel}","templated":true}]}}