{"id":17192,"date":"2026-01-22T13:26:39","date_gmt":"2026-01-22T20:26:39","guid":{"rendered":"https:\/\/rheiacomfort.com\/rheia-como\/"},"modified":"2026-04-24T12:23:35","modified_gmt":"2026-04-24T19:23:35","slug":"rheia-como","status":"publish","type":"page","link":"https:\/\/rheiacomfort.com\/es\/rheia-como\/","title":{"rendered":"Rheia C\u00f3mo"},"content":{"rendered":"<h4>INSTALACI\u00d3N DEL MALETERO LATERAL ALTO<\/h4>\n<h3 style=\"text-align: center;\"><b>1. Revisar los Planes<\/b><\/h3>\n<figure>\n\t\t\t\t\t\t\t\t\t\t<img fetchpriority=\"high\" decoding=\"async\" width=\"360\" height=\"288\" src=\"https:\/\/rheiacomfort.com\/wp-content\/uploads\/2025\/03\/Manifold-in-framing.png\" alt=\"\" srcset=\"https:\/\/rheiacomfort.com\/wp-content\/uploads\/2025\/03\/Manifold-in-framing.png 360w, https:\/\/rheiacomfort.com\/wp-content\/uploads\/2025\/03\/Manifold-in-framing-300x240.png 300w\" sizes=\"(max-width: 360px) 100vw, 360px\" title=\"\"><figcaption><\/figcaption><\/figure>\n<p style=\"text-align: center;\"><strong>Para fijar la bota directamente al armaz\u00f3n:<\/strong><\/p>\n<ol>\n<li>Confirma que la distancia desde la placa superior de la pared hasta la bota se ajusta a los planos de construcci\u00f3n, y marca la distancia desde la parte superior de la placa superior hasta la parte superior de la pesta\u00f1a de montaje de la barra de suspensi\u00f3n.<\/li>\n<li>Confirma la posici\u00f3n del centro del maletero horizontalmente, y aseg\u00farate de que el maletero est\u00e1 nivelado y sobre las marcas de medici\u00f3n.<\/li>\n<li>Utiliza dos tornillos de uso general en los orificios de montaje previstos para fijar el maletero al armaz\u00f3n.<\/li>\n<li>Tras la instalaci\u00f3n en tabiquer\u00eda seca, aplica un cord\u00f3n de masilla en el hueco entre la bota y el recorte de tabiquer\u00eda seca.<\/li>\n<\/ol>\n","protected":false},"excerpt":{"rendered":"<p>INSTALACI\u00d3N DEL MALETERO LATERAL ALTO 1. Revisar los Planes Para fijar la bota directamente al armaz\u00f3n: Confirma que la distancia desde la placa superior de la pared hasta la bota se ajusta a los planos de construcci\u00f3n, y marca la distancia desde la parte superior de la placa superior hasta la parte superior de la [&hellip;]<\/p>\n","protected":false},"author":4,"featured_media":0,"parent":0,"menu_order":0,"comment_status":"closed","ping_status":"closed","template":"","meta":{"inline_featured_image":false,"site-sidebar-layout":"no-sidebar","site-content-layout":"page-builder","ast-site-content-layout":"full-width-container","site-content-style":"unboxed","site-sidebar-style":"unboxed","ast-global-header-display":"","ast-banner-title-visibility":"","ast-main-header-display":"","ast-hfb-above-header-display":"","ast-hfb-below-header-display":"","ast-hfb-mobile-header-display":"","site-post-title":"disabled","ast-breadcrumbs-content":"","ast-featured-img":"disabled","footer-sml-layout":"","ast-disable-related-posts":"","theme-transparent-header-meta":"default","adv-header-id-meta":"","stick-header-meta":"","header-above-stick-meta":"","header-main-stick-meta":"","header-below-stick-meta":"","astra-migrate-meta-layouts":"default","ast-page-background-enabled":"default","ast-page-background-meta":{"desktop":{"background-color":"var(--ast-global-color-4)","background-image":"","background-repeat":"repeat","background-position":"center center","background-size":"auto","background-attachment":"scroll","background-type":"","background-media":"","overlay-type":"","overlay-color":"","overlay-opacity":"","overlay-gradient":""},"tablet":{"background-color":"","background-image":"","background-repeat":"repeat","background-position":"center center","background-size":"auto","background-attachment":"scroll","background-type":"","background-media":"","overlay-type":"","overlay-color":"","overlay-opacity":"","overlay-gradient":""},"mobile":{"background-color":"","background-image":"","background-repeat":"repeat","background-position":"center center","background-size":"auto","background-attachment":"scroll","background-type":"","background-media":"","overlay-type":"","overlay-color":"","overlay-opacity":"","overlay-gradient":""}},"ast-content-background-meta":{"desktop":{"background-color":"var(--ast-global-color-5)","background-image":"","background-repeat":"repeat","background-position":"center center","background-size":"auto","background-attachment":"scroll","background-type":"","background-media":"","overlay-type":"","overlay-color":"","overlay-opacity":"","overlay-gradient":""},"tablet":{"background-color":"var(--ast-global-color-5)","background-image":"","background-repeat":"repeat","background-position":"center center","background-size":"auto","background-attachment":"scroll","background-type":"","background-media":"","overlay-type":"","overlay-color":"","overlay-opacity":"","overlay-gradient":""},"mobile":{"background-color":"var(--ast-global-color-5)","background-image":"","background-repeat":"repeat","background-position":"center center","background-size":"auto","background-attachment":"scroll","background-type":"","background-media":"","overlay-type":"","overlay-color":"","overlay-opacity":"","overlay-gradient":""}},"footnotes":""},"class_list":["post-17192","page","type-page","status-publish","hentry"],"jetpack_sharing_enabled":true,"_links":{"self":[{"href":"https:\/\/rheiacomfort.com\/es\/wp-json\/wp\/v2\/pages\/17192","targetHints":{"allow":["GET"]}}],"collection":[{"href":"https:\/\/rheiacomfort.com\/es\/wp-json\/wp\/v2\/pages"}],"about":[{"href":"https:\/\/rheiacomfort.com\/es\/wp-json\/wp\/v2\/types\/page"}],"author":[{"embeddable":true,"href":"https:\/\/rheiacomfort.com\/es\/wp-json\/wp\/v2\/users\/4"}],"replies":[{"embeddable":true,"href":"https:\/\/rheiacomfort.com\/es\/wp-json\/wp\/v2\/comments?post=17192"}],"version-history":[{"count":2,"href":"https:\/\/rheiacomfort.com\/es\/wp-json\/wp\/v2\/pages\/17192\/revisions"}],"predecessor-version":[{"id":17779,"href":"https:\/\/rheiacomfort.com\/es\/wp-json\/wp\/v2\/pages\/17192\/revisions\/17779"}],"wp:attachment":[{"href":"https:\/\/rheiacomfort.com\/es\/wp-json\/wp\/v2\/media?parent=17192"}],"curies":[{"name":"wp","href":"https:\/\/api.w.org\/{rel}","templated":true}]}}