{"id":7043,"date":"2022-06-22T14:03:40","date_gmt":"2022-06-22T21:03:40","guid":{"rendered":"https:\/\/rheiacomfort.com\/rheia-para-disenadores\/"},"modified":"2025-09-13T14:18:20","modified_gmt":"2025-09-13T21:18:20","slug":"rheia-para-disenadores","status":"publish","type":"page","link":"https:\/\/rheiacomfort.com\/es\/rheia-para-disenadores\/","title":{"rendered":"Rheia para dise\u00f1adores"},"content":{"rendered":"\t\t<div data-elementor-type=\"wp-page\" data-elementor-id=\"7043\" class=\"elementor elementor-7043 elementor-1005\" data-elementor-settings=\"{&quot;ha_cmc_init_switcher&quot;:&quot;no&quot;}\" data-elementor-post-type=\"page\">\n\t\t\t\t\t\t<section class=\"elementor-section elementor-top-section elementor-element elementor-element-106768a elementor-section-boxed elementor-section-height-default elementor-section-height-default\" data-id=\"106768a\" data-element_type=\"section\" id=\"hero-wws\" data-settings=\"{&quot;background_background&quot;:&quot;classic&quot;,&quot;_ha_eqh_enable&quot;:false}\">\n\t\t\t\t\t\t<div class=\"elementor-container elementor-column-gap-no\">\n\t\t\t\t\t<div class=\"elementor-column elementor-col-50 elementor-top-column elementor-element elementor-element-3e2fe60 text-side-left123\" data-id=\"3e2fe60\" data-element_type=\"column\">\n\t\t\t<div class=\"elementor-widget-wrap elementor-element-populated\">\n\t\t\t\t\t\t<div class=\"elementor-element elementor-element-8eeae27 elementor-position-left title-for elementor-vertical-align-top elementor-widget elementor-widget-image-box\" data-id=\"8eeae27\" data-element_type=\"widget\" data-widget_type=\"image-box.default\">\n\t\t\t\t<div class=\"elementor-widget-container\">\n\t\t\t\t\t<div class=\"elementor-image-box-wrapper\"><figure class=\"elementor-image-box-img\"><img decoding=\"async\" width=\"170\" height=\"170\" src=\"https:\/\/rheiacomfort.com\/wp-content\/uploads\/2022\/06\/code-officials.png\" class=\"attachment-full size-full wp-image-361\" alt=\"Code Officials search icon\" title=\"\" srcset=\"https:\/\/rheiacomfort.com\/wp-content\/uploads\/2022\/06\/code-officials.png 170w, https:\/\/rheiacomfort.com\/wp-content\/uploads\/2022\/06\/code-officials-150x150.png 150w\" sizes=\"(max-width: 170px) 100vw, 170px\" \/><\/figure><div class=\"elementor-image-box-content\"><h5 class=\"elementor-image-box-title\">Rheia para dise\u00f1adores<\/h5><p class=\"elementor-image-box-description\"><h2>Dise\u00f1ar con facilidad<\/h2>\n<p class=\"text24\">Los nuevos requisitos de eficiencia energ\u00e9tica hacen que la colocaci\u00f3n de conductos de calefacci\u00f3n, ventilaci\u00f3n y aire acondicionado dentro de la envolvente t\u00e9rmica del edificio sea una forma rentable de cumplir los requisitos y obtener incentivos federales y estatales. Ubicar los conductos en el espacio acondicionado es casi imposible con los sistemas tradicionales.  Rheia es diferente. Nuestros conductos de peque\u00f1o di\u00e1metro, el colector central y la disposici\u00f3n patentada \"home run\" facilitan el dise\u00f1o de los sistemas de climatizaci\u00f3n.\n\n<a class=\"btn mtop\" href=\"https:\/\/rheiacomfort.com\/es\/proceso-de-diseno-de-rheia\/\"><i class=\"fas fa-angle-right\" aria-hidden=\"true\"><\/i>  Revise nuestro proceso de dise\u00f1o  <\/a>\n\n<\/p><\/div><\/div>\t\t\t\t<\/div>\n\t\t\t\t<\/div>\n\t\t\t\t<div class=\"elementor-element elementor-element-e26dacf elementor-widget elementor-widget-spacer\" data-id=\"e26dacf\" data-element_type=\"widget\" data-widget_type=\"spacer.default\">\n\t\t\t\t<div class=\"elementor-widget-container\">\n\t\t\t\t\t\t\t<div class=\"elementor-spacer\">\n\t\t\t<div class=\"elementor-spacer-inner\"><\/div>\n\t\t<\/div>\n\t\t\t\t\t\t<\/div>\n\t\t\t\t<\/div>\n\t\t\t\t<section class=\"elementor-section elementor-inner-section elementor-element elementor-element-7277016 elementor-section-boxed elementor-section-height-default elementor-section-height-default\" data-id=\"7277016\" data-element_type=\"section\" data-settings=\"{&quot;_ha_eqh_enable&quot;:false}\">\n\t\t\t\t\t\t<div class=\"elementor-container elementor-column-gap-default\">\n\t\t\t\t\t<div class=\"elementor-column elementor-col-100 elementor-inner-column elementor-element elementor-element-765318e\" data-id=\"765318e\" data-element_type=\"column\">\n\t\t\t<div class=\"elementor-widget-wrap elementor-element-populated\">\n\t\t\t\t\t\t<div class=\"elementor-element elementor-element-5fc58ed elementor-widget elementor-widget-text-editor\" data-id=\"5fc58ed\" data-element_type=\"widget\" data-widget_type=\"text-editor.default\">\n\t\t\t\t<div class=\"elementor-widget-container\">\n\t\t\t\t\t\t\t\t\t<p class=\"text24\">\u00bfEres dise\u00f1ador de HVAC y quieres mejorar tus habilidades con el dise\u00f1o Rheia? \u00a1Nos encantar\u00eda ayudarte! Ponte en contacto con nosotros para saber m\u00e1s sobre nuestras oportunidades de formaci\u00f3n.    <a class=\"ms-outlook-linkify\" href=\"mailto:designtraining@rheiacomfort.com\">designtraining@rheiacomfort.com<\/a><\/p>\t\t\t\t\t\t\t\t<\/div>\n\t\t\t\t<\/div>\n\t\t\t\t\t<\/div>\n\t\t<\/div>\n\t\t\t\t\t<\/div>\n\t\t<\/section>\n\t\t\t\t\t<\/div>\n\t\t<\/div>\n\t\t\t\t<div class=\"elementor-column elementor-col-50 elementor-top-column elementor-element elementor-element-d61abe5\" data-id=\"d61abe5\" data-element_type=\"column\">\n\t\t\t<div class=\"elementor-widget-wrap elementor-element-populated\">\n\t\t\t\t\t\t<section class=\"elementor-section elementor-inner-section elementor-element elementor-element-502c75b elementor-section-boxed elementor-section-height-default elementor-section-height-default\" data-id=\"502c75b\" data-element_type=\"section\" data-settings=\"{&quot;_ha_eqh_enable&quot;:false}\">\n\t\t\t\t\t\t<div class=\"elementor-container elementor-column-gap-default\">\n\t\t\t\t\t<div class=\"elementor-column elementor-col-100 elementor-inner-column elementor-element elementor-element-f57141e\" data-id=\"f57141e\" data-element_type=\"column\">\n\t\t\t<div class=\"elementor-widget-wrap elementor-element-populated\">\n\t\t\t\t\t\t<div class=\"elementor-element elementor-element-f537045 elementor-widget elementor-widget-image\" data-id=\"f537045\" data-element_type=\"widget\" data-widget_type=\"image.default\">\n\t\t\t\t<div class=\"elementor-widget-container\">\n\t\t\t\t\t\t\t\t\t\t\t\t\t\t\t<img fetchpriority=\"high\" decoding=\"async\" width=\"800\" height=\"629\" src=\"https:\/\/rheiacomfort.com\/wp-content\/uploads\/2022\/06\/assure_ipad_blueprints.jpg\" class=\"attachment-large size-large wp-image-6644\" alt=\"\" srcset=\"https:\/\/rheiacomfort.com\/wp-content\/uploads\/2022\/06\/assure_ipad_blueprints.jpg 800w, https:\/\/rheiacomfort.com\/wp-content\/uploads\/2022\/06\/assure_ipad_blueprints-300x236.jpg 300w, https:\/\/rheiacomfort.com\/wp-content\/uploads\/2022\/06\/assure_ipad_blueprints-768x604.jpg 768w\" sizes=\"(max-width: 800px) 100vw, 800px\" title=\"\">\t\t\t\t\t\t\t\t\t\t\t\t\t\t\t<\/div>\n\t\t\t\t<\/div>\n\t\t\t\t\t<\/div>\n\t\t<\/div>\n\t\t\t\t\t<\/div>\n\t\t<\/section>\n\t\t\t\t\t<\/div>\n\t\t<\/div>\n\t\t\t\t\t<\/div>\n\t\t<\/section>\n\t\t\t\t<section class=\"elementor-section elementor-top-section elementor-element elementor-element-865902c elementor-section-boxed elementor-section-height-default elementor-section-height-default\" data-id=\"865902c\" data-element_type=\"section\" data-settings=\"{&quot;background_background&quot;:&quot;classic&quot;,&quot;_ha_eqh_enable&quot;:false}\">\n\t\t\t\t\t\t<div class=\"elementor-container elementor-column-gap-custom\">\n\t\t\t\t\t<div class=\"elementor-column elementor-col-50 elementor-top-column elementor-element elementor-element-e622599\" data-id=\"e622599\" data-element_type=\"column\">\n\t\t\t<div class=\"elementor-widget-wrap elementor-element-populated\">\n\t\t\t\t\t\t<div class=\"elementor-element elementor-element-f2633e5 photos-room elementor-widget elementor-widget-image\" data-id=\"f2633e5\" data-element_type=\"widget\" data-widget_type=\"image.default\">\n\t\t\t\t<div class=\"elementor-widget-container\">\n\t\t\t\t\t\t\t\t\t\t\t\t\t\t\t<img decoding=\"async\" width=\"1000\" height=\"637\" src=\"https:\/\/rheiacomfort.com\/wp-content\/uploads\/2022\/06\/IMG_4970.jpg\" class=\"attachment-full size-full wp-image-6645\" alt=\"Finished room with wall and ceiling diffusers\" srcset=\"https:\/\/rheiacomfort.com\/wp-content\/uploads\/2022\/06\/IMG_4970.jpg 1000w, https:\/\/rheiacomfort.com\/wp-content\/uploads\/2022\/06\/IMG_4970-300x191.jpg 300w, https:\/\/rheiacomfort.com\/wp-content\/uploads\/2022\/06\/IMG_4970-768x489.jpg 768w\" sizes=\"(max-width: 1000px) 100vw, 1000px\" title=\"\">\t\t\t\t\t\t\t\t\t\t\t\t\t\t\t<\/div>\n\t\t\t\t<\/div>\n\t\t\t\t\t<\/div>\n\t\t<\/div>\n\t\t\t\t<div class=\"elementor-column elementor-col-50 elementor-top-column elementor-element elementor-element-5224675\" data-id=\"5224675\" data-element_type=\"column\">\n\t\t\t<div class=\"elementor-widget-wrap elementor-element-populated\">\n\t\t\t\t\t\t<div class=\"elementor-element elementor-element-405d7f2 elementor-widget elementor-widget-heading\" data-id=\"405d7f2\" data-element_type=\"widget\" data-widget_type=\"heading.default\">\n\t\t\t\t<div class=\"elementor-widget-container\">\n\t\t\t\t\t<h3 class=\"elementor-heading-title elementor-size-default\">Ventajas para los dise\u00f1adores<\/h3>\t\t\t\t<\/div>\n\t\t\t\t<\/div>\n\t\t\t\t<div class=\"elementor-element elementor-element-3d4d5b1 elementor-widget elementor-widget-text-editor\" data-id=\"3d4d5b1\" data-element_type=\"widget\" data-widget_type=\"text-editor.default\">\n\t\t\t\t<div class=\"elementor-widget-container\">\n\t\t\t\t\t\t\t\t\t<ul class=\"list-il-white\">\n<li>Utiliza un plugin espec\u00edfico de Rheia en la plataforma Wrightsoft Universal<\/li>\n<li>El sistema &#8220;Home run&#8221; agiliza el proceso de dise\u00f1o<\/li>\n<li>Cumple de forma rentable los requisitos del c\u00f3digo que exigen que los conductos de calefacci\u00f3n, ventilaci\u00f3n y aire acondicionado est\u00e9n situados en el espacio acondicionado.<\/li>\n<li>El sistema de conductos de peque\u00f1o di\u00e1metro reduce la necesidad de plafones, mamparas, canales y otros elementos arquitect\u00f3nicos costosos.  <\/li>\n<li>Los microdifusores crean un aspecto limpio y una casa m\u00e1s equilibrada<\/li>\n<\/ul>\t\t\t\t\t\t\t\t<\/div>\n\t\t\t\t<\/div>\n\t\t\t\t\t<\/div>\n\t\t<\/div>\n\t\t\t\t\t<\/div>\n\t\t<\/section>\n\t\t\t\t<section class=\"elementor-section elementor-top-section elementor-element elementor-element-2eeaf69 bottom-btns elementor-section-boxed elementor-section-height-default elementor-section-height-default\" data-id=\"2eeaf69\" data-element_type=\"section\" data-settings=\"{&quot;_ha_eqh_enable&quot;:false}\">\n\t\t\t\t\t\t<div class=\"elementor-container elementor-column-gap-default\">\n\t\t\t\t\t<div class=\"elementor-column elementor-col-100 elementor-top-column elementor-element elementor-element-71cc502\" data-id=\"71cc502\" data-element_type=\"column\">\n\t\t\t<div class=\"elementor-widget-wrap elementor-element-populated\">\n\t\t\t\t\t\t<div class=\"elementor-element elementor-element-d37978c elementor-widget elementor-widget-html\" data-id=\"d37978c\" data-element_type=\"widget\" data-widget_type=\"html.default\">\n\t\t\t\t<div class=\"elementor-widget-container\">\n\t\t\t\t\t<p style=\"text-align:center;\"><a class=\"btn\" href=\"https:\/\/rheiacomfort.com\/es\/buscar-un-disenador-profesional-de-rheia\/\"><i aria-hidden=\"true\" class=\"fas fa-angle-right\"><\/i>  Encontrar un dise\u00f1ador Rheia<\/a><\/p>\t\t\t\t<\/div>\n\t\t\t\t<\/div>\n\t\t\t\t\t<\/div>\n\t\t<\/div>\n\t\t\t\t\t<\/div>\n\t\t<\/section>\n\t\t\t\t<\/div>\n\t\t","protected":false},"excerpt":{"rendered":"<p>Rheia para dise\u00f1adores Dise\u00f1ar con facilidad Los nuevos requisitos de eficiencia energ\u00e9tica hacen que la colocaci\u00f3n de conductos de calefacci\u00f3n, ventilaci\u00f3n y aire acondicionado dentro de la envolvente t\u00e9rmica del edificio sea una forma rentable de cumplir los requisitos y obtener incentivos federales y estatales. Ubicar los conductos en el espacio acondicionado es casi imposible [&hellip;]<\/p>\n","protected":false},"author":4,"featured_media":0,"parent":0,"menu_order":0,"comment_status":"closed","ping_status":"closed","template":"","meta":{"inline_featured_image":false,"site-sidebar-layout":"no-sidebar","site-content-layout":"page-builder","ast-site-content-layout":"default","site-content-style":"default","site-sidebar-style":"default","ast-global-header-display":"","ast-banner-title-visibility":"","ast-main-header-display":"","ast-hfb-above-header-display":"","ast-hfb-below-header-display":"","ast-hfb-mobile-header-display":"","site-post-title":"disabled","ast-breadcrumbs-content":"","ast-featured-img":"disabled","footer-sml-layout":"","theme-transparent-header-meta":"default","adv-header-id-meta":"","stick-header-meta":"","header-above-stick-meta":"","header-main-stick-meta":"","header-below-stick-meta":"","astra-migrate-meta-layouts":"default","ast-page-background-enabled":"default","ast-page-background-meta":{"desktop":{"background-color":"var(--ast-global-color-4)","background-image":"","background-repeat":"repeat","background-position":"center center","background-size":"auto","background-attachment":"scroll","background-type":"","background-media":"","overlay-type":"","overlay-color":"","overlay-opacity":"","overlay-gradient":""},"tablet":{"background-color":"","background-image":"","background-repeat":"repeat","background-position":"center center","background-size":"auto","background-attachment":"scroll","background-type":"","background-media":"","overlay-type":"","overlay-color":"","overlay-opacity":"","overlay-gradient":""},"mobile":{"background-color":"","background-image":"","background-repeat":"repeat","background-position":"center center","background-size":"auto","background-attachment":"scroll","background-type":"","background-media":"","overlay-type":"","overlay-color":"","overlay-opacity":"","overlay-gradient":""}},"ast-content-background-meta":{"desktop":{"background-color":"var(--ast-global-color-5)","background-image":"","background-repeat":"repeat","background-position":"center center","background-size":"auto","background-attachment":"scroll","background-type":"","background-media":"","overlay-type":"","overlay-color":"","overlay-opacity":"","overlay-gradient":""},"tablet":{"background-color":"var(--ast-global-color-5)","background-image":"","background-repeat":"repeat","background-position":"center center","background-size":"auto","background-attachment":"scroll","background-type":"","background-media":"","overlay-type":"","overlay-color":"","overlay-opacity":"","overlay-gradient":""},"mobile":{"background-color":"var(--ast-global-color-5)","background-image":"","background-repeat":"repeat","background-position":"center center","background-size":"auto","background-attachment":"scroll","background-type":"","background-media":"","overlay-type":"","overlay-color":"","overlay-opacity":"","overlay-gradient":""}},"footnotes":""},"class_list":["post-7043","page","type-page","status-publish","hentry"],"jetpack_sharing_enabled":true,"_links":{"self":[{"href":"https:\/\/rheiacomfort.com\/es\/wp-json\/wp\/v2\/pages\/7043","targetHints":{"allow":["GET"]}}],"collection":[{"href":"https:\/\/rheiacomfort.com\/es\/wp-json\/wp\/v2\/pages"}],"about":[{"href":"https:\/\/rheiacomfort.com\/es\/wp-json\/wp\/v2\/types\/page"}],"author":[{"embeddable":true,"href":"https:\/\/rheiacomfort.com\/es\/wp-json\/wp\/v2\/users\/4"}],"replies":[{"embeddable":true,"href":"https:\/\/rheiacomfort.com\/es\/wp-json\/wp\/v2\/comments?post=7043"}],"version-history":[{"count":6,"href":"https:\/\/rheiacomfort.com\/es\/wp-json\/wp\/v2\/pages\/7043\/revisions"}],"predecessor-version":[{"id":15185,"href":"https:\/\/rheiacomfort.com\/es\/wp-json\/wp\/v2\/pages\/7043\/revisions\/15185"}],"wp:attachment":[{"href":"https:\/\/rheiacomfort.com\/es\/wp-json\/wp\/v2\/media?parent=7043"}],"curies":[{"name":"wp","href":"https:\/\/api.w.org\/{rel}","templated":true}]}}