{"id":7072,"date":"2023-09-15T12:17:50","date_gmt":"2023-09-15T19:17:50","guid":{"rendered":"https:\/\/rheiacomfort.com\/recursos-para-propietarios-2\/"},"modified":"2026-04-28T14:35:43","modified_gmt":"2026-04-28T21:35:43","slug":"recursos-para-propietarios-2","status":"publish","type":"page","link":"https:\/\/rheiacomfort.com\/es\/recursos-para-propietarios-2\/","title":{"rendered":"Recursos para propietarios"},"content":{"rendered":"\t\t<div data-elementor-type=\"wp-page\" data-elementor-id=\"7072\" class=\"elementor elementor-7072 elementor-5921\" data-elementor-settings=\"{&quot;ha_cmc_init_switcher&quot;:&quot;no&quot;}\" data-elementor-post-type=\"page\">\n\t\t\t\t\t\t<section class=\"elementor-section elementor-top-section elementor-element elementor-element-4a0855a elementor-section-boxed elementor-section-height-default elementor-section-height-default\" data-id=\"4a0855a\" data-element_type=\"section\" data-e-type=\"section\" data-settings=\"{&quot;_ha_eqh_enable&quot;:false}\">\n\t\t\t\t\t\t<div class=\"elementor-container elementor-column-gap-default\">\n\t\t\t\t\t<div class=\"elementor-column elementor-col-100 elementor-top-column elementor-element elementor-element-4b17772\" data-id=\"4b17772\" data-element_type=\"column\" data-e-type=\"column\">\n\t\t\t<div class=\"elementor-widget-wrap elementor-element-populated\">\n\t\t\t\t\t\t<div class=\"elementor-element elementor-element-40d7138 elementor-widget elementor-widget-heading\" data-id=\"40d7138\" data-element_type=\"widget\" data-e-type=\"widget\" data-widget_type=\"heading.default\">\n\t\t\t\t<div class=\"elementor-widget-container\">\n\t\t\t\t\t<h1 class=\"elementor-heading-title elementor-size-default\">Recursos para propietarios<\/h1>\t\t\t\t<\/div>\n\t\t\t\t<\/div>\n\t\t\t\t\t<\/div>\n\t\t<\/div>\n\t\t\t\t\t<\/div>\n\t\t<\/section>\n\t\t\t\t<section class=\"elementor-section elementor-top-section elementor-element elementor-element-14e879e elementor-section-boxed elementor-section-height-default elementor-section-height-default\" data-id=\"14e879e\" data-element_type=\"section\" data-e-type=\"section\" data-settings=\"{&quot;_ha_eqh_enable&quot;:false}\">\n\t\t\t\t\t\t<div class=\"elementor-container elementor-column-gap-default\">\n\t\t\t\t\t<div class=\"elementor-column elementor-col-100 elementor-top-column elementor-element elementor-element-3cf3562\" data-id=\"3cf3562\" data-element_type=\"column\" data-e-type=\"column\">\n\t\t\t<div class=\"elementor-widget-wrap elementor-element-populated\">\n\t\t\t\t\t\t<div class=\"elementor-element elementor-element-3b4955d elementor-widget elementor-widget-text-editor\" data-id=\"3b4955d\" data-element_type=\"widget\" data-e-type=\"widget\" data-widget_type=\"text-editor.default\">\n\t\t\t\t<div class=\"elementor-widget-container\">\n\t\t\t\t\t\t\t\t\t<p data-start=\"226\" data-end=\"560\">El innovador sistema de distribuci\u00f3n de aire de Rheia est\u00e1 dise\u00f1ado para mejorar tu confort. Consulta gu\u00edas \u00fatiles, ve v\u00eddeos explicativos y sigue paso a paso consejos para solucionar problemas y mantener tu sistema funcionando al m\u00e1ximo rendimiento. Aprende a reducir la factura de la luz, a mejorar el caudal de aire y a saber cu\u00e1ndo tienes que llamar a tu constructor o contratista para que te ayude.  <\/p><h3 data-start=\"562\" data-end=\"589\"><strong data-start=\"565\" data-end=\"587\">Enlaces recomendados:<\/strong><\/h3><p data-start=\"592\" data-end=\"728\"><a class=\"decorated-link\" href=\"https:\/\/rheiacomfort.com\/es\/reia-para-nuevos-compradores\/\" target=\"_new\" rel=\"noopener\" data-start=\"592\" data-end=\"665\">Informaci\u00f3n para el comprador de vivienda Rheia<\/a> &#8211; Inf\u00f3rmate sobre el sistema Rheia en tu nueva vivienda.<\/p><p data-start=\"592\" data-end=\"728\"><a class=\"decorated-link cursor-pointer\" href=\"https:\/\/rheiacomfort.com\/wp-content\/uploads\/2023\/03\/Cleaning-Rheia-Ducts-for-Homeowners-1.pdf\" rel=\"noopener\" data-start=\"731\" data-end=\"778\">Recomendaciones para la limpieza de<\/a> conductos &#8211; Descubre cu\u00e1ndo y c\u00f3mo mantener tus conductos para un rendimiento a largo plazo.<\/p>\t\t\t\t\t\t\t\t<\/div>\n\t\t\t\t<\/div>\n\t\t\t\t\t<\/div>\n\t\t<\/div>\n\t\t\t\t\t<\/div>\n\t\t<\/section>\n\t\t\t\t<section class=\"elementor-section elementor-top-section elementor-element elementor-element-53ea809 elementor-section-boxed elementor-section-height-default elementor-section-height-default\" data-id=\"53ea809\" data-element_type=\"section\" data-e-type=\"section\" data-settings=\"{&quot;_ha_eqh_enable&quot;:false}\">\n\t\t\t\t\t\t<div class=\"elementor-container elementor-column-gap-default\">\n\t\t\t\t\t<div class=\"elementor-column elementor-col-100 elementor-top-column elementor-element elementor-element-ee35982\" data-id=\"ee35982\" data-element_type=\"column\" data-e-type=\"column\">\n\t\t\t<div class=\"elementor-widget-wrap elementor-element-populated\">\n\t\t\t\t\t\t<div class=\"elementor-element elementor-element-8ba7f94 elementor-widget elementor-widget-shortcode\" data-id=\"8ba7f94\" data-element_type=\"widget\" data-e-type=\"widget\" data-widget_type=\"shortcode.default\">\n\t\t\t\t<div class=\"elementor-widget-container\">\n\t\t\t\t\t\t\t<div class=\"elementor-shortcode\"><div id=\"filebird-document-library\"><div class=\"njt-fbdl\" data-json=\"{&quot;request&quot;:{&quot;pagination&quot;:{&quot;current&quot;:1,&quot;limit&quot;:10},&quot;search&quot;:&quot;&quot;,&quot;orderBy&quot;:&quot;post_title&quot;,&quot;orderType&quot;:&quot;DESC&quot;,&quot;selectedFolder&quot;:[&quot;R7k+jpncT5kLAX7yu4Um0Q==&quot;]},&quot;title&quot;:&quot;Recursos para propietarios&quot;,&quot;column&quot;:&quot;4&quot;,&quot;layout&quot;:&quot;list&quot;}\"><\/div><\/div><\/div>\n\t\t\t\t\t\t<\/div>\n\t\t\t\t<\/div>\n\t\t\t\t\t<\/div>\n\t\t<\/div>\n\t\t\t\t\t<\/div>\n\t\t<\/section>\n\t\t\t\t<\/div>\n\t\t","protected":false},"excerpt":{"rendered":"<p>Recursos para propietarios El innovador sistema de distribuci\u00f3n de aire de Rheia est\u00e1 dise\u00f1ado para mejorar tu confort. Consulta gu\u00edas \u00fatiles, ve v\u00eddeos explicativos y sigue paso a paso consejos para solucionar problemas y mantener tu sistema funcionando al m\u00e1ximo rendimiento. Aprende a reducir la factura de la luz, a mejorar el caudal de aire [&hellip;]<\/p>\n","protected":false},"author":4,"featured_media":0,"parent":0,"menu_order":0,"comment_status":"closed","ping_status":"closed","template":"","meta":{"inline_featured_image":false,"site-sidebar-layout":"no-sidebar","site-content-layout":"page-builder","ast-site-content-layout":"full-width-container","site-content-style":"unboxed","site-sidebar-style":"unboxed","ast-global-header-display":"","ast-banner-title-visibility":"","ast-main-header-display":"","ast-hfb-above-header-display":"","ast-hfb-below-header-display":"","ast-hfb-mobile-header-display":"","site-post-title":"disabled","ast-breadcrumbs-content":"","ast-featured-img":"disabled","footer-sml-layout":"","ast-disable-related-posts":"","theme-transparent-header-meta":"default","adv-header-id-meta":"","stick-header-meta":"","header-above-stick-meta":"","header-main-stick-meta":"","header-below-stick-meta":"","astra-migrate-meta-layouts":"default","ast-page-background-enabled":"default","ast-page-background-meta":{"desktop":{"background-color":"var(--ast-global-color-4)","background-image":"","background-repeat":"repeat","background-position":"center center","background-size":"auto","background-attachment":"scroll","background-type":"","background-media":"","overlay-type":"","overlay-color":"","overlay-opacity":"","overlay-gradient":""},"tablet":{"background-color":"","background-image":"","background-repeat":"repeat","background-position":"center center","background-size":"auto","background-attachment":"scroll","background-type":"","background-media":"","overlay-type":"","overlay-color":"","overlay-opacity":"","overlay-gradient":""},"mobile":{"background-color":"","background-image":"","background-repeat":"repeat","background-position":"center center","background-size":"auto","background-attachment":"scroll","background-type":"","background-media":"","overlay-type":"","overlay-color":"","overlay-opacity":"","overlay-gradient":""}},"ast-content-background-meta":{"desktop":{"background-color":"var(--ast-global-color-5)","background-image":"","background-repeat":"repeat","background-position":"center center","background-size":"auto","background-attachment":"scroll","background-type":"","background-media":"","overlay-type":"","overlay-color":"","overlay-opacity":"","overlay-gradient":""},"tablet":{"background-color":"var(--ast-global-color-5)","background-image":"","background-repeat":"repeat","background-position":"center center","background-size":"auto","background-attachment":"scroll","background-type":"","background-media":"","overlay-type":"","overlay-color":"","overlay-opacity":"","overlay-gradient":""},"mobile":{"background-color":"var(--ast-global-color-5)","background-image":"","background-repeat":"repeat","background-position":"center center","background-size":"auto","background-attachment":"scroll","background-type":"","background-media":"","overlay-type":"","overlay-color":"","overlay-opacity":"","overlay-gradient":""}},"footnotes":""},"class_list":["post-7072","page","type-page","status-publish","hentry"],"jetpack_sharing_enabled":true,"_links":{"self":[{"href":"https:\/\/rheiacomfort.com\/es\/wp-json\/wp\/v2\/pages\/7072","targetHints":{"allow":["GET"]}}],"collection":[{"href":"https:\/\/rheiacomfort.com\/es\/wp-json\/wp\/v2\/pages"}],"about":[{"href":"https:\/\/rheiacomfort.com\/es\/wp-json\/wp\/v2\/types\/page"}],"author":[{"embeddable":true,"href":"https:\/\/rheiacomfort.com\/es\/wp-json\/wp\/v2\/users\/4"}],"replies":[{"embeddable":true,"href":"https:\/\/rheiacomfort.com\/es\/wp-json\/wp\/v2\/comments?post=7072"}],"version-history":[{"count":9,"href":"https:\/\/rheiacomfort.com\/es\/wp-json\/wp\/v2\/pages\/7072\/revisions"}],"predecessor-version":[{"id":18955,"href":"https:\/\/rheiacomfort.com\/es\/wp-json\/wp\/v2\/pages\/7072\/revisions\/18955"}],"wp:attachment":[{"href":"https:\/\/rheiacomfort.com\/es\/wp-json\/wp\/v2\/media?parent=7072"}],"curies":[{"name":"wp","href":"https:\/\/api.w.org\/{rel}","templated":true}]}}