{"id":7102,"date":"2022-06-22T21:29:48","date_gmt":"2022-06-23T04:29:48","guid":{"rendered":"https:\/\/rheiacomfort.com\/reia-para-nuevos-compradores\/"},"modified":"2026-04-28T14:36:00","modified_gmt":"2026-04-28T21:36:00","slug":"reia-para-nuevos-compradores","status":"publish","type":"page","link":"https:\/\/rheiacomfort.com\/es\/reia-para-nuevos-compradores\/","title":{"rendered":"Reia para nuevos compradores"},"content":{"rendered":"\t\t<div data-elementor-type=\"wp-page\" data-elementor-id=\"7102\" class=\"elementor elementor-7102 elementor-1294\" data-elementor-settings=\"{&quot;ha_cmc_init_switcher&quot;:&quot;no&quot;}\" data-elementor-post-type=\"page\">\n\t\t\t\t\t\t<section class=\"elementor-section elementor-top-section elementor-element elementor-element-60696e2 elementor-section-boxed elementor-section-height-default elementor-section-height-default\" data-id=\"60696e2\" data-element_type=\"section\" data-e-type=\"section\" data-settings=\"{&quot;_ha_eqh_enable&quot;:false}\">\n\t\t\t\t\t\t<div class=\"elementor-container elementor-column-gap-default\">\n\t\t\t\t\t<div class=\"elementor-column elementor-col-100 elementor-top-column elementor-element elementor-element-7146145\" data-id=\"7146145\" data-element_type=\"column\" data-e-type=\"column\">\n\t\t\t<div class=\"elementor-widget-wrap elementor-element-populated\">\n\t\t\t\t\t\t<div class=\"elementor-element elementor-element-27c2d99 elementor-widget elementor-widget-heading\" data-id=\"27c2d99\" data-element_type=\"widget\" data-e-type=\"widget\" data-widget_type=\"heading.default\">\n\t\t\t\t<div class=\"elementor-widget-container\">\n\t\t\t\t\t<h1 class=\"elementor-heading-title elementor-size-default\">Reia para nuevos compradores<\/h1>\t\t\t\t<\/div>\n\t\t\t\t<\/div>\n\t\t\t\t\t<\/div>\n\t\t<\/div>\n\t\t\t\t\t<\/div>\n\t\t<\/section>\n\t\t\t\t<section class=\"elementor-section elementor-top-section elementor-element elementor-element-b70fabd elementor-section-boxed elementor-section-height-default elementor-section-height-default\" data-id=\"b70fabd\" data-element_type=\"section\" data-e-type=\"section\" data-settings=\"{&quot;_ha_eqh_enable&quot;:false}\">\n\t\t\t\t\t\t<div class=\"elementor-container elementor-column-gap-default\">\n\t\t\t\t\t<div class=\"elementor-column elementor-col-100 elementor-top-column elementor-element elementor-element-e024c14\" data-id=\"e024c14\" data-element_type=\"column\" data-e-type=\"column\">\n\t\t\t<div class=\"elementor-widget-wrap elementor-element-populated\">\n\t\t\t\t\t\t<section class=\"elementor-section elementor-inner-section elementor-element elementor-element-c202c6a elementor-section-boxed elementor-section-height-default elementor-section-height-default\" data-id=\"c202c6a\" data-element_type=\"section\" data-e-type=\"section\" data-settings=\"{&quot;_ha_eqh_enable&quot;:false}\">\n\t\t\t\t\t\t<div class=\"elementor-container elementor-column-gap-default\">\n\t\t\t\t\t<div class=\"elementor-column elementor-col-50 elementor-inner-column elementor-element elementor-element-8e9ef16\" data-id=\"8e9ef16\" data-element_type=\"column\" data-e-type=\"column\">\n\t\t\t<div class=\"elementor-widget-wrap elementor-element-populated\">\n\t\t\t\t\t\t<div class=\"elementor-element elementor-element-faec2ac elementor-widget elementor-widget-heading\" data-id=\"faec2ac\" data-element_type=\"widget\" data-e-type=\"widget\" data-widget_type=\"heading.default\">\n\t\t\t\t<div class=\"elementor-widget-container\">\n\t\t\t\t\t<h2 class=\"elementor-heading-title elementor-size-default\">La comodidad es lo primero<\/h2>\t\t\t\t<\/div>\n\t\t\t\t<\/div>\n\t\t\t\t<div class=\"elementor-element elementor-element-074daf1 elementor-widget elementor-widget-text-editor\" data-id=\"074daf1\" data-element_type=\"widget\" data-e-type=\"widget\" data-widget_type=\"text-editor.default\">\n\t\t\t\t<div class=\"elementor-widget-container\">\n\t\t\t\t\t\t\t\t\t<p>El confort y la eficiencia sobresalen en los hogares que utilizan el innovador sistema de distribuci\u00f3n de aire de Rheia. Cada persona experimenta el confort de forma diferente, pero resulta inc\u00f3modo cuando hay grandes diferencias de temperatura o humedad en nuestra casa. Las habitaciones con puntos calientes o fr\u00edos son un problema com\u00fan, normalmente causado por la falta de una buena circulaci\u00f3n de aire.  <\/p><p>Los revolucionarios microdifusores de Rheia, situados en varios puntos de una habitaci\u00f3n, garantizan que el aire acondicionado se mezcle mejor, equilibrando cualquier diferencia de temperatura y haciendo que las habitaciones resulten m\u00e1s confortables.<\/p>\t\t\t\t\t\t\t\t<\/div>\n\t\t\t\t<\/div>\n\t\t\t\t\t<\/div>\n\t\t<\/div>\n\t\t\t\t<div class=\"elementor-column elementor-col-50 elementor-inner-column elementor-element elementor-element-c997727\" data-id=\"c997727\" data-element_type=\"column\" data-e-type=\"column\">\n\t\t\t<div class=\"elementor-widget-wrap elementor-element-populated\">\n\t\t\t\t\t\t<div class=\"elementor-element elementor-element-86c6d51 elementor-widget elementor-widget-image\" data-id=\"86c6d51\" data-element_type=\"widget\" data-e-type=\"widget\" data-widget_type=\"image.default\">\n\t\t\t\t<div class=\"elementor-widget-container\">\n\t\t\t\t\t\t\t\t\t\t\t\t\t\t\t<img fetchpriority=\"high\" decoding=\"async\" width=\"1024\" height=\"731\" src=\"https:\/\/rheiacomfort.com\/wp-content\/uploads\/2024\/06\/TM-Stratford-Hills-6-1024x731.jpg\" class=\"attachment-large size-large wp-image-8992\" alt=\"Taylor Morrison Kitchen\" srcset=\"https:\/\/rheiacomfort.com\/wp-content\/uploads\/2024\/06\/TM-Stratford-Hills-6-1024x731.jpg 1024w, https:\/\/rheiacomfort.com\/wp-content\/uploads\/2024\/06\/TM-Stratford-Hills-6-300x214.jpg 300w, https:\/\/rheiacomfort.com\/wp-content\/uploads\/2024\/06\/TM-Stratford-Hills-6-768x549.jpg 768w, https:\/\/rheiacomfort.com\/wp-content\/uploads\/2024\/06\/TM-Stratford-Hills-6.jpg 1456w\" sizes=\"(max-width: 1024px) 100vw, 1024px\" title=\"\">\t\t\t\t\t\t\t\t\t\t\t\t\t\t\t<\/div>\n\t\t\t\t<\/div>\n\t\t\t\t\t<\/div>\n\t\t<\/div>\n\t\t\t\t\t<\/div>\n\t\t<\/section>\n\t\t\t\t\t<\/div>\n\t\t<\/div>\n\t\t\t\t\t<\/div>\n\t\t<\/section>\n\t\t\t\t<section class=\"elementor-section elementor-top-section elementor-element elementor-element-39fd04f elementor-section-boxed elementor-section-height-default elementor-section-height-default\" data-id=\"39fd04f\" data-element_type=\"section\" data-e-type=\"section\" data-settings=\"{&quot;_ha_eqh_enable&quot;:false}\">\n\t\t\t\t\t\t<div class=\"elementor-container elementor-column-gap-default\">\n\t\t\t\t\t<div class=\"elementor-column elementor-col-100 elementor-top-column elementor-element elementor-element-9b4f865\" data-id=\"9b4f865\" data-element_type=\"column\" data-e-type=\"column\">\n\t\t\t<div class=\"elementor-widget-wrap elementor-element-populated\">\n\t\t\t\t\t\t<section class=\"elementor-section elementor-inner-section elementor-element elementor-element-ddc304f elementor-section-boxed elementor-section-height-default elementor-section-height-default\" data-id=\"ddc304f\" data-element_type=\"section\" data-e-type=\"section\" data-settings=\"{&quot;_ha_eqh_enable&quot;:false}\">\n\t\t\t\t\t\t<div class=\"elementor-container elementor-column-gap-default\">\n\t\t\t\t\t<div class=\"elementor-column elementor-col-50 elementor-inner-column elementor-element elementor-element-6981525\" data-id=\"6981525\" data-element_type=\"column\" data-e-type=\"column\">\n\t\t\t<div class=\"elementor-widget-wrap elementor-element-populated\">\n\t\t\t\t\t\t<div class=\"elementor-element elementor-element-f72c6de elementor-widget elementor-widget-heading\" data-id=\"f72c6de\" data-element_type=\"widget\" data-e-type=\"widget\" data-widget_type=\"heading.default\">\n\t\t\t\t<div class=\"elementor-widget-container\">\n\t\t\t\t\t<h2 class=\"elementor-heading-title elementor-size-default\">Mejor mezcla de aire<\/h2>\t\t\t\t<\/div>\n\t\t\t\t<\/div>\n\t\t\t\t<div class=\"elementor-element elementor-element-f882a49 elementor-widget elementor-widget-text-editor\" data-id=\"f882a49\" data-element_type=\"widget\" data-e-type=\"widget\" data-widget_type=\"text-editor.default\">\n\t\t\t\t<div class=\"elementor-widget-container\">\n\t\t\t\t\t\t\t\t\t<p>Los puntos fr\u00edos y calientes en una vivienda son un problema muy com\u00fan debido a una mala mezcla de aire. Rheia resuelve este problema mediante un cuidadoso proceso de dise\u00f1o que coloca m\u00e1s difusores en cada habitaci\u00f3n para promover una mejor mezcla de aire. <\/p><p>Una mejor mezcla del aire tambi\u00e9n contribuye a la eficiencia energ\u00e9tica. Si est\u00e1 c\u00f3modo, har\u00e1 menos ajustes en el termostato, lo que permitir\u00e1 que el sistema de climatizaci\u00f3n funcione de forma m\u00e1s constante, lo que tambi\u00e9n ayuda a regular la humedad interior, mejorando a\u00fan m\u00e1s su confort. <\/p><p>Los compradores de viviendas nuevas deben esperar que su nuevo hogar sea confortable, por eso es tan atractivo un sistema de distribuci\u00f3n de aire Rheia. Pregunte a su constructor si la vivienda que est\u00e1 construyendo incluir\u00e1 el sistema de distribuci\u00f3n de aire Rheia, m\u00e1s equilibrado y conforme con Energy Star.<\/p>\t\t\t\t\t\t\t\t<\/div>\n\t\t\t\t<\/div>\n\t\t\t\t\t<\/div>\n\t\t<\/div>\n\t\t\t\t<div class=\"elementor-column elementor-col-50 elementor-inner-column elementor-element elementor-element-28fd2f7\" data-id=\"28fd2f7\" data-element_type=\"column\" data-e-type=\"column\">\n\t\t\t<div class=\"elementor-widget-wrap elementor-element-populated\">\n\t\t\t\t\t\t<div class=\"elementor-element elementor-element-be1a970 elementor-widget elementor-widget-image\" data-id=\"be1a970\" data-element_type=\"widget\" data-e-type=\"widget\" data-widget_type=\"image.default\">\n\t\t\t\t<div class=\"elementor-widget-container\">\n\t\t\t\t\t\t\t\t\t\t\t\t\t\t\t<img decoding=\"async\" width=\"1024\" height=\"732\" src=\"https:\/\/rheiacomfort.com\/wp-content\/uploads\/2024\/06\/Lennar-Mandalay-Ranch-1024x732.jpg\" class=\"attachment-large size-large wp-image-9004\" alt=\"Lennar Bedroom\" srcset=\"https:\/\/rheiacomfort.com\/wp-content\/uploads\/2024\/06\/Lennar-Mandalay-Ranch-1024x732.jpg 1024w, https:\/\/rheiacomfort.com\/wp-content\/uploads\/2024\/06\/Lennar-Mandalay-Ranch-300x214.jpg 300w, https:\/\/rheiacomfort.com\/wp-content\/uploads\/2024\/06\/Lennar-Mandalay-Ranch-768x549.jpg 768w, https:\/\/rheiacomfort.com\/wp-content\/uploads\/2024\/06\/Lennar-Mandalay-Ranch-1536x1097.jpg 1536w, https:\/\/rheiacomfort.com\/wp-content\/uploads\/2024\/06\/Lennar-Mandalay-Ranch.jpg 1572w\" sizes=\"(max-width: 1024px) 100vw, 1024px\" title=\"\">\t\t\t\t\t\t\t\t\t\t\t\t\t\t\t<\/div>\n\t\t\t\t<\/div>\n\t\t\t\t\t<\/div>\n\t\t<\/div>\n\t\t\t\t\t<\/div>\n\t\t<\/section>\n\t\t\t\t\t<\/div>\n\t\t<\/div>\n\t\t\t\t\t<\/div>\n\t\t<\/section>\n\t\t\t\t<section class=\"elementor-section elementor-top-section elementor-element elementor-element-a275bc3 elementor-section-boxed elementor-section-height-default elementor-section-height-default\" data-id=\"a275bc3\" data-element_type=\"section\" data-e-type=\"section\" data-settings=\"{&quot;_ha_eqh_enable&quot;:false}\">\n\t\t\t\t\t\t<div class=\"elementor-container elementor-column-gap-default\">\n\t\t\t\t\t<div class=\"elementor-column elementor-col-100 elementor-top-column elementor-element elementor-element-e82e477\" data-id=\"e82e477\" data-element_type=\"column\" data-e-type=\"column\">\n\t\t\t<div class=\"elementor-widget-wrap elementor-element-populated\">\n\t\t\t\t\t\t<div class=\"elementor-element elementor-element-a3352e4 elementor-widget elementor-widget-heading\" data-id=\"a3352e4\" data-element_type=\"widget\" data-e-type=\"widget\" data-widget_type=\"heading.default\">\n\t\t\t\t<div class=\"elementor-widget-container\">\n\t\t\t\t\t<h2 class=\"elementor-heading-title elementor-size-default\">Dise\u00f1o limpio<\/h2>\t\t\t\t<\/div>\n\t\t\t\t<\/div>\n\t\t\t\t<div class=\"elementor-element elementor-element-ff17f36 elementor-widget elementor-widget-text-editor\" data-id=\"ff17f36\" data-element_type=\"widget\" data-e-type=\"widget\" data-widget_type=\"text-editor.default\">\n\t\t\t\t<div class=\"elementor-widget-container\">\n\t\t\t\t\t\t\t\t\t<p>Rheia est\u00e1 dise\u00f1ado para rendir, manteniendo silenciosamente las temperaturas constantes que esperas en tu hogar. Mueve los controles deslizantes hacia la izquierda para comparar una caja registradora t\u00edpica con la   <span style=\"background-color: var(--ast-global-color-5);\">Los difusores Rheia est\u00e1n dise\u00f1ados para adaptarse a las preferencias est\u00e9ticas contempor\u00e1neas y se integran perfectamente en muchos estilos de hogar. Los difusores Rheia se pueden desmontar y limpiar f\u00e1cilmente. <\/span><\/p>\t\t\t\t\t\t\t\t<\/div>\n\t\t\t\t<\/div>\n\t\t\t\t\t<\/div>\n\t\t<\/div>\n\t\t\t\t\t<\/div>\n\t\t<\/section>\n\t\t\t\t<section class=\"elementor-section elementor-top-section elementor-element elementor-element-d441052 elementor-section-boxed elementor-section-height-default elementor-section-height-default\" data-id=\"d441052\" data-element_type=\"section\" data-e-type=\"section\" data-settings=\"{&quot;_ha_eqh_enable&quot;:false}\">\n\t\t\t\t\t\t<div class=\"elementor-container elementor-column-gap-default\">\n\t\t\t\t\t<div class=\"elementor-column elementor-col-100 elementor-top-column elementor-element elementor-element-a75fdf4\" data-id=\"a75fdf4\" data-element_type=\"column\" data-e-type=\"column\">\n\t\t\t<div class=\"elementor-widget-wrap\">\n\t\t\t\t\t\t\t<\/div>\n\t\t<\/div>\n\t\t\t\t\t<\/div>\n\t\t<\/section>\n\t\t\t\t<section class=\"elementor-section elementor-top-section elementor-element elementor-element-27d4e9c elementor-section-boxed elementor-section-height-default elementor-section-height-default\" data-id=\"27d4e9c\" data-element_type=\"section\" data-e-type=\"section\" data-settings=\"{&quot;_ha_eqh_enable&quot;:false}\">\n\t\t\t\t\t\t<div class=\"elementor-container elementor-column-gap-default\">\n\t\t\t\t\t<div class=\"elementor-column elementor-col-100 elementor-top-column elementor-element elementor-element-4d20c77\" data-id=\"4d20c77\" data-element_type=\"column\" data-e-type=\"column\">\n\t\t\t<div class=\"elementor-widget-wrap elementor-element-populated\">\n\t\t\t\t\t\t<div class=\"elementor-element elementor-element-aaa9511 elementor-widget elementor-widget-heading\" data-id=\"aaa9511\" data-element_type=\"widget\" data-e-type=\"widget\" data-widget_type=\"heading.default\">\n\t\t\t\t<div class=\"elementor-widget-container\">\n\t\t\t\t\t<h2 class=\"elementor-heading-title elementor-size-default\">Calidad del aire interior<\/h2>\t\t\t\t<\/div>\n\t\t\t\t<\/div>\n\t\t\t\t<div class=\"elementor-element elementor-element-ad257db elementor-widget elementor-widget-text-editor\" data-id=\"ad257db\" data-element_type=\"widget\" data-e-type=\"widget\" data-widget_type=\"text-editor.default\">\n\t\t\t\t<div class=\"elementor-widget-container\">\n\t\t\t\t\t\t\t\t\t<p><span style=\"font-size: 17px; font-style: inherit; font-weight: inherit;\">Tambi\u00e9n debe esperar mudarse a una casa nueva con un sistema de calefacci\u00f3n, ventilaci\u00f3n y aire acondicionado y unos conductos limpios. Existen ideas err\u00f3neas sobre la necesidad de limpiar su sistema de calefacci\u00f3n, ventilaci\u00f3n y aire acondicionado. Si sustituye el filtro de aire con regularidad, los conductos de suministro no se ensuciar\u00e1n y s\u00f3lo en raras ocasiones ser\u00e1 necesario limpiarlos. No obstante, los conductos de retorno y el climatizador deber\u00e1n limpiarse peri\u00f3dicamente. Si sospecha que tiene un problema, consulte a un profesional de limpieza de conductos para que inspeccione el interior de los conductos y compruebe la calidad del aire. A continuaci\u00f3n, tome una decisi\u00f3n basada en sus conclusiones.     <\/span><\/p><p class=\"text24\">Lee este <a href=\"https:\/\/rheiacomfort.com\/es\/limpieza-del-sistema-de-conductos-rheia-para-particulares\/\">breve art\u00edculo<\/a> y sigue estas <a href=\"https:\/\/rheiacomfort.com\/wp-content\/uploads\/2023\/03\/Cleaning-Rheia-Ducts-for-Homeowners-1.pdf\">pautas de limpieza de conductos <\/a>para saber m\u00e1s sobre el mantenimiento de tu sistema de climatizaci\u00f3n Rheia..<\/p>\t\t\t\t\t\t\t\t<\/div>\n\t\t\t\t<\/div>\n\t\t\t\t\t<\/div>\n\t\t<\/div>\n\t\t\t\t\t<\/div>\n\t\t<\/section>\n\t\t\t\t<section class=\"elementor-section elementor-top-section elementor-element elementor-element-337cfb91 elementor-section-boxed elementor-section-height-default elementor-section-height-default\" data-id=\"337cfb91\" data-element_type=\"section\" data-e-type=\"section\" data-settings=\"{&quot;background_background&quot;:&quot;classic&quot;,&quot;_ha_eqh_enable&quot;:false}\">\n\t\t\t\t\t\t<div class=\"elementor-container elementor-column-gap-default\">\n\t\t\t\t\t<div class=\"elementor-column elementor-col-50 elementor-top-column elementor-element elementor-element-6b89c7c0\" data-id=\"6b89c7c0\" data-element_type=\"column\" data-e-type=\"column\" data-settings=\"{&quot;background_background&quot;:&quot;classic&quot;}\">\n\t\t\t<div class=\"elementor-widget-wrap elementor-element-populated\">\n\t\t\t\t\t\t<div class=\"elementor-element elementor-element-37270c68 elementor-widget elementor-widget-heading\" data-id=\"37270c68\" data-element_type=\"widget\" data-e-type=\"widget\" data-widget_type=\"heading.default\">\n\t\t\t\t<div class=\"elementor-widget-container\">\n\t\t\t\t\t<h1 class=\"elementor-heading-title elementor-size-default\">\u00bfNECESITAS EQUILIBRAR EL HVAC DE TU CASA EN RHEIA?<\/h1>\t\t\t\t<\/div>\n\t\t\t\t<\/div>\n\t\t\t\t<div class=\"elementor-element elementor-element-184a734b elementor-widget elementor-widget-text-editor\" data-id=\"184a734b\" data-element_type=\"widget\" data-e-type=\"widget\" data-widget_type=\"text-editor.default\">\n\t\t\t\t<div class=\"elementor-widget-container\">\n\t\t\t\t\t\t\t\t\tRecomendamos que los propietarios de viviendas de ciertas regiones del pa\u00eds equilibren sus sistemas de aire dos veces al a\u00f1o. Rheia utiliza su propia aplicaci\u00f3n m\u00f3vil basada en la nube, llamada Rheia Verify, para equilibrar una vivienda en 30 o 40 minutos. S\u00d3LO tu instalador de climatizaci\u00f3n puede hacer este ajuste, as\u00ed que ponte en contacto directamente con \u00e9l.  \t\t\t\t\t\t\t\t<\/div>\n\t\t\t\t<\/div>\n\t\t\t\t\t<\/div>\n\t\t<\/div>\n\t\t\t\t<div class=\"elementor-column elementor-col-50 elementor-top-column elementor-element elementor-element-50b42143\" data-id=\"50b42143\" data-element_type=\"column\" data-e-type=\"column\">\n\t\t\t<div class=\"elementor-widget-wrap elementor-element-populated\">\n\t\t\t\t\t\t<div class=\"elementor-element elementor-element-287f4c02 elementor-align-right elementor-mobile-align-center elementor-widget elementor-widget-button\" data-id=\"287f4c02\" data-element_type=\"widget\" data-e-type=\"widget\" data-widget_type=\"button.default\">\n\t\t\t\t<div class=\"elementor-widget-container\">\n\t\t\t\t\t\t\t\t\t<div class=\"elementor-button-wrapper\">\n\t\t\t\t\t<a class=\"elementor-button elementor-button-link elementor-size-sm\" href=\"https:\/\/rheiacomfort.com\/es\/rheia-verify-app\/\" target=\"_blank\">\n\t\t\t\t\t\t<span class=\"elementor-button-content-wrapper\">\n\t\t\t\t\t\t\t\t\t<span class=\"elementor-button-text\">Balanicing en profundidad<\/span>\n\t\t\t\t\t<\/span>\n\t\t\t\t\t<\/a>\n\t\t\t\t<\/div>\n\t\t\t\t\t\t\t\t<\/div>\n\t\t\t\t<\/div>\n\t\t\t\t\t<\/div>\n\t\t<\/div>\n\t\t\t\t\t<\/div>\n\t\t<\/section>\n\t\t\t\t<\/div>\n\t\t","protected":false},"excerpt":{"rendered":"<p>Reia para nuevos compradores La comodidad es lo primero El confort y la eficiencia sobresalen en los hogares que utilizan el innovador sistema de distribuci\u00f3n de aire de Rheia. Cada persona experimenta el confort de forma diferente, pero resulta inc\u00f3modo cuando hay grandes diferencias de temperatura o humedad en nuestra casa. Las habitaciones con puntos [&hellip;]<\/p>\n","protected":false},"author":4,"featured_media":0,"parent":0,"menu_order":0,"comment_status":"closed","ping_status":"closed","template":"","meta":{"inline_featured_image":false,"site-sidebar-layout":"no-sidebar","site-content-layout":"page-builder","ast-site-content-layout":"full-width-container","site-content-style":"unboxed","site-sidebar-style":"unboxed","ast-global-header-display":"","ast-banner-title-visibility":"","ast-main-header-display":"","ast-hfb-above-header-display":"","ast-hfb-below-header-display":"","ast-hfb-mobile-header-display":"","site-post-title":"disabled","ast-breadcrumbs-content":"","ast-featured-img":"disabled","footer-sml-layout":"","theme-transparent-header-meta":"default","adv-header-id-meta":"","stick-header-meta":"","header-above-stick-meta":"","header-main-stick-meta":"","header-below-stick-meta":"","astra-migrate-meta-layouts":"default","ast-page-background-enabled":"default","ast-page-background-meta":{"desktop":{"background-color":"var(--ast-global-color-4)","background-image":"","background-repeat":"repeat","background-position":"center center","background-size":"auto","background-attachment":"scroll","background-type":"","background-media":"","overlay-type":"","overlay-color":"","overlay-opacity":"","overlay-gradient":""},"tablet":{"background-color":"","background-image":"","background-repeat":"repeat","background-position":"center center","background-size":"auto","background-attachment":"scroll","background-type":"","background-media":"","overlay-type":"","overlay-color":"","overlay-opacity":"","overlay-gradient":""},"mobile":{"background-color":"","background-image":"","background-repeat":"repeat","background-position":"center center","background-size":"auto","background-attachment":"scroll","background-type":"","background-media":"","overlay-type":"","overlay-color":"","overlay-opacity":"","overlay-gradient":""}},"ast-content-background-meta":{"desktop":{"background-color":"var(--ast-global-color-5)","background-image":"","background-repeat":"repeat","background-position":"center center","background-size":"auto","background-attachment":"scroll","background-type":"","background-media":"","overlay-type":"","overlay-color":"","overlay-opacity":"","overlay-gradient":""},"tablet":{"background-color":"var(--ast-global-color-5)","background-image":"","background-repeat":"repeat","background-position":"center center","background-size":"auto","background-attachment":"scroll","background-type":"","background-media":"","overlay-type":"","overlay-color":"","overlay-opacity":"","overlay-gradient":""},"mobile":{"background-color":"var(--ast-global-color-5)","background-image":"","background-repeat":"repeat","background-position":"center center","background-size":"auto","background-attachment":"scroll","background-type":"","background-media":"","overlay-type":"","overlay-color":"","overlay-opacity":"","overlay-gradient":""}},"footnotes":""},"class_list":["post-7102","page","type-page","status-publish","hentry"],"jetpack_sharing_enabled":true,"_links":{"self":[{"href":"https:\/\/rheiacomfort.com\/es\/wp-json\/wp\/v2\/pages\/7102","targetHints":{"allow":["GET"]}}],"collection":[{"href":"https:\/\/rheiacomfort.com\/es\/wp-json\/wp\/v2\/pages"}],"about":[{"href":"https:\/\/rheiacomfort.com\/es\/wp-json\/wp\/v2\/types\/page"}],"author":[{"embeddable":true,"href":"https:\/\/rheiacomfort.com\/es\/wp-json\/wp\/v2\/users\/4"}],"replies":[{"embeddable":true,"href":"https:\/\/rheiacomfort.com\/es\/wp-json\/wp\/v2\/comments?post=7102"}],"version-history":[{"count":6,"href":"https:\/\/rheiacomfort.com\/es\/wp-json\/wp\/v2\/pages\/7102\/revisions"}],"predecessor-version":[{"id":18969,"href":"https:\/\/rheiacomfort.com\/es\/wp-json\/wp\/v2\/pages\/7102\/revisions\/18969"}],"wp:attachment":[{"href":"https:\/\/rheiacomfort.com\/es\/wp-json\/wp\/v2\/media?parent=7102"}],"curies":[{"name":"wp","href":"https:\/\/api.w.org\/{rel}","templated":true}]}}