{"id":7126,"date":"2022-06-24T23:55:10","date_gmt":"2022-06-25T06:55:10","guid":{"rendered":"https:\/\/rheiacomfort.com\/legal\/"},"modified":"2026-04-28T14:35:38","modified_gmt":"2026-04-28T21:35:38","slug":"legal","status":"publish","type":"page","link":"https:\/\/rheiacomfort.com\/es\/legal\/","title":{"rendered":"Legal"},"content":{"rendered":"\t\t<div data-elementor-type=\"wp-page\" data-elementor-id=\"7126\" class=\"elementor elementor-7126\" data-elementor-settings=\"{&quot;ha_cmc_init_switcher&quot;:&quot;no&quot;}\" data-elementor-post-type=\"page\">\n\t\t\t\t\t\t<section class=\"elementor-section elementor-top-section elementor-element elementor-element-106768a elementor-section-boxed elementor-section-height-default elementor-section-height-default\" data-id=\"106768a\" data-element_type=\"section\" data-e-type=\"section\" id=\"header-with-text\" data-settings=\"{&quot;background_background&quot;:&quot;classic&quot;,&quot;_ha_eqh_enable&quot;:false}\">\n\t\t\t\t\t\t<div class=\"elementor-container elementor-column-gap-default\">\n\t\t\t\t\t<div class=\"elementor-column elementor-col-100 elementor-top-column elementor-element elementor-element-3e2fe60\" data-id=\"3e2fe60\" data-element_type=\"column\" data-e-type=\"column\">\n\t\t\t<div class=\"elementor-widget-wrap elementor-element-populated\">\n\t\t\t\t\t\t<div class=\"elementor-element elementor-element-8eeae27 elementor-position-left elementor-vertical-align-middle elementor-widget elementor-widget-image-box\" data-id=\"8eeae27\" data-element_type=\"widget\" data-e-type=\"widget\" data-widget_type=\"image-box.default\">\n\t\t\t\t<div class=\"elementor-widget-container\">\n\t\t\t\t\t<div class=\"elementor-image-box-wrapper\"><figure class=\"elementor-image-box-img\"><img decoding=\"async\" width=\"170\" height=\"170\" src=\"https:\/\/rheiacomfort.com\/wp-content\/uploads\/2022\/06\/news.png\" class=\"attachment-full size-full wp-image-423\" alt=\"Legal and privacy icon and Designer Resources and News\" title=\"\" srcset=\"https:\/\/rheiacomfort.com\/wp-content\/uploads\/2022\/06\/news.png 170w, https:\/\/rheiacomfort.com\/wp-content\/uploads\/2022\/06\/news-150x150.png 150w\" sizes=\"(max-width: 170px) 100vw, 170px\" \/><\/figure><div class=\"elementor-image-box-content\"><h1 class=\"elementor-image-box-title\">Legal<\/h1><\/div><\/div>\t\t\t\t<\/div>\n\t\t\t\t<\/div>\n\t\t\t\t\t<\/div>\n\t\t<\/div>\n\t\t\t\t\t<\/div>\n\t\t<\/section>\n\t\t\t\t<section class=\"elementor-section elementor-top-section elementor-element elementor-element-ab59cf2 elementor-section-full_width full-width-lines elementor-section-height-default elementor-section-height-default\" data-id=\"ab59cf2\" data-element_type=\"section\" data-e-type=\"section\" data-settings=\"{&quot;_ha_eqh_enable&quot;:false}\">\n\t\t\t\t\t\t<div class=\"elementor-container elementor-column-gap-no\">\n\t\t\t\t\t<div class=\"elementor-column elementor-col-100 elementor-top-column elementor-element elementor-element-e3143fe\" data-id=\"e3143fe\" data-element_type=\"column\" data-e-type=\"column\">\n\t\t\t<div class=\"elementor-widget-wrap\">\n\t\t\t\t\t\t\t<\/div>\n\t\t<\/div>\n\t\t\t\t\t<\/div>\n\t\t<\/section>\n\t\t\t\t<section class=\"elementor-section elementor-top-section elementor-element elementor-element-070099a elementor-section-boxed elementor-section-height-default elementor-section-height-default\" data-id=\"070099a\" data-element_type=\"section\" data-e-type=\"section\" data-settings=\"{&quot;_ha_eqh_enable&quot;:false}\">\n\t\t\t\t\t\t<div class=\"elementor-container elementor-column-gap-default\">\n\t\t\t\t\t<div class=\"elementor-column elementor-col-100 elementor-top-column elementor-element elementor-element-c939e4f\" data-id=\"c939e4f\" data-element_type=\"column\" data-e-type=\"column\">\n\t\t\t<div class=\"elementor-widget-wrap elementor-element-populated\">\n\t\t\t\t\t\t<div class=\"elementor-element elementor-element-34fc74f elementor-widget elementor-widget-text-editor\" data-id=\"34fc74f\" data-element_type=\"widget\" data-e-type=\"widget\" data-widget_type=\"text-editor.default\">\n\t\t\t\t<div class=\"elementor-widget-container\">\n\t\t\t\t\t\t\t\t\t<p><strong>POL\u00cdTICA DE PRIVACIDAD DE RHEIA, LLC<\/strong><\/p><p><strong>Fechado: 18 de junio de 2020<\/strong><\/p><p>Rheia, LLC (\u00ab<strong>RHEIA<\/strong>\u00bb o la \u00ab<strong>Empresa<\/strong>\u00bb o \u00ab<strong>Nosotros<\/strong>\u00ab) se compromete a proteger la privacidad de los usuarios y visitantes de nuestro sitio web. Esta pol\u00edtica de privacidad es un documento legal que describe el tipo de informaci\u00f3n que podemos recopilar de usted cuando utiliza o visita nuestro sitio web y nuestras pr\u00e1cticas para recopilar, utilizar, mantener, proteger y divulgar dicha informaci\u00f3n. Varias funciones del Sitio Web pueden estar limitadas a determinados usuarios registrados (cada uno de ellos, un \u00ab<strong>usuario registrado<\/strong>\u00ab). A efectos de esta pol\u00edtica de privacidad, el uso de \u00ab<strong>usted<\/strong>\u00bb puede referirse a usted como visitante o como usuario registrado.   <\/p><p><strong>1.<\/strong> <strong>Informaci\u00f3n recogida. <\/strong>  <\/p><p>Si se registra para utilizar nuestros servicios o determinadas funciones de nuestro sitio web, es posible que tenga que proporcionarnos determinada informaci\u00f3n personal y demogr\u00e1fica, que puede incluir su nombre, direcci\u00f3n de correo electr\u00f3nico, raz\u00f3n social, direcci\u00f3n comercial, n\u00famero de tel\u00e9fono y otros datos, que recopilaremos. Tambi\u00e9n puede enviar informaci\u00f3n a RHEIA a trav\u00e9s de un formulario de contacto o de preguntas, cuyo contenido recopilamos. <\/p><p>Cada vez que accede a nuestro sitio web, podemos recopilar informaci\u00f3n sobre usted y su visita, incluidas las p\u00e1ginas que consulta, los enlaces en los que hace clic y otras acciones realizadas en relaci\u00f3n con nuestro sitio web y nuestros servicios. Tambi\u00e9n podemos recopilar cierta informaci\u00f3n est\u00e1ndar que su navegador env\u00eda a cada sitio web que visita, como su direcci\u00f3n IP, tipo de navegador e idioma, horas de acceso y direcciones de sitios web de referencia. <\/p><p>Esta pol\u00edtica de privacidad no se aplica a la informaci\u00f3n que recopilamos fuera de l\u00ednea o a trav\u00e9s de cualquier otro medio, incluido cualquier otro sitio web operado por terceros, incluso a trav\u00e9s de cualquier aplicaci\u00f3n o contenido (incluida la publicidad) que pueda enlazar o ser accesible desde nuestro sitio web.<\/p><p><strong>2.<\/strong> <strong>Uso de la informaci\u00f3n.<\/strong><\/p><p>Utilizamos la informaci\u00f3n que recopilamos sobre usted o que usted nos proporciona, incluida la informaci\u00f3n personal:<\/p><ul><li>Para presentarle nuestro sitio web y su contenido.<\/li><li>Para facilitarle la informaci\u00f3n que nos solicite.<\/li><li>Tramitar y responder consultas y correos electr\u00f3nicos, y prestar asistencia t\u00e9cnica.<\/li><li>Para enviarle notificaciones sobre su cuenta o el uso de nuestro sitio web.<\/li><li>Para notificarle cambios en nuestro sitio web o en cualquier producto o servicio que ofrezcamos o prestemos a trav\u00e9s de \u00e9l.<\/li><li>Para permitirle participar en funciones interactivas de nuestro sitio web.<\/li><li>De cualquier otra forma que podamos describir cuando nos facilite cualquier informaci\u00f3n.<\/li><li>Para cualquier otro fin con su consentimiento.<\/li><\/ul><p>Podemos utilizar su direcci\u00f3n de correo electr\u00f3nico para enviarle actualizaciones, boletines y otros mensajes relacionados con el sitio web, los productos y los servicios de RHEIA. Tambi\u00e9n podemos utilizar la informaci\u00f3n recopilada a trav\u00e9s de nuestro Sitio Web para la investigaci\u00f3n relativa a la eficacia del Sitio Web y los esfuerzos de marketing, publicidad y ventas de RHEIA. RHEIA no vender\u00e1, alquilar\u00e1 ni intercambiar\u00e1 su informaci\u00f3n personal con terceros sin su permiso expreso. Podemos proporcionar a terceros informaci\u00f3n que no le identifique personalmente, como informaci\u00f3n relativa a su acceso y uso de nuestro sitio web, o informaci\u00f3n que se hace an\u00f3nima y se agrega a la de otros usuarios.   <\/p><p><strong>3.<\/strong> <strong>Divulgaci\u00f3n de su informaci\u00f3n.<\/strong><\/p><p>Podemos divulgar la informaci\u00f3n personal que recopilemos o que usted nos proporcione tal como se describe en esta pol\u00edtica de privacidad:<\/p><ul><li>A nuestras entidades afiliadas.<\/li><li>A un comprador u otro sucesor en caso de fusi\u00f3n, desinversi\u00f3n, reestructuraci\u00f3n, reorganizaci\u00f3n, disoluci\u00f3n u otra venta o transferencia de parte o la totalidad de los activos de RHEIA, ya sea como empresa en funcionamiento o como parte de un procedimiento de quiebra, liquidaci\u00f3n o similar, en el que la informaci\u00f3n personal que RHEIA posee sobre los usuarios de nuestro sitio web se encuentre entre los activos transferidos.<\/li><li>Cumplir la finalidad para la que la proporciona.<\/li><li>A organismos gubernamentales y reguladores, seg\u00fan lo exija la ley o la normativa.<\/li><li>Para cualquier otro prop\u00f3sito revelado por nosotros cuando usted proporciona cualquier informaci\u00f3n.<\/li><li>Con su consentimiento.<p>Tambi\u00e9n podemos revelar su informaci\u00f3n personal:<\/p><\/li><li>Para cumplir cualquier orden judicial, ley o proceso legal, incluida la respuesta a cualquier solicitud gubernamental o reglamentaria, as\u00ed como cualquier requisito de informaci\u00f3n aplicable de organismos gubernamentales y reglamentarios.<\/li><li>Para hacer cumplir o aplicar nuestras <a href=\"https:\/\/rheia.cdn.prismic.io\/rheia\/c1302b23-c058-4d35-b29a-43c5375803e6_Terms+of+Use+-+Website+June+24_+2020.pdf\" target=\"_blank\" rel=\"noopener\">condiciones de uso <\/a>y otros acuerdos, incluso con fines de facturaci\u00f3n y cobro.<\/li><li>Si creemos que la divulgaci\u00f3n es necesaria o apropiada para proteger los derechos, la propiedad o la seguridad de RHEIA, nuestros clientes u otros. Esto incluye el intercambio de informaci\u00f3n con otras empresas y organizaciones con fines de protecci\u00f3n contra el fraude. <\/li><\/ul><p><strong>4.<\/strong> <strong>Correo electr\u00f3nico no solicitado.<\/strong><\/p><p>Podemos enviarle correos electr\u00f3nicos promocionales sobre nuestros productos y servicios. Si en alg\u00fan momento desea dejar de recibir correos electr\u00f3nicos promocionales sobre nuestros productos y servicios, (\u00bftenemos que dar 2 opciones o podemos limitarnos a la de darse de baja?) o haga clic en el enlace \u00abDarse de baja\u00bb de cualquier correo electr\u00f3nico que reciba de nosotros. Cuando se ponga en contacto con nosotros, ind\u00edquenos su direcci\u00f3n de correo electr\u00f3nico para que podamos tramitar correctamente su solicitud. Independientemente de su decisi\u00f3n de excluirse de futuras comunicaciones por correo electr\u00f3nico, podremos seguir poni\u00e9ndonos en contacto con usted para responder a una consulta relativa a transacciones y con fines transaccionales relacionados con su cuenta. No vendemos, arrendamos ni alquilamos nuestras listas de correo electr\u00f3nico a terceros.    <\/p><p><strong>5.<\/strong> <strong>Uso de cookies y balizas web.<\/strong><\/p><p>Nuestro sitio web puede utilizar \u00abcookies\u00bb para permitirle iniciar sesi\u00f3n en nuestros servicios y ayudarle a personalizar su experiencia en l\u00ednea. Una cookie es un peque\u00f1o archivo de texto que un servidor web coloca en su disco duro. Las cookies contienen informaci\u00f3n que posteriormente puede ser le\u00edda por un servidor web en el dominio que emiti\u00f3 la cookie para usted. Las cookies no pueden utilizarse para ejecutar programas o enviar virus a su ordenador. Su navegador le permite rechazar las cookies y existen programas de terceros que le permitir\u00e1n visitar nuestro sitio web sin proporcionar esta informaci\u00f3n. Puede acceder al Sitio Web de RHEIA aunque est\u00e9 bloqueando las cookies, pero tenga en cuenta que bloquear las cookies mientras visita nuestro Sitio Web puede provocar que ciertas partes del Sitio Web no funcionen correctamente, y puede afectar a la capacidad de RHEIA para ofrecerle servicios personalizados.     <\/p><p>Nuestro sitio web tambi\u00e9n puede utilizar balizas web para supervisar la actividad de los visitantes en nuestro sitio web, incluida la forma en que interact\u00faan con el contenido de nuestro sitio web.<\/p><p><strong>6.<\/strong> <strong>C\u00f3mo respondemos a las se\u00f1ales Do Not Track. <\/strong>  <\/p><p>Honramos las se\u00f1ales de no rastrear y no rastreamos, plantamos cookies o utilizamos publicidad cuando un mecanismo de navegador Do Not Track (DNT) est\u00e1 en marcha.<\/p><p><strong>7.<\/strong> <strong>Seguimiento del comportamiento por parte de terceros.<\/strong><\/p><p>No permitimos el seguimiento del comportamiento por parte de terceros.<\/p><p><strong>8.<\/strong> <strong>Seguridad<\/strong>.<\/p><p>Empleamos las medidas adecuadas para proteger su informaci\u00f3n personal y exigimos a los empleados que tienen acceso a esta informaci\u00f3n que sigan las normas de seguridad y confidencialidad exigidas por la pr\u00e1ctica del sector o acordes con ella. Mantenemos salvaguardas f\u00edsicas, electr\u00f3nicas y de procedimiento para garantizar la integridad de su informaci\u00f3n personal. <\/p><p><strong>9.<\/strong> <strong>Enlaces<\/strong><\/p><p>El Sitio Web puede contener enlaces a otros sitios para su comodidad e informaci\u00f3n, incluidos enlaces a nuestras redes asociadas, anunciantes y afiliados. Hacemos todo lo posible para garantizar que todos los enlaces sean relevantes y s\u00f3lo a sitios de buena reputaci\u00f3n. RHEIA no controla esos sitios ni sus pr\u00e1cticas de privacidad, que pueden diferir de nuestras pol\u00edticas. No respaldamos ni hacemos ninguna declaraci\u00f3n sobre los sitios web de terceros. Los datos personales que usted decida proporcionar a estos terceros o que sean recogidos por ellos no est\u00e1n cubiertos por esta pol\u00edtica de privacidad. Le recomendamos que revise la pol\u00edtica de privacidad de cualquier persona, empresa o entidad antes de enviar su informaci\u00f3n personal.       <\/p><p><strong>10.<\/strong> <strong>Acceder a su informaci\u00f3n y actualizarla<\/strong><\/p><p>RHEIA se esfuerza por garantizar que su informaci\u00f3n personal se registra y almacena con precisi\u00f3n. Para proteger su intimidad, su seguridad y evitar imprecisiones, nos complace facilitarle el acceso a la informaci\u00f3n que conservamos de car\u00e1cter exclusivamente personal.   <\/p><p>Para solicitar detalles sobre sus datos personales en poder de RHEIA o si desea actualizar, corregir o eliminar su informaci\u00f3n, escriba a la siguiente direcci\u00f3n:<\/p><p>Responsable de protecci\u00f3n de datos<\/p><p>RHEIA, LLC<\/p><p>4636 S. 35th Street<\/p><p>Phoenix, AZ 85040<\/p><p><strong>Tel: <\/strong><a href=\"tel:602-857-8237\">602-857-8237<\/a><\/p><p><strong>Fax: <\/strong>N\/A<\/p><p><strong>Correo electr\u00f3nico<\/strong> <a href=\"mailto:it@rheiacomfort.com\">it@rheiacomfort.com<\/a><\/p><p>Indique su nombre, direcci\u00f3n y n\u00famero de tel\u00e9fono. Proporcione tambi\u00e9n breves detalles de la informaci\u00f3n requerida o de los cambios que deben realizarse en nuestros registros, ya que esto nos ayudar\u00e1 a satisfacer con precisi\u00f3n sus necesidades de datos. Para su protecci\u00f3n, tomaremos medidas razonables para confirmar su identidad antes de facilitarle detalles sobre cualquier informaci\u00f3n personal que podamos tener sobre usted.    <\/p><p><strong>11.<\/strong> <strong>Sus derechos de privacidad en California<\/strong>.<\/p><p>Si reside en California, la legislaci\u00f3n de este estado puede proporcionarle derechos adicionales en relaci\u00f3n con el uso que hacemos de su informaci\u00f3n personal. Visite <a href=\"https:\/\/oag.ca.gov\/privacy\/privacy-laws#:~:text=California%20Law%20%2D%20Constitutional%20Right%20to,to%20pursue%20and%20obtain%20%22privacy.\" target=\"_blank\" rel=\"noopener\">este enlace<\/a> para obtener m\u00e1s informaci\u00f3n sobre sus derechos de privacidad en California. <\/p><p><strong>12.<\/strong> <strong>Cambios en nuestra pol\u00edtica de privacidad<\/strong>.<\/p><p>Nuestra pol\u00edtica es publicar en esta p\u00e1gina cualquier cambio que hagamos en nuestra pol\u00edtica de privacidad. La fecha de la \u00faltima revisi\u00f3n de la pol\u00edtica de privacidad figura en la parte superior de la p\u00e1gina. Usted es responsable de asegurarse de que disponemos de una direcci\u00f3n de correo electr\u00f3nico actualizada, activa y utilizable, y de visitar peri\u00f3dicamente nuestro sitio web y esta pol\u00edtica de privacidad para comprobar si se han producido cambios.  <\/p><p><strong>13.<\/strong> <strong>Aceptaci\u00f3n de esta Pol\u00edtica.<\/strong><\/p><p>Al utilizar este sitio, usted acepta esta pol\u00edtica de privacidad. Nos reservamos el derecho a modificar esta pol\u00edtica de privacidad en cualquier momento. Las modificaciones de esta pol\u00edtica de privacidad entrar\u00e1n en vigor en el momento de su publicaci\u00f3n en el sitio web de RHEIA. Si contin\u00faa utilizando el sitio web de RHEIA despu\u00e9s de dichos cambios, se considerar\u00e1 que est\u00e1 de acuerdo con ellos. Si no est\u00e1 de acuerdo con los t\u00e9rminos de esta pol\u00edtica de privacidad -en su versi\u00f3n actual o en la que pueda modificarse peri\u00f3dicamente-, no siga utilizando este sitio web. Si decide no proporcionar determinada informaci\u00f3n de identificaci\u00f3n personal al registrarse o acceder a nuestro sitio web, es posible que algunos servicios en l\u00ednea no est\u00e9n disponibles para usted.     <\/p><p><strong>14.<\/strong> <strong>Preguntas o inquietudes.<\/strong><\/p><p>Si tiene alguna pregunta sobre esta pol\u00edtica de privacidad, o desea informar de una violaci\u00f3n de la privacidad o la seguridad conocida o sospechada, o presentar preguntas o reclamaciones relacionadas con la privacidad o la seguridad, p\u00f3ngase en contacto con nosotros a trav\u00e9s de:<\/p><p><strong>Tel\u00e9fono: <\/strong>Utilice la misma informaci\u00f3n que en la oferta de privacidad anterior<\/p><p><strong>Correo electr\u00f3nico:<\/strong> <a href=\"mailto:it@rheiacomfort.com\">it@rheiacomfort.com<\/a><\/p><p><strong>Correo ordinario:  <\/strong> <\/p><p>RHEIA, LLC<\/p><p>4636 S. 35th Street<\/p><p>Phoenix, AZ 85040<\/p>\t\t\t\t\t\t\t\t<\/div>\n\t\t\t\t<\/div>\n\t\t\t\t\t<\/div>\n\t\t<\/div>\n\t\t\t\t\t<\/div>\n\t\t<\/section>\n\t\t\t\t<\/div>\n\t\t","protected":false},"excerpt":{"rendered":"<p>POL\u00cdTICA DE PRIVACIDAD DE RHEIA, LLC Fechado: 18 de junio de 2020 Rheia, LLC (\u00abRHEIA\u00bb o la \u00abEmpresa\u00bb o \u00abNosotros\u00ab) se compromete a proteger la privacidad de los usuarios y visitantes de nuestro sitio web. Esta pol\u00edtica de privacidad es un documento legal que describe el tipo de informaci\u00f3n que podemos recopilar de usted cuando [&hellip;]<\/p>\n","protected":false},"author":4,"featured_media":0,"parent":0,"menu_order":0,"comment_status":"closed","ping_status":"closed","template":"","meta":{"inline_featured_image":false,"site-sidebar-layout":"no-sidebar","site-content-layout":"page-builder","ast-site-content-layout":"default","site-content-style":"default","site-sidebar-style":"default","ast-global-header-display":"","ast-banner-title-visibility":"","ast-main-header-display":"","ast-hfb-above-header-display":"","ast-hfb-below-header-display":"","ast-hfb-mobile-header-display":"","site-post-title":"disabled","ast-breadcrumbs-content":"","ast-featured-img":"disabled","footer-sml-layout":"","ast-disable-related-posts":"","theme-transparent-header-meta":"default","adv-header-id-meta":"","stick-header-meta":"","header-above-stick-meta":"","header-main-stick-meta":"","header-below-stick-meta":"","astra-migrate-meta-layouts":"default","ast-page-background-enabled":"default","ast-page-background-meta":{"desktop":{"background-color":"var(--ast-global-color-4)","background-image":"","background-repeat":"repeat","background-position":"center center","background-size":"auto","background-attachment":"scroll","background-type":"","background-media":"","overlay-type":"","overlay-color":"","overlay-opacity":"","overlay-gradient":""},"tablet":{"background-color":"","background-image":"","background-repeat":"repeat","background-position":"center center","background-size":"auto","background-attachment":"scroll","background-type":"","background-media":"","overlay-type":"","overlay-color":"","overlay-opacity":"","overlay-gradient":""},"mobile":{"background-color":"","background-image":"","background-repeat":"repeat","background-position":"center center","background-size":"auto","background-attachment":"scroll","background-type":"","background-media":"","overlay-type":"","overlay-color":"","overlay-opacity":"","overlay-gradient":""}},"ast-content-background-meta":{"desktop":{"background-color":"var(--ast-global-color-5)","background-image":"","background-repeat":"repeat","background-position":"center center","background-size":"auto","background-attachment":"scroll","background-type":"","background-media":"","overlay-type":"","overlay-color":"","overlay-opacity":"","overlay-gradient":""},"tablet":{"background-color":"var(--ast-global-color-5)","background-image":"","background-repeat":"repeat","background-position":"center center","background-size":"auto","background-attachment":"scroll","background-type":"","background-media":"","overlay-type":"","overlay-color":"","overlay-opacity":"","overlay-gradient":""},"mobile":{"background-color":"var(--ast-global-color-5)","background-image":"","background-repeat":"repeat","background-position":"center center","background-size":"auto","background-attachment":"scroll","background-type":"","background-media":"","overlay-type":"","overlay-color":"","overlay-opacity":"","overlay-gradient":""}},"footnotes":""},"class_list":["post-7126","page","type-page","status-publish","hentry"],"jetpack_sharing_enabled":true,"_links":{"self":[{"href":"https:\/\/rheiacomfort.com\/es\/wp-json\/wp\/v2\/pages\/7126","targetHints":{"allow":["GET"]}}],"collection":[{"href":"https:\/\/rheiacomfort.com\/es\/wp-json\/wp\/v2\/pages"}],"about":[{"href":"https:\/\/rheiacomfort.com\/es\/wp-json\/wp\/v2\/types\/page"}],"author":[{"embeddable":true,"href":"https:\/\/rheiacomfort.com\/es\/wp-json\/wp\/v2\/users\/4"}],"replies":[{"embeddable":true,"href":"https:\/\/rheiacomfort.com\/es\/wp-json\/wp\/v2\/comments?post=7126"}],"version-history":[{"count":4,"href":"https:\/\/rheiacomfort.com\/es\/wp-json\/wp\/v2\/pages\/7126\/revisions"}],"predecessor-version":[{"id":18951,"href":"https:\/\/rheiacomfort.com\/es\/wp-json\/wp\/v2\/pages\/7126\/revisions\/18951"}],"wp:attachment":[{"href":"https:\/\/rheiacomfort.com\/es\/wp-json\/wp\/v2\/media?parent=7126"}],"curies":[{"name":"wp","href":"https:\/\/api.w.org\/{rel}","templated":true}]}}