{"id":7134,"date":"2023-03-25T13:05:08","date_gmt":"2023-03-25T20:05:08","guid":{"rendered":"https:\/\/rheiacomfort.com\/mantenimiento-del-sistema-rheia-durante-la-construccion\/"},"modified":"2024-10-23T10:13:05","modified_gmt":"2024-10-23T17:13:05","slug":"mantenimiento-del-sistema-rheia-durante-la-construccion","status":"publish","type":"page","link":"https:\/\/rheiacomfort.com\/es\/mantenimiento-del-sistema-rheia-durante-la-construccion\/","title":{"rendered":"Mantenimiento del sistema Rheia durante la construcci\u00f3n"},"content":{"rendered":"\t\t<div data-elementor-type=\"wp-page\" data-elementor-id=\"7134\" class=\"elementor elementor-7134 elementor-4872\" data-elementor-settings=\"{&quot;ha_cmc_init_switcher&quot;:&quot;no&quot;}\" data-elementor-post-type=\"page\">\n\t\t\t\t\t\t<section class=\"elementor-section elementor-top-section elementor-element elementor-element-84ece79 elementor-section-boxed elementor-section-height-default elementor-section-height-default\" data-id=\"84ece79\" data-element_type=\"section\" data-e-type=\"section\" data-settings=\"{&quot;_ha_eqh_enable&quot;:false}\">\n\t\t\t\t\t\t<div class=\"elementor-container elementor-column-gap-default\">\n\t\t\t\t\t<div class=\"elementor-column elementor-col-100 elementor-top-column elementor-element elementor-element-c329e13\" data-id=\"c329e13\" data-element_type=\"column\" data-e-type=\"column\">\n\t\t\t<div class=\"elementor-widget-wrap elementor-element-populated\">\n\t\t\t\t\t\t<div class=\"elementor-element elementor-element-ec31a74 elementor-widget elementor-widget-text-editor\" data-id=\"ec31a74\" data-element_type=\"widget\" data-e-type=\"widget\" data-widget_type=\"text-editor.default\">\n\t\t\t\t<div class=\"elementor-widget-container\">\n\t\t\t\t\t\t\t\t\t<h1> <\/h1>\n<h1>Mantenimiento de conductos durante la construcci\u00f3n<\/h1>\n<h2 class=\"p1\">\u00bfEs necesario limpiar los conductos de suministro?<\/h2>\n<p>La calidad del aire interior es prioritaria para muchos compradores de viviendas. Todos queremos un aire interior de buena calidad, por lo que es l\u00f3gico limpiar peri\u00f3dicamente los conductos. Las fotos de conductos sucios y llenos de moho pueden dar miedo, pero la realidad es que s\u00f3lo es necesario limpiarlos en casos excepcionales de contaminaci\u00f3n grave. Si se sospecha que hay un problema, una inspecci\u00f3n visual del interior de los conductos, combinada con pruebas de calidad del aire, determinar\u00e1 las medidas necesarias para solucionar el problema.<\/p>\n<p>Sin embargo, seg\u00fan <a href=\"https:\/\/www.epa.gov\/sites\/default\/files\/2014-07\/documents\/airducts.pdf\" target=\"_blank\" rel=\"noopener\">las directrices de limpieza de conductos de<\/a> la EPA, los conductos de aire s\u00f3lo deben limpiarse cuando:<br \/>&#8211; Hay un crecimiento considerable de moho visible en el interior de conductos de superficie dura (por ejemplo, de chapa met\u00e1lica) o en otros componentes de tu sistema de calefacci\u00f3n y refrigeraci\u00f3n.<br \/>&#8211; Los conductos est\u00e1n infestados de alima\u00f1as, por ejemplo (roedores o insectos).<br \/>&#8211; Los conductos est\u00e1n obstruidos con cantidades excesivas de polvo y residuos y\/o se est\u00e1n liberando part\u00edculas a la vivienda desde tus registros de suministro.<\/p>\n<p><img fetchpriority=\"high\" decoding=\"async\" class=\"size-medium wp-image-4943 alignright\" src=\"https:\/\/rheiacomfort.com\/wp-content\/uploads\/2023\/03\/iStock-1303452584-300x200.jpg\" alt=\"\" width=\"300\" height=\"200\" title=\"\" srcset=\"https:\/\/rheiacomfort.com\/wp-content\/uploads\/2023\/03\/iStock-1303452584-300x200.jpg 300w, https:\/\/rheiacomfort.com\/wp-content\/uploads\/2023\/03\/iStock-1303452584-1024x683.jpg 1024w, https:\/\/rheiacomfort.com\/wp-content\/uploads\/2023\/03\/iStock-1303452584-768x512.jpg 768w, https:\/\/rheiacomfort.com\/wp-content\/uploads\/2023\/03\/iStock-1303452584-1536x1024.jpg 1536w, https:\/\/rheiacomfort.com\/wp-content\/uploads\/2023\/03\/iStock-1303452584-2048x1366.jpg 2048w\" sizes=\"(max-width: 300px) 100vw, 300px\" \/>En cuanto a la calidad del aire interior (IAQ), la EPA afirma:<\/p>\n<p><span style=\"color: #0071bc;\">&#8220;Nunca se ha demostrado que la limpieza de conductos prevenga realmente los problemas de salud. Tampoco hay estudios que demuestren de forma concluyente que los niveles de part\u00edculas (por ejemplo, polvo) en los hogares aumenten debido a la suciedad de los conductos de aire. Esto se debe a que gran parte de la suciedad de los conductos de aire se adhiere a las superficies de los conductos y no entra necesariamente en el espacio habitable.&#8221;<\/span><\/p>\n<p>As\u00ed que cuando un propietario toma posesi\u00f3n de su nueva casa, que se espera de un sistema de conductos que est\u00e1 limpio, libre de escombros, y un nuevo filtro de aire se ha instalado. Como constructor, puede tomar algunas medidas sencillas para cumplir sus expectativas.<\/p>\n<h2><strong>Mantener limpio el lugar de trabajo<\/strong><\/h2>\n<p>Durante la construcci\u00f3n de una casa nueva, es inevitable que se genere polvo y escombros. Un constructor diligente exigir\u00e1 que todos los contratistas de la casa limpien despu\u00e9s de terminar su trabajo. Los conductos de suministro de Rheia reducen la posibilidad de contaminaci\u00f3n de los conductos debido a su peque\u00f1o di\u00e1metro, pero parte del polvo y los residuos se depositar\u00e1n inevitablemente en las aberturas de los conductos y en las botas (m\u00e1s en el caso de las botas de suelo). Para minimizarlo, cubra las botas el mayor tiempo posible durante la construcci\u00f3n.<\/p>\n<h3><span style=\"color: #000000;\">Utilice siempre un filtro de aire durante la construcci\u00f3n<\/span><\/h3>\n<p><img decoding=\"async\" class=\"alignleft wp-image-4944\" src=\"https:\/\/rheiacomfort.com\/wp-content\/uploads\/2023\/03\/iStock-1458107855-300x200.jpg\" alt=\"\" width=\"400\" height=\"266\" title=\"\" srcset=\"https:\/\/rheiacomfort.com\/wp-content\/uploads\/2023\/03\/iStock-1458107855-300x200.jpg 300w, https:\/\/rheiacomfort.com\/wp-content\/uploads\/2023\/03\/iStock-1458107855-1024x681.jpg 1024w, https:\/\/rheiacomfort.com\/wp-content\/uploads\/2023\/03\/iStock-1458107855-768x511.jpg 768w, https:\/\/rheiacomfort.com\/wp-content\/uploads\/2023\/03\/iStock-1458107855-1536x1022.jpg 1536w, https:\/\/rheiacomfort.com\/wp-content\/uploads\/2023\/03\/iStock-1458107855-2048x1363.jpg 2048w\" sizes=\"(max-width: 400px) 100vw, 400px\" \/>En algunas situaciones, como en los climas fr\u00edos en invierno, el sistema de climatizaci\u00f3n se pone en marcha para acondicionar la vivienda. En particular, esto es t\u00edpico durante los trabajos de acabado de paneles de yeso.<\/p>\n<p>Cuando el sistema de calefacci\u00f3n, ventilaci\u00f3n y aire acondicionado est\u00e1 en funcionamiento, siempre debe instalarse un filtro de aire. Utiliza un filtro MERV 8 como m\u00ednimo durante la construcci\u00f3n; si no utilizas un filtro:<br \/>&#8211; Contaminar\u00e1s la unidad de tratamiento de aire y los conductos de suministro<br \/>&#8211; Reducir\u00e1s la eficacia del sistema de climatizaci\u00f3n<br \/>&#8211; Comprometer\u00e1s la vida \u00fatil de la unidad de tratamiento de aire<\/p>\n<p>Ejerza la diligencia debida para mantener limpios el equipo y el sistema de conductos. Si hay indicios de polvo de construcci\u00f3n en las botas, l\u00edmpielas con una aspiradora antes de poner en marcha el sistema.<\/p>\n<h2><strong>Puesta en marcha del sistema<\/strong><\/h2>\n<p>Debido a la menor velocidad del aire, los conductos de retorno pueden acumular polvo, el filtro recoger\u00e1 parte antes de que llegue a la unidad de tratamiento de aire y otra parte se depositar\u00e1 en los conductos de retorno. Mantenga limpios los conductos de retorno para evitar que el filtro se obstruya y sea necesario sustituirlo m\u00e1s a menudo.<\/p>\n<p>Antes de la puesta en marcha del sistema, cuando la unidad de tratamiento de aire est\u00e9 en funcionamiento, haga que el t\u00e9cnico limpie el equipo de tratamiento de aire de acuerdo con los requisitos del fabricante. Durante la puesta en marcha del sistema, cualquier resto de polvo suelto se mover\u00e1 a trav\u00e9s del conducto y ser\u00e1 expulsado a la habitaci\u00f3n. Esta situaci\u00f3n ser\u00e1 temporal hasta que no haya m\u00e1s polvo suelto en los conductos.<\/p>\n<h2><strong>Recursos<\/strong><\/h2>\n<p>Para sus propietarios:<\/p>\n<p><a href=\"https:\/\/rheiacomfort.com\/wp-content\/uploads\/2023\/03\/Rheia_Duct_Cleaning_Step-By_Step_03-11-23.pdf\">Paso a paso: C\u00f3mo limpiar el sistema Rheia<\/a><\/p>\n\t\t\t\t\t\t\t\t<\/div>\n\t\t\t\t<\/div>\n\t\t\t\t\t<\/div>\n\t\t<\/div>\n\t\t\t\t\t<\/div>\n\t\t<\/section>\n\t\t\t\t<\/div>\n\t\t","protected":false},"excerpt":{"rendered":"<p>Mantenimiento de conductos durante la construcci\u00f3n \u00bfEs necesario limpiar los conductos de suministro? La calidad del aire interior es prioritaria para muchos compradores de viviendas. Todos queremos un aire interior de buena calidad, por lo que es l\u00f3gico limpiar peri\u00f3dicamente los conductos. Las fotos de conductos sucios y llenos de moho pueden dar miedo, pero [&hellip;]<\/p>\n","protected":false},"author":4,"featured_media":0,"parent":0,"menu_order":0,"comment_status":"closed","ping_status":"closed","template":"","meta":{"inline_featured_image":false,"site-sidebar-layout":"no-sidebar","site-content-layout":"page-builder","ast-site-content-layout":"default","site-content-style":"default","site-sidebar-style":"default","ast-global-header-display":"","ast-banner-title-visibility":"","ast-main-header-display":"","ast-hfb-above-header-display":"","ast-hfb-below-header-display":"","ast-hfb-mobile-header-display":"","site-post-title":"disabled","ast-breadcrumbs-content":"","ast-featured-img":"disabled","footer-sml-layout":"","theme-transparent-header-meta":"default","adv-header-id-meta":"","stick-header-meta":"","header-above-stick-meta":"","header-main-stick-meta":"","header-below-stick-meta":"","astra-migrate-meta-layouts":"default","ast-page-background-enabled":"default","ast-page-background-meta":{"desktop":{"background-color":"var(--ast-global-color-4)","background-image":"","background-repeat":"repeat","background-position":"center center","background-size":"auto","background-attachment":"scroll","background-type":"","background-media":"","overlay-type":"","overlay-color":"","overlay-opacity":"","overlay-gradient":""},"tablet":{"background-color":"","background-image":"","background-repeat":"repeat","background-position":"center center","background-size":"auto","background-attachment":"scroll","background-type":"","background-media":"","overlay-type":"","overlay-color":"","overlay-opacity":"","overlay-gradient":""},"mobile":{"background-color":"","background-image":"","background-repeat":"repeat","background-position":"center center","background-size":"auto","background-attachment":"scroll","background-type":"","background-media":"","overlay-type":"","overlay-color":"","overlay-opacity":"","overlay-gradient":""}},"ast-content-background-meta":{"desktop":{"background-color":"var(--ast-global-color-5)","background-image":"","background-repeat":"repeat","background-position":"center center","background-size":"auto","background-attachment":"scroll","background-type":"","background-media":"","overlay-type":"","overlay-color":"","overlay-opacity":"","overlay-gradient":""},"tablet":{"background-color":"var(--ast-global-color-5)","background-image":"","background-repeat":"repeat","background-position":"center center","background-size":"auto","background-attachment":"scroll","background-type":"","background-media":"","overlay-type":"","overlay-color":"","overlay-opacity":"","overlay-gradient":""},"mobile":{"background-color":"var(--ast-global-color-5)","background-image":"","background-repeat":"repeat","background-position":"center center","background-size":"auto","background-attachment":"scroll","background-type":"","background-media":"","overlay-type":"","overlay-color":"","overlay-opacity":"","overlay-gradient":""}},"footnotes":""},"class_list":["post-7134","page","type-page","status-publish","hentry"],"jetpack_sharing_enabled":true,"_links":{"self":[{"href":"https:\/\/rheiacomfort.com\/es\/wp-json\/wp\/v2\/pages\/7134","targetHints":{"allow":["GET"]}}],"collection":[{"href":"https:\/\/rheiacomfort.com\/es\/wp-json\/wp\/v2\/pages"}],"about":[{"href":"https:\/\/rheiacomfort.com\/es\/wp-json\/wp\/v2\/types\/page"}],"author":[{"embeddable":true,"href":"https:\/\/rheiacomfort.com\/es\/wp-json\/wp\/v2\/users\/4"}],"replies":[{"embeddable":true,"href":"https:\/\/rheiacomfort.com\/es\/wp-json\/wp\/v2\/comments?post=7134"}],"version-history":[{"count":3,"href":"https:\/\/rheiacomfort.com\/es\/wp-json\/wp\/v2\/pages\/7134\/revisions"}],"predecessor-version":[{"id":12300,"href":"https:\/\/rheiacomfort.com\/es\/wp-json\/wp\/v2\/pages\/7134\/revisions\/12300"}],"wp:attachment":[{"href":"https:\/\/rheiacomfort.com\/es\/wp-json\/wp\/v2\/media?parent=7134"}],"curies":[{"name":"wp","href":"https:\/\/api.w.org\/{rel}","templated":true}]}}