{"id":8542,"date":"2024-05-12T14:44:41","date_gmt":"2024-05-12T21:44:41","guid":{"rendered":"https:\/\/rheiacomfort.com\/blog-de-rheia-profundizar-en-las-mejores-practicas-e-innovaciones-de-la-climatizacion\/"},"modified":"2024-05-12T14:53:19","modified_gmt":"2024-05-12T21:53:19","slug":"blog-de-rheia-profundizar-en-las-mejores-practicas-e-innovaciones-de-la-climatizacion","status":"publish","type":"page","link":"https:\/\/rheiacomfort.com\/es\/blog-de-rheia-profundizar-en-las-mejores-practicas-e-innovaciones-de-la-climatizacion\/","title":{"rendered":"Blog de Rheia | Profundizar en las mejores pr\u00e1cticas e innovaciones de la climatizaci\u00f3n"},"content":{"rendered":"\t\t<div data-elementor-type=\"wp-page\" data-elementor-id=\"8542\" class=\"elementor elementor-8542\" data-elementor-settings=\"{&quot;ha_cmc_init_switcher&quot;:&quot;no&quot;}\" data-elementor-post-type=\"page\">\n\t\t\t\t\t\t<section class=\"elementor-section elementor-top-section elementor-element elementor-element-106768a elementor-section-boxed elementor-section-height-default elementor-section-height-default\" data-id=\"106768a\" data-element_type=\"section\" data-e-type=\"section\" id=\"header-with-text\" data-settings=\"{&quot;background_background&quot;:&quot;classic&quot;,&quot;_ha_eqh_enable&quot;:false}\">\n\t\t\t\t\t\t<div class=\"elementor-container elementor-column-gap-default\">\n\t\t\t\t\t<div class=\"elementor-column elementor-col-100 elementor-top-column elementor-element elementor-element-3e2fe60\" data-id=\"3e2fe60\" data-element_type=\"column\" data-e-type=\"column\">\n\t\t\t<div class=\"elementor-widget-wrap elementor-element-populated\">\n\t\t\t\t\t\t<div class=\"elementor-element elementor-element-8eeae27 elementor-position-left elementor-vertical-align-middle elementor-widget elementor-widget-image-box\" data-id=\"8eeae27\" data-element_type=\"widget\" data-e-type=\"widget\" data-widget_type=\"image-box.default\">\n\t\t\t\t<div class=\"elementor-widget-container\">\n\t\t\t\t\t<div class=\"elementor-image-box-wrapper\"><figure class=\"elementor-image-box-img\"><img decoding=\"async\" width=\"170\" height=\"170\" src=\"https:\/\/rheiacomfort.com\/wp-content\/uploads\/2022\/06\/news.png\" class=\"attachment-full size-full wp-image-423\" alt=\"Legal and privacy icon and Designer Resources and News\" title=\"\" srcset=\"https:\/\/rheiacomfort.com\/wp-content\/uploads\/2022\/06\/news.png 170w, https:\/\/rheiacomfort.com\/wp-content\/uploads\/2022\/06\/news-150x150.png 150w\" sizes=\"(max-width: 170px) 100vw, 170px\" \/><\/figure><div class=\"elementor-image-box-content\"><h1 class=\"elementor-image-box-title\">Blog de Rheia | Profundizar en las mejores pr\u00e1cticas e innovaciones de la climatizaci\u00f3n<\/h1><p class=\"elementor-image-box-description\">Mant\u00e9ngase al d\u00eda de los comunicados de prensa, las noticias y el blog de Rheia.  <\/p><\/div><\/div>\t\t\t\t<\/div>\n\t\t\t\t<\/div>\n\t\t\t\t\t<\/div>\n\t\t<\/div>\n\t\t\t\t\t<\/div>\n\t\t<\/section>\n\t\t\t\t<section class=\"elementor-section elementor-top-section elementor-element elementor-element-ab59cf2 elementor-section-full_width full-width-lines elementor-section-height-default elementor-section-height-default\" data-id=\"ab59cf2\" data-element_type=\"section\" data-e-type=\"section\" data-settings=\"{&quot;_ha_eqh_enable&quot;:false}\">\n\t\t\t\t\t\t<div class=\"elementor-container elementor-column-gap-no\">\n\t\t\t\t\t<div class=\"elementor-column elementor-col-100 elementor-top-column elementor-element elementor-element-e3143fe\" data-id=\"e3143fe\" data-element_type=\"column\" data-e-type=\"column\">\n\t\t\t<div class=\"elementor-widget-wrap\">\n\t\t\t\t\t\t\t<\/div>\n\t\t<\/div>\n\t\t\t\t\t<\/div>\n\t\t<\/section>\n\t\t\t\t<section class=\"elementor-section elementor-top-section elementor-element elementor-element-8c82e52 posts-block elementor-section-boxed elementor-section-height-default elementor-section-height-default\" data-id=\"8c82e52\" data-element_type=\"section\" data-e-type=\"section\" id=\"new-row\" data-settings=\"{&quot;_ha_eqh_enable&quot;:false}\">\n\t\t\t\t\t\t<div class=\"elementor-container elementor-column-gap-default\">\n\t\t\t\t\t<div class=\"elementor-column elementor-col-100 elementor-top-column elementor-element elementor-element-1e42211\" data-id=\"1e42211\" data-element_type=\"column\" data-e-type=\"column\">\n\t\t\t<div class=\"elementor-widget-wrap elementor-element-populated\">\n\t\t\t\t\t\t<div class=\"elementor-element elementor-element-0a6babe elementor-grid-1 elementor-grid-tablet-2 elementor-grid-mobile-1 elementor-posts--thumbnail-top elementor-widget elementor-widget-posts\" data-id=\"0a6babe\" data-element_type=\"widget\" data-e-type=\"widget\" data-settings=\"{&quot;classic_columns&quot;:&quot;1&quot;,&quot;classic_row_gap&quot;:{&quot;unit&quot;:&quot;px&quot;,&quot;size&quot;:30,&quot;sizes&quot;:[]},&quot;classic_columns_tablet&quot;:&quot;2&quot;,&quot;classic_columns_mobile&quot;:&quot;1&quot;,&quot;classic_row_gap_tablet&quot;:{&quot;unit&quot;:&quot;px&quot;,&quot;size&quot;:&quot;&quot;,&quot;sizes&quot;:[]},&quot;classic_row_gap_mobile&quot;:{&quot;unit&quot;:&quot;px&quot;,&quot;size&quot;:&quot;&quot;,&quot;sizes&quot;:[]}}\" data-widget_type=\"posts.classic\">\n\t\t\t\t<div class=\"elementor-widget-container\">\n\t\t\t\t\t\t\t<div class=\"elementor-posts-container elementor-posts elementor-posts--skin-classic elementor-grid\" role=\"list\">\n\t\t\t\t<article class=\"elementor-post elementor-grid-item post-17861 post type-post status-publish format-standard has-post-thumbnail hentry category-blog-de-rheia\" role=\"listitem\">\n\t\t\t\t<a class=\"elementor-post__thumbnail__link\" href=\"https:\/\/rheiacomfort.com\/es\/lanzamiento-de-un-nuevo-producto-bota-de-pared-de-doble-conducto\/\" tabindex=\"-1\">\n\t\t\t<div class=\"elementor-post__thumbnail\"><img fetchpriority=\"high\" decoding=\"async\" width=\"500\" height=\"400\" src=\"https:\/\/rheiacomfort.com\/wp-content\/uploads\/2026\/04\/boot-sidewall-double.png\" class=\"attachment-full size-full wp-image-17758\" alt=\"\" title=\"\" srcset=\"https:\/\/rheiacomfort.com\/wp-content\/uploads\/2026\/04\/boot-sidewall-double.png 500w, https:\/\/rheiacomfort.com\/wp-content\/uploads\/2026\/04\/boot-sidewall-double-300x240.png 300w, https:\/\/rheiacomfort.com\/wp-content\/uploads\/2026\/04\/boot-sidewall-double-360x288.png 360w\" sizes=\"(max-width: 500px) 100vw, 500px\" \/><\/div>\n\t\t<\/a>\n\t\t\t\t<div class=\"elementor-post__text\">\n\t\t\t\t<h2 class=\"elementor-post__title\">\n\t\t\t<a href=\"https:\/\/rheiacomfort.com\/es\/lanzamiento-de-un-nuevo-producto-bota-de-pared-de-doble-conducto\/\">\n\t\t\t\tLanzamiento de un nuevo producto: Bota de Pared de Doble Conducto\t\t\t<\/a>\n\t\t<\/h2>\n\t\t\t\t<div class=\"elementor-post__meta-data\">\n\t\t\t\t\t<span class=\"elementor-post-date\">\n\t\t\t23 de abril de 2026\t\t<\/span>\n\t\t\t\t<\/div>\n\t\t\t\t<div class=\"elementor-post__excerpt\">\n\t\t\t<p>Rheia, LLC anuncia el lanzamiento de su nueva Bota de Pared de Conducto Doble, la \u00faltima incorporaci\u00f3n a su creciente l\u00ednea de componentes de distribuci\u00f3n<\/p>\n\t\t<\/div>\n\t\t\t\t<\/div>\n\t\t\t\t<\/article>\n\t\t\t\t<article class=\"elementor-post elementor-grid-item post-16410 post type-post status-publish format-standard has-post-thumbnail hentry category-blog-de-rheia\" role=\"listitem\">\n\t\t\t\t<a class=\"elementor-post__thumbnail__link\" href=\"https:\/\/rheiacomfort.com\/es\/ya-esta-aqui-el-nuevo-manual-de-puesta-en-marcha-del-flujo-de-aire-de-rheia\/\" tabindex=\"-1\">\n\t\t\t<div class=\"elementor-post__thumbnail\"><img decoding=\"async\" width=\"1000\" height=\"600\" src=\"https:\/\/rheiacomfort.com\/wp-content\/uploads\/2025\/03\/Untitled-1.png\" class=\"attachment-full size-full wp-image-12757\" alt=\"Installation guidelines example pages\" title=\"\"><\/div>\n\t\t<\/a>\n\t\t\t\t<div class=\"elementor-post__text\">\n\t\t\t\t<h2 class=\"elementor-post__title\">\n\t\t\t<a href=\"https:\/\/rheiacomfort.com\/es\/ya-esta-aqui-el-nuevo-manual-de-puesta-en-marcha-del-flujo-de-aire-de-rheia\/\">\n\t\t\t\t\u00a1Ya est\u00e1 aqu\u00ed el nuevo Manual de Puesta en Marcha del Flujo de Aire de Rheia!\t\t\t<\/a>\n\t\t<\/h2>\n\t\t\t\t<div class=\"elementor-post__meta-data\">\n\t\t\t\t\t<span class=\"elementor-post-date\">\n\t\t\t25 de septiembre de 2025\t\t<\/span>\n\t\t\t\t<\/div>\n\t\t\t\t<div class=\"elementor-post__excerpt\">\n\t\t\t<p>Rheia publica su Manual de Puesta en Marcha del Flujo de Aire: Phoenix, 19 de marzo de 2025 &#8211; En Rheia, sabemos que un componente<\/p>\n\t\t<\/div>\n\t\t\t\t<\/div>\n\t\t\t\t<\/article>\n\t\t\t\t<article class=\"elementor-post elementor-grid-item post-12806 post type-post status-publish format-standard has-post-thumbnail hentry category-blog-de-rheia\" role=\"listitem\">\n\t\t\t\t<a class=\"elementor-post__thumbnail__link\" href=\"https:\/\/rheiacomfort.com\/es\/verificar-rheia-guia-de-orientacion-del-lote\/\" tabindex=\"-1\">\n\t\t\t<div class=\"elementor-post__thumbnail\"><img loading=\"lazy\" decoding=\"async\" width=\"360\" height=\"288\" src=\"https:\/\/rheiacomfort.com\/wp-content\/uploads\/2025\/03\/Untitled-1-1.png\" class=\"attachment-full size-full wp-image-12834\" alt=\"\" title=\"\" srcset=\"https:\/\/rheiacomfort.com\/wp-content\/uploads\/2025\/03\/Untitled-1-1.png 360w, https:\/\/rheiacomfort.com\/wp-content\/uploads\/2025\/03\/Untitled-1-1-300x240.png 300w\" sizes=\"(max-width: 360px) 100vw, 360px\" \/><\/div>\n\t\t<\/a>\n\t\t\t\t<div class=\"elementor-post__text\">\n\t\t\t\t<h2 class=\"elementor-post__title\">\n\t\t\t<a href=\"https:\/\/rheiacomfort.com\/es\/verificar-rheia-guia-de-orientacion-del-lote\/\">\n\t\t\t\tReia Verifica: Caracter\u00edstica de orientaci\u00f3n del lote\t\t\t<\/a>\n\t\t<\/h2>\n\t\t\t\t<div class=\"elementor-post__meta-data\">\n\t\t\t\t\t<span class=\"elementor-post-date\">\n\t\t\t25 de marzo de 2025\t\t<\/span>\n\t\t\t\t<\/div>\n\t\t\t\t<div class=\"elementor-post__excerpt\">\n\t\t\t<p>Selecci\u00f3n de la Orientaci\u00f3n del Lote en Rheia Verify: Una forma m\u00e1s inteligente y r\u00e1pida de trabajar sobre el terreno Phoenix, 19 de marzo de<\/p>\n\t\t<\/div>\n\t\t\t\t<\/div>\n\t\t\t\t<\/article>\n\t\t\t\t<article class=\"elementor-post elementor-grid-item post-12777 post type-post status-publish format-standard has-post-thumbnail hentry category-blog-de-rheia\" role=\"listitem\">\n\t\t\t\t<a class=\"elementor-post__thumbnail__link\" href=\"https:\/\/rheiacomfort.com\/es\/ya-esta-aqui-el-nuevo-manual-de-instalacion-de-rheia\/\" tabindex=\"-1\">\n\t\t\t<div class=\"elementor-post__thumbnail\"><img decoding=\"async\" width=\"1000\" height=\"600\" src=\"https:\/\/rheiacomfort.com\/wp-content\/uploads\/2025\/03\/Untitled-1.png\" class=\"attachment-full size-full wp-image-12757\" alt=\"Installation guidelines example pages\" title=\"\"><\/div>\n\t\t<\/a>\n\t\t\t\t<div class=\"elementor-post__text\">\n\t\t\t\t<h2 class=\"elementor-post__title\">\n\t\t\t<a href=\"https:\/\/rheiacomfort.com\/es\/ya-esta-aqui-el-nuevo-manual-de-instalacion-de-rheia\/\">\n\t\t\t\t\u00a1Ya est\u00e1 aqu\u00ed el nuevo Manual de Instalaci\u00f3n de Rheia!\t\t\t<\/a>\n\t\t<\/h2>\n\t\t\t\t<div class=\"elementor-post__meta-data\">\n\t\t\t\t\t<span class=\"elementor-post-date\">\n\t\t\t19 de marzo de 2025\t\t<\/span>\n\t\t\t\t<\/div>\n\t\t\t\t<div class=\"elementor-post__excerpt\">\n\t\t\t<p>Rheia publica un nuevo Manual de Instalaci\u00f3n de Rough-In: Phoenix, 19 de marzo de 2025 &#8211; En Rheia, sabemos que el \u00e9xito de una instalaci\u00f3n<\/p>\n\t\t<\/div>\n\t\t\t\t<\/div>\n\t\t\t\t<\/article>\n\t\t\t\t<article class=\"elementor-post elementor-grid-item post-11691 post type-post status-publish format-standard has-post-thumbnail hentry category-blog-de-rheia\" role=\"listitem\">\n\t\t\t\t<a class=\"elementor-post__thumbnail__link\" href=\"https:\/\/rheiacomfort.com\/es\/lanzamiento-de-un-nuevo-producto-bota-de-suelo-de-doble-conducto\/\" tabindex=\"-1\">\n\t\t\t<div class=\"elementor-post__thumbnail\"><img loading=\"lazy\" decoding=\"async\" width=\"3840\" height=\"2160\" src=\"https:\/\/rheiacomfort.com\/wp-content\/uploads\/2024\/09\/double_boot_over_web.jpg\" class=\"attachment-full size-full wp-image-11666\" alt=\"\" title=\"\"><\/div>\n\t\t<\/a>\n\t\t\t\t<div class=\"elementor-post__text\">\n\t\t\t\t<h2 class=\"elementor-post__title\">\n\t\t\t<a href=\"https:\/\/rheiacomfort.com\/es\/lanzamiento-de-un-nuevo-producto-bota-de-suelo-de-doble-conducto\/\">\n\t\t\t\tLanzamiento de un nuevo producto: Bota de suelo de doble conducto\t\t\t<\/a>\n\t\t<\/h2>\n\t\t\t\t<div class=\"elementor-post__meta-data\">\n\t\t\t\t\t<span class=\"elementor-post-date\">\n\t\t\t19 de septiembre de 2024\t\t<\/span>\n\t\t\t\t<\/div>\n\t\t\t\t<div class=\"elementor-post__excerpt\">\n\t\t\t<p>Rheia presenta una nueva incorporaci\u00f3n a su gama de componentes: La Bota de Suelo de Doble Conducto. Phoenix, 19 de septiembre de 2024 &#8211; Rheia,<\/p>\n\t\t<\/div>\n\t\t\t\t<\/div>\n\t\t\t\t<\/article>\n\t\t\t\t<article class=\"elementor-post elementor-grid-item post-11596 post type-post status-publish format-standard has-post-thumbnail hentry category-blog-de-rheia tag-eficiencia-energetica tag-energstar-es tag-energystar3-2-es tag-fhaloans-es tag-hvaceficiencia tag-hvacperformance-es tag-iecc2012-es tag-netzero-es tag-normas-energeticas\" role=\"listitem\">\n\t\t\t\t<a class=\"elementor-post__thumbnail__link\" href=\"https:\/\/rheiacomfort.com\/es\/nuevas-normas-minimas-de-energia-de-la-fha\/\" tabindex=\"-1\">\n\t\t\t<div class=\"elementor-post__thumbnail\"><img loading=\"lazy\" decoding=\"async\" width=\"2560\" height=\"1707\" src=\"https:\/\/rheiacomfort.com\/wp-content\/uploads\/2024\/08\/AdobeStock_333845782_web.webp\" class=\"attachment-full size-full wp-image-11579\" alt=\"new energy standards\" title=\"\"><\/div>\n\t\t<\/a>\n\t\t\t\t<div class=\"elementor-post__text\">\n\t\t\t\t<h2 class=\"elementor-post__title\">\n\t\t\t<a href=\"https:\/\/rheiacomfort.com\/es\/nuevas-normas-minimas-de-energia-de-la-fha\/\">\n\t\t\t\tNuevas normas m\u00ednimas de energ\u00eda de la FHA\t\t\t<\/a>\n\t\t<\/h2>\n\t\t\t\t<div class=\"elementor-post__meta-data\">\n\t\t\t\t\t<span class=\"elementor-post-date\">\n\t\t\t25 de agosto de 2024\t\t<\/span>\n\t\t\t\t<\/div>\n\t\t\t\t<div class=\"elementor-post__excerpt\">\n\t\t\t<p>Resumen de las Normas Energ\u00e9ticas M\u00ednimas El 26 de abril de 2024, el Departamento de Vivienda y Desarrollo Urbano de EE.UU. (HUD) actualiz\u00f3 sus normas<\/p>\n\t\t<\/div>\n\t\t\t\t<\/div>\n\t\t\t\t<\/article>\n\t\t\t\t<\/div>\n\t\t\n\t\t\t\t\t\t<\/div>\n\t\t\t\t<\/div>\n\t\t\t\t\t<\/div>\n\t\t<\/div>\n\t\t\t\t\t<\/div>\n\t\t<\/section>\n\t\t\t\t<\/div>\n\t\t","protected":false},"excerpt":{"rendered":"<p>Mant\u00e9ngase al d\u00eda de los comunicados de prensa, las noticias y el blog de Rheia.<\/p>\n","protected":false},"author":4,"featured_media":0,"parent":0,"menu_order":0,"comment_status":"closed","ping_status":"closed","template":"","meta":{"inline_featured_image":false,"site-sidebar-layout":"no-sidebar","site-content-layout":"page-builder","ast-site-content-layout":"default","site-content-style":"default","site-sidebar-style":"default","ast-global-header-display":"","ast-banner-title-visibility":"","ast-main-header-display":"","ast-hfb-above-header-display":"","ast-hfb-below-header-display":"","ast-hfb-mobile-header-display":"","site-post-title":"disabled","ast-breadcrumbs-content":"","ast-featured-img":"disabled","footer-sml-layout":"","theme-transparent-header-meta":"default","adv-header-id-meta":"","stick-header-meta":"","header-above-stick-meta":"","header-main-stick-meta":"","header-below-stick-meta":"","astra-migrate-meta-layouts":"default","ast-page-background-enabled":"default","ast-page-background-meta":{"desktop":{"background-color":"var(--ast-global-color-4)","background-image":"","background-repeat":"repeat","background-position":"center center","background-size":"auto","background-attachment":"scroll","background-type":"","background-media":"","overlay-type":"","overlay-color":"","overlay-opacity":"","overlay-gradient":""},"tablet":{"background-color":"","background-image":"","background-repeat":"repeat","background-position":"center center","background-size":"auto","background-attachment":"scroll","background-type":"","background-media":"","overlay-type":"","overlay-color":"","overlay-opacity":"","overlay-gradient":""},"mobile":{"background-color":"","background-image":"","background-repeat":"repeat","background-position":"center center","background-size":"auto","background-attachment":"scroll","background-type":"","background-media":"","overlay-type":"","overlay-color":"","overlay-opacity":"","overlay-gradient":""}},"ast-content-background-meta":{"desktop":{"background-color":"var(--ast-global-color-5)","background-image":"","background-repeat":"repeat","background-position":"center center","background-size":"auto","background-attachment":"scroll","background-type":"","background-media":"","overlay-type":"","overlay-color":"","overlay-opacity":"","overlay-gradient":""},"tablet":{"background-color":"var(--ast-global-color-5)","background-image":"","background-repeat":"repeat","background-position":"center center","background-size":"auto","background-attachment":"scroll","background-type":"","background-media":"","overlay-type":"","overlay-color":"","overlay-opacity":"","overlay-gradient":""},"mobile":{"background-color":"var(--ast-global-color-5)","background-image":"","background-repeat":"repeat","background-position":"center center","background-size":"auto","background-attachment":"scroll","background-type":"","background-media":"","overlay-type":"","overlay-color":"","overlay-opacity":"","overlay-gradient":""}},"footnotes":""},"class_list":["post-8542","page","type-page","status-publish","hentry"],"jetpack_sharing_enabled":true,"_links":{"self":[{"href":"https:\/\/rheiacomfort.com\/es\/wp-json\/wp\/v2\/pages\/8542","targetHints":{"allow":["GET"]}}],"collection":[{"href":"https:\/\/rheiacomfort.com\/es\/wp-json\/wp\/v2\/pages"}],"about":[{"href":"https:\/\/rheiacomfort.com\/es\/wp-json\/wp\/v2\/types\/page"}],"author":[{"embeddable":true,"href":"https:\/\/rheiacomfort.com\/es\/wp-json\/wp\/v2\/users\/4"}],"replies":[{"embeddable":true,"href":"https:\/\/rheiacomfort.com\/es\/wp-json\/wp\/v2\/comments?post=8542"}],"version-history":[{"count":3,"href":"https:\/\/rheiacomfort.com\/es\/wp-json\/wp\/v2\/pages\/8542\/revisions"}],"predecessor-version":[{"id":8545,"href":"https:\/\/rheiacomfort.com\/es\/wp-json\/wp\/v2\/pages\/8542\/revisions\/8545"}],"wp:attachment":[{"href":"https:\/\/rheiacomfort.com\/es\/wp-json\/wp\/v2\/media?parent=8542"}],"curies":[{"name":"wp","href":"https:\/\/api.w.org\/{rel}","templated":true}]}}