{"id":8550,"date":"2024-05-12T15:05:52","date_gmt":"2024-05-12T22:05:52","guid":{"rendered":"https:\/\/rheiacomfort.com\/blog-de-rheia-buenas-practicas-e-innovaciones-en-climatizacion\/"},"modified":"2024-05-12T19:49:03","modified_gmt":"2024-05-13T02:49:03","slug":"blog-de-rheia-buenas-practicas-e-innovaciones-en-climatizacion","status":"publish","type":"page","link":"https:\/\/rheiacomfort.com\/es\/blog-de-rheia-buenas-practicas-e-innovaciones-en-climatizacion\/","title":{"rendered":"Blog de Rheia | Buenas pr\u00e1cticas e innovaciones en climatizaci\u00f3n"},"content":{"rendered":"\t\t<div data-elementor-type=\"wp-page\" data-elementor-id=\"8550\" class=\"elementor elementor-8550 elementor-8547\" data-elementor-settings=\"{&quot;ha_cmc_init_switcher&quot;:&quot;no&quot;}\" data-elementor-post-type=\"page\">\n\t\t\t\t\t\t<section class=\"elementor-section elementor-top-section elementor-element elementor-element-106768a elementor-section-boxed elementor-section-height-default elementor-section-height-default\" data-id=\"106768a\" data-element_type=\"section\" data-e-type=\"section\" id=\"header-with-text\" data-settings=\"{&quot;background_background&quot;:&quot;classic&quot;,&quot;_ha_eqh_enable&quot;:false}\">\n\t\t\t\t\t\t<div class=\"elementor-container elementor-column-gap-default\">\n\t\t\t\t\t<div class=\"elementor-column elementor-col-100 elementor-top-column elementor-element elementor-element-3e2fe60\" data-id=\"3e2fe60\" data-element_type=\"column\" data-e-type=\"column\">\n\t\t\t<div class=\"elementor-widget-wrap elementor-element-populated\">\n\t\t\t\t\t\t<div class=\"elementor-element elementor-element-8eeae27 elementor-position-left elementor-vertical-align-middle elementor-widget elementor-widget-image-box\" data-id=\"8eeae27\" data-element_type=\"widget\" data-e-type=\"widget\" data-widget_type=\"image-box.default\">\n\t\t\t\t<div class=\"elementor-widget-container\">\n\t\t\t\t\t<div class=\"elementor-image-box-wrapper\"><figure class=\"elementor-image-box-img\"><img decoding=\"async\" width=\"170\" height=\"170\" src=\"https:\/\/rheiacomfort.com\/wp-content\/uploads\/2022\/06\/news.png\" class=\"attachment-full size-full wp-image-423\" alt=\"Legal and privacy icon and Designer Resources and News\" title=\"\" srcset=\"https:\/\/rheiacomfort.com\/wp-content\/uploads\/2022\/06\/news.png 170w, https:\/\/rheiacomfort.com\/wp-content\/uploads\/2022\/06\/news-150x150.png 150w\" sizes=\"(max-width: 170px) 100vw, 170px\" \/><\/figure><div class=\"elementor-image-box-content\"><h1 class=\"elementor-image-box-title\">Blog de Rheia | Buenas pr\u00e1cticas e innovaciones en climatizaci\u00f3n<\/h1><p class=\"elementor-image-box-description\">Sigue el blog de Rheia para obtener m\u00e1s informaci\u00f3n, buenas pr\u00e1cticas e innovaciones en el sector de la climatizaci\u00f3n.<\/p><\/div><\/div>\t\t\t\t<\/div>\n\t\t\t\t<\/div>\n\t\t\t\t\t<\/div>\n\t\t<\/div>\n\t\t\t\t\t<\/div>\n\t\t<\/section>\n\t\t\t\t<section class=\"elementor-section elementor-top-section elementor-element elementor-element-ab59cf2 elementor-section-full_width full-width-lines elementor-section-height-default elementor-section-height-default\" data-id=\"ab59cf2\" data-element_type=\"section\" data-e-type=\"section\" data-settings=\"{&quot;_ha_eqh_enable&quot;:false}\">\n\t\t\t\t\t\t<div class=\"elementor-container elementor-column-gap-no\">\n\t\t\t\t\t<div class=\"elementor-column elementor-col-100 elementor-top-column elementor-element elementor-element-e3143fe\" data-id=\"e3143fe\" data-element_type=\"column\" data-e-type=\"column\">\n\t\t\t<div class=\"elementor-widget-wrap\">\n\t\t\t\t\t\t\t<\/div>\n\t\t<\/div>\n\t\t\t\t\t<\/div>\n\t\t<\/section>\n\t\t\t\t<section class=\"elementor-section elementor-top-section elementor-element elementor-element-8e684e3 elementor-section-boxed elementor-section-height-default elementor-section-height-default\" data-id=\"8e684e3\" data-element_type=\"section\" data-e-type=\"section\" data-settings=\"{&quot;_ha_eqh_enable&quot;:false}\">\n\t\t\t\t\t\t<div class=\"elementor-container elementor-column-gap-default\">\n\t\t\t\t\t<div class=\"elementor-column elementor-col-100 elementor-top-column elementor-element elementor-element-327022c\" data-id=\"327022c\" data-element_type=\"column\" data-e-type=\"column\">\n\t\t\t<div class=\"elementor-widget-wrap elementor-element-populated\">\n\t\t\t\t\t\t<div class=\"elementor-element elementor-element-d71c0a8 elementor-widget elementor-widget-uael-posts\" data-id=\"d71c0a8\" data-element_type=\"widget\" data-e-type=\"widget\" data-settings=\"{&quot;feed_slides_to_show_tablet&quot;:2,&quot;feed_slides_to_show_mobile&quot;:1,&quot;feed_pagination_type&quot;:&quot;ajax&quot;,&quot;feed_show_filters&quot;:&quot;no&quot;}\" data-widget_type=\"uael-posts.feed\">\n\t\t\t\t<div class=\"elementor-widget-container\">\n\t\t\t\t\t\t\t<div class=\"uael-post__header\">\n\t\t\t\t\t<\/div>\n\t\t<div class=\"uael-post__body\">\n\t\t\t\n\t\t\n\t\t<div class=\"uael-post-grid uael-posts\" data-query-type=\"custom\" data-structure=\"\" data-layout=\"\" data-page=\"8550\" data-skin=\"feed\" data-filter-default=\"\" data-offset-top=\"30\" >\n\n\t\t\t\t\t\t\t<div class=\"uael-post-grid__inner uael-post__columns-1 uael-post__columns-tablet-1 uael-post__columns-mobile-1\">\n\t\t\t\n\n<div class=\"uael-post-wrapper  blog-de-rheia \">\n\n\t<div class=\"uael-post__bg-wrap\">\n\t\t\n\t\t\n\t\t<div class=\"uael-post__inner-wrap \">\n\n\t\t\t\t<div class=\"uael-post__thumbnail\">\n\t\t\t\n\t\t\t<a href=\"https:\/\/rheiacomfort.com\/es\/lanzamiento-de-un-nuevo-producto-bota-de-pared-de-doble-conducto\/\" target=\"_self\" title=\"Lanzamiento de un nuevo producto: Bota de Pared de Doble Conducto\"><img fetchpriority=\"high\" decoding=\"async\" width=\"500\" height=\"400\" src=\"https:\/\/rheiacomfort.com\/wp-content\/uploads\/2026\/04\/boot-sidewall-double.png\" class=\"attachment-full size-full wp-image-17758\" alt=\"\" title=\"\" srcset=\"https:\/\/rheiacomfort.com\/wp-content\/uploads\/2026\/04\/boot-sidewall-double.png 500w, https:\/\/rheiacomfort.com\/wp-content\/uploads\/2026\/04\/boot-sidewall-double-300x240.png 300w, https:\/\/rheiacomfort.com\/wp-content\/uploads\/2026\/04\/boot-sidewall-double-360x288.png 360w\" sizes=\"(max-width: 500px) 100vw, 500px\" \/><\/a>\n\t\t\t\t\t<\/div>\n\t\t\n\t\t\t\n\t\t\t<div class=\"uael-post__content-wrap\">\n\n\t\t\t<span class=\"uael-post__terms\"><a href=\"https:\/\/rheiacomfort.com\/es\/category\/blog-de-rheia\/\" class=\"uael-listing__terms-link\" id=\"uael-post-term-blog-de-rheia\" aria-labelledby=\"uael-post-term-blog-de-rheia\">Blog de Rheia<\/a><\/span>\t\t<h2 class=\"uael-post__title\">\n\n\t\t\n\t\t\t\t\t\t<a href=\"https:\/\/rheiacomfort.com\/es\/lanzamiento-de-un-nuevo-producto-bota-de-pared-de-doble-conducto\/\" target=\"_self\">\n\t\t\t\tLanzamiento de un nuevo producto: Bota de Pared de Doble Conducto\t\t\t<\/a>\n\n\t\t\t\t<\/h2>\n\t\t<div class=\"uael-post__separator\"><\/div>\n\t\t<div class=\"uael-post__excerpt\">\n\t\t\tRheia, LLC anuncia el lanzamiento de su nueva Bota de Pared de Conducto Doble, la \u00faltima incorporaci\u00f3n a su creciente l\u00ednea de componentes de distribuci\u00f3n ...\t\t<\/div>\n\n\t\t\t\t\t<div class=\"uael-post__meta-data\">\n\t\t\t\t\t<span class=\"uael-post__date\">\n\t\t\t\t\t\t\t\t\t\t\t\t\t<i aria-hidden=\"true\" class=\"fa fa-calendar\"><\/i>\t\t\t\t\t\t\t\t\t\n\t\t\t23 de abril de 2026\t\t<\/span>\n\t\t\t\t<\/div>\n\t\t\t\t\t<\/div>\n\t\t\t\n\t\t<\/div>\n\t\t\n\t<\/div>\n\n<\/div>\n\n\n<div class=\"uael-post-wrapper  blog-de-rheia \">\n\n\t<div class=\"uael-post__bg-wrap\">\n\t\t\n\t\t\n\t\t<div class=\"uael-post__inner-wrap \">\n\n\t\t\t\t<div class=\"uael-post__thumbnail\">\n\t\t\t\n\t\t\t<a href=\"https:\/\/rheiacomfort.com\/es\/verificar-rheia-guia-de-orientacion-del-lote\/\" target=\"_self\" title=\"Reia Verifica: Caracter\u00edstica de orientaci\u00f3n del lote\"><img decoding=\"async\" width=\"360\" height=\"288\" src=\"https:\/\/rheiacomfort.com\/wp-content\/uploads\/2025\/03\/Untitled-1-1.png\" class=\"attachment-full size-full wp-image-12834\" alt=\"\" title=\"\" srcset=\"https:\/\/rheiacomfort.com\/wp-content\/uploads\/2025\/03\/Untitled-1-1.png 360w, https:\/\/rheiacomfort.com\/wp-content\/uploads\/2025\/03\/Untitled-1-1-300x240.png 300w\" sizes=\"(max-width: 360px) 100vw, 360px\" \/><\/a>\n\t\t\t\t\t<\/div>\n\t\t\n\t\t\t\n\t\t\t<div class=\"uael-post__content-wrap\">\n\n\t\t\t<span class=\"uael-post__terms\"><a href=\"https:\/\/rheiacomfort.com\/es\/category\/blog-de-rheia\/\" class=\"uael-listing__terms-link\" id=\"uael-post-term-blog-de-rheia\" aria-labelledby=\"uael-post-term-blog-de-rheia\">Blog de Rheia<\/a><\/span>\t\t<h2 class=\"uael-post__title\">\n\n\t\t\n\t\t\t\t\t\t<a href=\"https:\/\/rheiacomfort.com\/es\/verificar-rheia-guia-de-orientacion-del-lote\/\" target=\"_self\">\n\t\t\t\tReia Verifica: Caracter\u00edstica de orientaci\u00f3n del lote\t\t\t<\/a>\n\n\t\t\t\t<\/h2>\n\t\t<div class=\"uael-post__separator\"><\/div>\n\t\t<div class=\"uael-post__excerpt\">\n\t\t\tSelecci\u00f3n de la Orientaci\u00f3n del Lote en Rheia Verify: Una forma m\u00e1s inteligente y r\u00e1pida de trabajar sobre el terreno Phoenix, 19 de marzo de ...\t\t<\/div>\n\n\t\t\t\t\t<div class=\"uael-post__meta-data\">\n\t\t\t\t\t<span class=\"uael-post__date\">\n\t\t\t\t\t\t\t\t\t\t\t\t\t<i aria-hidden=\"true\" class=\"fa fa-calendar\"><\/i>\t\t\t\t\t\t\t\t\t\n\t\t\t25 de marzo de 2025\t\t<\/span>\n\t\t\t\t<\/div>\n\t\t\t\t\t<\/div>\n\t\t\t\n\t\t<\/div>\n\t\t\n\t<\/div>\n\n<\/div>\n\n\n<div class=\"uael-post-wrapper  blog-de-rheia \">\n\n\t<div class=\"uael-post__bg-wrap\">\n\t\t\n\t\t\n\t\t<div class=\"uael-post__inner-wrap \">\n\n\t\t\t\t<div class=\"uael-post__thumbnail\">\n\t\t\t\n\t\t\t<a href=\"https:\/\/rheiacomfort.com\/es\/ya-esta-aqui-el-nuevo-manual-de-instalacion-de-rheia\/\" target=\"_self\" title=\"\u00a1Ya est\u00e1 aqu\u00ed el nuevo Manual de Instalaci\u00f3n de Rheia!\"><img loading=\"lazy\" decoding=\"async\" width=\"1000\" height=\"600\" src=\"https:\/\/rheiacomfort.com\/wp-content\/uploads\/2025\/03\/Untitled-1.png\" class=\"attachment-full size-full wp-image-12757\" alt=\"Installation guidelines example pages\" title=\"\"><\/a>\n\t\t\t\t\t<\/div>\n\t\t\n\t\t\t\n\t\t\t<div class=\"uael-post__content-wrap\">\n\n\t\t\t<span class=\"uael-post__terms\"><a href=\"https:\/\/rheiacomfort.com\/es\/category\/blog-de-rheia\/\" class=\"uael-listing__terms-link\" id=\"uael-post-term-blog-de-rheia\" aria-labelledby=\"uael-post-term-blog-de-rheia\">Blog de Rheia<\/a><\/span>\t\t<h2 class=\"uael-post__title\">\n\n\t\t\n\t\t\t\t\t\t<a href=\"https:\/\/rheiacomfort.com\/es\/ya-esta-aqui-el-nuevo-manual-de-instalacion-de-rheia\/\" target=\"_self\">\n\t\t\t\t\u00a1Ya est\u00e1 aqu\u00ed el nuevo Manual de Instalaci\u00f3n de Rheia!\t\t\t<\/a>\n\n\t\t\t\t<\/h2>\n\t\t<div class=\"uael-post__separator\"><\/div>\n\t\t<div class=\"uael-post__excerpt\">\n\t\t\tRheia publica un nuevo Manual de Instalaci\u00f3n de Rough-In: Phoenix, 19 de marzo de 2025 &#8211; En Rheia, sabemos que el \u00e9xito de una instalaci\u00f3n ...\t\t<\/div>\n\n\t\t\t\t\t<div class=\"uael-post__meta-data\">\n\t\t\t\t\t<span class=\"uael-post__date\">\n\t\t\t\t\t\t\t\t\t\t\t\t\t<i aria-hidden=\"true\" class=\"fa fa-calendar\"><\/i>\t\t\t\t\t\t\t\t\t\n\t\t\t19 de marzo de 2025\t\t<\/span>\n\t\t\t\t<\/div>\n\t\t\t\t\t<\/div>\n\t\t\t\n\t\t<\/div>\n\t\t\n\t<\/div>\n\n<\/div>\n\n\n<div class=\"uael-post-wrapper  blog-de-rheia \">\n\n\t<div class=\"uael-post__bg-wrap\">\n\t\t\n\t\t\n\t\t<div class=\"uael-post__inner-wrap \">\n\n\t\t\t\t<div class=\"uael-post__thumbnail\">\n\t\t\t\n\t\t\t<a href=\"https:\/\/rheiacomfort.com\/es\/lanzamiento-de-un-nuevo-producto-bota-de-suelo-de-doble-conducto\/\" target=\"_self\" title=\"Lanzamiento de un nuevo producto: Bota de suelo de doble conducto\"><img loading=\"lazy\" decoding=\"async\" width=\"3840\" height=\"2160\" src=\"https:\/\/rheiacomfort.com\/wp-content\/uploads\/2024\/09\/double_boot_over_web.jpg\" class=\"attachment-full size-full wp-image-11666\" alt=\"\" title=\"\"><\/a>\n\t\t\t\t\t<\/div>\n\t\t\n\t\t\t\n\t\t\t<div class=\"uael-post__content-wrap\">\n\n\t\t\t<span class=\"uael-post__terms\"><a href=\"https:\/\/rheiacomfort.com\/es\/category\/blog-de-rheia\/\" class=\"uael-listing__terms-link\" id=\"uael-post-term-blog-de-rheia\" aria-labelledby=\"uael-post-term-blog-de-rheia\">Blog de Rheia<\/a><\/span>\t\t<h2 class=\"uael-post__title\">\n\n\t\t\n\t\t\t\t\t\t<a href=\"https:\/\/rheiacomfort.com\/es\/lanzamiento-de-un-nuevo-producto-bota-de-suelo-de-doble-conducto\/\" target=\"_self\">\n\t\t\t\tLanzamiento de un nuevo producto: Bota de suelo de doble conducto\t\t\t<\/a>\n\n\t\t\t\t<\/h2>\n\t\t<div class=\"uael-post__separator\"><\/div>\n\t\t<div class=\"uael-post__excerpt\">\n\t\t\tRheia presenta una nueva incorporaci\u00f3n a su gama de componentes: La Bota de Suelo de Doble Conducto. Phoenix, 19 de septiembre de 2024 &#8211; Rheia, ...\t\t<\/div>\n\n\t\t\t\t\t<div class=\"uael-post__meta-data\">\n\t\t\t\t\t<span class=\"uael-post__date\">\n\t\t\t\t\t\t\t\t\t\t\t\t\t<i aria-hidden=\"true\" class=\"fa fa-calendar\"><\/i>\t\t\t\t\t\t\t\t\t\n\t\t\t19 de septiembre de 2024\t\t<\/span>\n\t\t\t\t<\/div>\n\t\t\t\t\t<\/div>\n\t\t\t\n\t\t<\/div>\n\t\t\n\t<\/div>\n\n<\/div>\n\n\n<div class=\"uael-post-wrapper  blog-de-rheia \">\n\n\t<div class=\"uael-post__bg-wrap\">\n\t\t\n\t\t\n\t\t<div class=\"uael-post__inner-wrap \">\n\n\t\t\t\t<div class=\"uael-post__thumbnail\">\n\t\t\t\n\t\t\t<a href=\"https:\/\/rheiacomfort.com\/es\/nuevas-normas-minimas-de-energia-de-la-fha\/\" target=\"_self\" title=\"Nuevas normas m\u00ednimas de energ\u00eda de la FHA\"><img loading=\"lazy\" decoding=\"async\" width=\"2560\" height=\"1707\" src=\"https:\/\/rheiacomfort.com\/wp-content\/uploads\/2024\/08\/AdobeStock_333845782_web.webp\" class=\"attachment-full size-full wp-image-11579\" alt=\"new energy standards\" title=\"\"><\/a>\n\t\t\t\t\t<\/div>\n\t\t\n\t\t\t\n\t\t\t<div class=\"uael-post__content-wrap\">\n\n\t\t\t<span class=\"uael-post__terms\"><a href=\"https:\/\/rheiacomfort.com\/es\/category\/blog-de-rheia\/\" class=\"uael-listing__terms-link\" id=\"uael-post-term-blog-de-rheia\" aria-labelledby=\"uael-post-term-blog-de-rheia\">Blog de Rheia<\/a><\/span>\t\t<h2 class=\"uael-post__title\">\n\n\t\t\n\t\t\t\t\t\t<a href=\"https:\/\/rheiacomfort.com\/es\/nuevas-normas-minimas-de-energia-de-la-fha\/\" target=\"_self\">\n\t\t\t\tNuevas normas m\u00ednimas de energ\u00eda de la FHA\t\t\t<\/a>\n\n\t\t\t\t<\/h2>\n\t\t<div class=\"uael-post__separator\"><\/div>\n\t\t<div class=\"uael-post__excerpt\">\n\t\t\tResumen de las Normas Energ\u00e9ticas M\u00ednimas El 26 de abril de 2024, el Departamento de Vivienda y Desarrollo Urbano de EE.UU. (HUD) actualiz\u00f3 sus normas ...\t\t<\/div>\n\n\t\t\t\t\t<div class=\"uael-post__meta-data\">\n\t\t\t\t\t<span class=\"uael-post__date\">\n\t\t\t\t\t\t\t\t\t\t\t\t\t<i aria-hidden=\"true\" class=\"fa fa-calendar\"><\/i>\t\t\t\t\t\t\t\t\t\n\t\t\t25 de agosto de 2024\t\t<\/span>\n\t\t\t\t<\/div>\n\t\t\t\t\t<\/div>\n\t\t\t\n\t\t<\/div>\n\t\t\n\t<\/div>\n\n<\/div>\n\t\t\t\t<\/div>\n\t\t\t\t\t\t\n\t\t<\/div>\n\n\t\t\t\t\t\t<\/div>\n\t\t<div class=\"uael-post__footer\">\n\t\t\t\t\t\t<nav class=\"uael-grid-pagination\"  role=\"navigation\" aria-label=\"Paginaci\u00f3n\" data-total=\"3\" data-next-page=\"2\">\n\t\t\t\t<span aria-current=\"page\" class=\"page-numbers current\">1<\/span>\n<a class=\"page-numbers\" href=\"https:\/\/rheiacomfort.com\/es\/wp-json\/wp\/v2\/pages\/8550\/page\/2\/\">2<\/a>\n<a class=\"page-numbers\" href=\"https:\/\/rheiacomfort.com\/es\/wp-json\/wp\/v2\/pages\/8550\/page\/3\/\">3<\/a>\n<a class=\"next page-numbers\" href=\"https:\/\/rheiacomfort.com\/es\/wp-json\/wp\/v2\/pages\/8550\/page\/2\/\">Siguiente &raquo;<\/a>\n\t\t\t<\/nav>\n\n\t\t\t\t\t<\/div>\n\t\t\t\t\t\t<\/div>\n\t\t\t\t<\/div>\n\t\t\t\t\t<\/div>\n\t\t<\/div>\n\t\t\t\t\t<\/div>\n\t\t<\/section>\n\t\t\t\t<\/div>\n\t\t","protected":false},"excerpt":{"rendered":"<p>Sigue el blog de Rheia para obtener m\u00e1s informaci\u00f3n, buenas pr\u00e1cticas e innovaciones en el sector de la climatizaci\u00f3n. Rheia Blog 5 Important Benefits of using Continuous Fan Mode with Rheia Systems 5 benefits of continuous fan mode In the current climate of increasing energy costs and heightened awareness of environmental impacts, homeowners are seeking [&hellip;]<\/p>\n","protected":false},"author":4,"featured_media":0,"parent":0,"menu_order":0,"comment_status":"closed","ping_status":"closed","template":"elementor_theme","meta":{"inline_featured_image":false,"site-sidebar-layout":"no-sidebar","site-content-layout":"page-builder","ast-site-content-layout":"default","site-content-style":"default","site-sidebar-style":"default","ast-global-header-display":"","ast-banner-title-visibility":"","ast-main-header-display":"","ast-hfb-above-header-display":"","ast-hfb-below-header-display":"","ast-hfb-mobile-header-display":"","site-post-title":"disabled","ast-breadcrumbs-content":"","ast-featured-img":"disabled","footer-sml-layout":"","theme-transparent-header-meta":"default","adv-header-id-meta":"","stick-header-meta":"","header-above-stick-meta":"","header-main-stick-meta":"","header-below-stick-meta":"","astra-migrate-meta-layouts":"default","ast-page-background-enabled":"default","ast-page-background-meta":{"desktop":{"background-color":"var(--ast-global-color-4)","background-image":"","background-repeat":"repeat","background-position":"center center","background-size":"auto","background-attachment":"scroll","background-type":"","background-media":"","overlay-type":"","overlay-color":"","overlay-opacity":"","overlay-gradient":""},"tablet":{"background-color":"","background-image":"","background-repeat":"repeat","background-position":"center center","background-size":"auto","background-attachment":"scroll","background-type":"","background-media":"","overlay-type":"","overlay-color":"","overlay-opacity":"","overlay-gradient":""},"mobile":{"background-color":"","background-image":"","background-repeat":"repeat","background-position":"center center","background-size":"auto","background-attachment":"scroll","background-type":"","background-media":"","overlay-type":"","overlay-color":"","overlay-opacity":"","overlay-gradient":""}},"ast-content-background-meta":{"desktop":{"background-color":"var(--ast-global-color-5)","background-image":"","background-repeat":"repeat","background-position":"center center","background-size":"auto","background-attachment":"scroll","background-type":"","background-media":"","overlay-type":"","overlay-color":"","overlay-opacity":"","overlay-gradient":""},"tablet":{"background-color":"var(--ast-global-color-5)","background-image":"","background-repeat":"repeat","background-position":"center center","background-size":"auto","background-attachment":"scroll","background-type":"","background-media":"","overlay-type":"","overlay-color":"","overlay-opacity":"","overlay-gradient":""},"mobile":{"background-color":"var(--ast-global-color-5)","background-image":"","background-repeat":"repeat","background-position":"center center","background-size":"auto","background-attachment":"scroll","background-type":"","background-media":"","overlay-type":"","overlay-color":"","overlay-opacity":"","overlay-gradient":""}},"footnotes":""},"class_list":["post-8550","page","type-page","status-publish","hentry"],"jetpack_sharing_enabled":true,"_links":{"self":[{"href":"https:\/\/rheiacomfort.com\/es\/wp-json\/wp\/v2\/pages\/8550","targetHints":{"allow":["GET"]}}],"collection":[{"href":"https:\/\/rheiacomfort.com\/es\/wp-json\/wp\/v2\/pages"}],"about":[{"href":"https:\/\/rheiacomfort.com\/es\/wp-json\/wp\/v2\/types\/page"}],"author":[{"embeddable":true,"href":"https:\/\/rheiacomfort.com\/es\/wp-json\/wp\/v2\/users\/4"}],"replies":[{"embeddable":true,"href":"https:\/\/rheiacomfort.com\/es\/wp-json\/wp\/v2\/comments?post=8550"}],"version-history":[{"count":7,"href":"https:\/\/rheiacomfort.com\/es\/wp-json\/wp\/v2\/pages\/8550\/revisions"}],"predecessor-version":[{"id":8579,"href":"https:\/\/rheiacomfort.com\/es\/wp-json\/wp\/v2\/pages\/8550\/revisions\/8579"}],"wp:attachment":[{"href":"https:\/\/rheiacomfort.com\/es\/wp-json\/wp\/v2\/media?parent=8550"}],"curies":[{"name":"wp","href":"https:\/\/api.w.org\/{rel}","templated":true}]}}