{"id":18392,"date":"2026-01-22T13:26:39","date_gmt":"2026-01-22T20:26:39","guid":{"rendered":"https:\/\/rheiacomfort.com\/_rheia-comment-faire\/"},"modified":"2026-01-22T13:26:39","modified_gmt":"2026-01-22T20:26:39","slug":"_rheia-comment-faire","status":"publish","type":"page","link":"https:\/\/rheiacomfort.com\/fr-CA\/_rheia-comment-faire\/","title":{"rendered":"_Rheia Comment faire"},"content":{"rendered":"<h4>INSTALLATION DE BOTTES HAUTES SUR LES FLANCS<\/h4>\n<h3 style=\"text-align: center;\"><b>1. Revoir les plans<\/b><\/h3>\n<figure>\n\t\t\t\t\t\t\t\t\t\t<img fetchpriority=\"high\" decoding=\"async\" width=\"360\" height=\"288\" src=\"https:\/\/rheiacomfort.com\/wp-content\/uploads\/2025\/03\/Manifold-in-framing.png\" alt=\"\" srcset=\"https:\/\/rheiacomfort.com\/wp-content\/uploads\/2025\/03\/Manifold-in-framing.png 360w, https:\/\/rheiacomfort.com\/wp-content\/uploads\/2025\/03\/Manifold-in-framing-300x240.png 300w\" sizes=\"(max-width: 360px) 100vw, 360px\" title=\"\"><figcaption><\/figcaption><\/figure>\n<p style=\"text-align: center;\"><strong>Pour l\u2019attache directe de la botte \u00e0 la structure :<\/strong><\/p>\n<ol>\n<li>Confirmez que la distance entre la plaque sup\u00e9rieure murale et le coffre correspond aux plans de construction, et marquez la distance du haut de la plaque sup\u00e9rieure jusqu\u2019au sommet de l\u2019onglet de fixation de la barre de suspension.<\/li>\n<li>Confirmez la position horizontale du centre de la botte et assurez-vous qu\u2019elle est \u00e0 niveau et sur les marques de mesure.<\/li>\n<li>Utilisez deux vis polyvalentes dans les trous de fixation pr\u00e9vus pour fixer la botte \u00e0 la charpente.<\/li>\n<li>Apr\u00e8s l\u2019installation du gypse, appliquez un billot de calfeutrage dans l\u2019espace entre la botte et la d\u00e9coupe pour gypse.<\/li>\n<\/ol>\n","protected":false},"excerpt":{"rendered":"<p>INSTALLATION DE BOTTES HAUTES SUR LES FLANCS 1. Revoir les plans Pour l\u2019attache directe de la botte \u00e0 la structure : Confirmez que la distance entre la plaque sup\u00e9rieure murale et le coffre correspond aux plans de construction, et marquez la distance du haut de la plaque sup\u00e9rieure jusqu\u2019au sommet de l\u2019onglet de fixation de [&hellip;]<\/p>\n","protected":false},"author":4,"featured_media":0,"parent":0,"menu_order":0,"comment_status":"closed","ping_status":"closed","template":"","meta":{"inline_featured_image":false,"site-sidebar-layout":"no-sidebar","site-content-layout":"page-builder","ast-site-content-layout":"full-width-container","site-content-style":"unboxed","site-sidebar-style":"unboxed","ast-global-header-display":"","ast-banner-title-visibility":"","ast-main-header-display":"","ast-hfb-above-header-display":"","ast-hfb-below-header-display":"","ast-hfb-mobile-header-display":"","site-post-title":"disabled","ast-breadcrumbs-content":"","ast-featured-img":"disabled","footer-sml-layout":"","theme-transparent-header-meta":"default","adv-header-id-meta":"","stick-header-meta":"","header-above-stick-meta":"","header-main-stick-meta":"","header-below-stick-meta":"","astra-migrate-meta-layouts":"default","ast-page-background-enabled":"default","ast-page-background-meta":{"desktop":{"background-color":"var(--ast-global-color-4)","background-image":"","background-repeat":"repeat","background-position":"center center","background-size":"auto","background-attachment":"scroll","background-type":"","background-media":"","overlay-type":"","overlay-color":"","overlay-opacity":"","overlay-gradient":""},"tablet":{"background-color":"","background-image":"","background-repeat":"repeat","background-position":"center center","background-size":"auto","background-attachment":"scroll","background-type":"","background-media":"","overlay-type":"","overlay-color":"","overlay-opacity":"","overlay-gradient":""},"mobile":{"background-color":"","background-image":"","background-repeat":"repeat","background-position":"center center","background-size":"auto","background-attachment":"scroll","background-type":"","background-media":"","overlay-type":"","overlay-color":"","overlay-opacity":"","overlay-gradient":""}},"ast-content-background-meta":{"desktop":{"background-color":"var(--ast-global-color-5)","background-image":"","background-repeat":"repeat","background-position":"center center","background-size":"auto","background-attachment":"scroll","background-type":"","background-media":"","overlay-type":"","overlay-color":"","overlay-opacity":"","overlay-gradient":""},"tablet":{"background-color":"var(--ast-global-color-5)","background-image":"","background-repeat":"repeat","background-position":"center center","background-size":"auto","background-attachment":"scroll","background-type":"","background-media":"","overlay-type":"","overlay-color":"","overlay-opacity":"","overlay-gradient":""},"mobile":{"background-color":"var(--ast-global-color-5)","background-image":"","background-repeat":"repeat","background-position":"center center","background-size":"auto","background-attachment":"scroll","background-type":"","background-media":"","overlay-type":"","overlay-color":"","overlay-opacity":"","overlay-gradient":""}},"footnotes":""},"class_list":["post-18392","page","type-page","status-publish","hentry"],"jetpack_sharing_enabled":true,"_links":{"self":[{"href":"https:\/\/rheiacomfort.com\/fr-CA\/wp-json\/wp\/v2\/pages\/18392","targetHints":{"allow":["GET"]}}],"collection":[{"href":"https:\/\/rheiacomfort.com\/fr-CA\/wp-json\/wp\/v2\/pages"}],"about":[{"href":"https:\/\/rheiacomfort.com\/fr-CA\/wp-json\/wp\/v2\/types\/page"}],"author":[{"embeddable":true,"href":"https:\/\/rheiacomfort.com\/fr-CA\/wp-json\/wp\/v2\/users\/4"}],"replies":[{"embeddable":true,"href":"https:\/\/rheiacomfort.com\/fr-CA\/wp-json\/wp\/v2\/comments?post=18392"}],"version-history":[{"count":0,"href":"https:\/\/rheiacomfort.com\/fr-CA\/wp-json\/wp\/v2\/pages\/18392\/revisions"}],"wp:attachment":[{"href":"https:\/\/rheiacomfort.com\/fr-CA\/wp-json\/wp\/v2\/media?parent=18392"}],"curies":[{"name":"wp","href":"https:\/\/api.w.org\/{rel}","templated":true}]}}