{"id":18466,"date":"2022-06-22T00:08:23","date_gmt":"2022-06-22T07:08:23","guid":{"rendered":"https:\/\/rheiacomfort.com\/ressources-des-responsables-du-code\/"},"modified":"2026-04-26T14:27:37","modified_gmt":"2026-04-26T21:27:37","slug":"ressources-des-responsables-du-code","status":"publish","type":"page","link":"https:\/\/rheiacomfort.com\/fr-CA\/ressources-des-responsables-du-code\/","title":{"rendered":"Ressources des responsables du Code"},"content":{"rendered":"\t\t<div data-elementor-type=\"wp-page\" data-elementor-id=\"18466\" class=\"elementor elementor-18466 elementor-620\" data-elementor-settings=\"{&quot;ha_cmc_init_switcher&quot;:&quot;no&quot;}\" data-elementor-post-type=\"page\">\n\t\t\t\t\t\t<section class=\"elementor-section elementor-top-section elementor-element elementor-element-24c328b elementor-section-boxed elementor-section-height-default elementor-section-height-default\" data-id=\"24c328b\" data-element_type=\"section\" data-e-type=\"section\" data-settings=\"{&quot;_ha_eqh_enable&quot;:false}\">\n\t\t\t\t\t\t<div class=\"elementor-container elementor-column-gap-default\">\n\t\t\t\t\t<div class=\"elementor-column elementor-col-100 elementor-top-column elementor-element elementor-element-383fd6a\" data-id=\"383fd6a\" data-element_type=\"column\" data-e-type=\"column\">\n\t\t\t<div class=\"elementor-widget-wrap elementor-element-populated\">\n\t\t\t\t\t\t<div class=\"elementor-element elementor-element-714d8f1 elementor-widget elementor-widget-heading\" data-id=\"714d8f1\" data-element_type=\"widget\" data-e-type=\"widget\" data-widget_type=\"heading.default\">\n\t\t\t\t<div class=\"elementor-widget-container\">\n\t\t\t\t\t<h2 class=\"elementor-heading-title elementor-size-default\">Ressources officielles du code<\/h2>\t\t\t\t<\/div>\n\t\t\t\t<\/div>\n\t\t\t\t\t<\/div>\n\t\t<\/div>\n\t\t\t\t\t<\/div>\n\t\t<\/section>\n\t\t\t\t<section class=\"elementor-section elementor-top-section elementor-element elementor-element-106768a elementor-section-boxed elementor-section-height-default elementor-section-height-default\" data-id=\"106768a\" data-element_type=\"section\" data-e-type=\"section\" id=\"header-with-text\" data-settings=\"{&quot;background_background&quot;:&quot;classic&quot;,&quot;_ha_eqh_enable&quot;:false}\">\n\t\t\t\t\t\t<div class=\"elementor-container elementor-column-gap-default\">\n\t\t\t\t\t<div class=\"elementor-column elementor-col-100 elementor-top-column elementor-element elementor-element-3e2fe60\" data-id=\"3e2fe60\" data-element_type=\"column\" data-e-type=\"column\">\n\t\t\t<div class=\"elementor-widget-wrap elementor-element-populated\">\n\t\t\t\t\t\t<div class=\"elementor-element elementor-element-4c41e59 elementor-widget elementor-widget-text-editor\" data-id=\"4c41e59\" data-element_type=\"widget\" data-e-type=\"widget\" data-widget_type=\"text-editor.default\">\n\t\t\t\t<div class=\"elementor-widget-container\">\n\t\t\t\t\t\t\t\t\t<p data-start=\"125\" data-end=\"481\">Confirmez la conformit\u00e9 et simplifiez les inspections avec le syst\u00e8me de distribution d\u2019air compatible avec les normes de Rheia. Acc\u00e9dez \u00e0 la documentation technique, aux donn\u00e9es de tests et aux certifications de performance pour approuver les installations en toute confiance. Apprenez comment Rheia respecte les codes \u00e9nerg\u00e9tiques, soutient des enveloppes de b\u00e2timent plus strictes et aide \u00e0 obtenir des cotes d\u2019efficacit\u00e9 plus \u00e9lev\u00e9es pour les projets r\u00e9sidentiels. Pour obtenir des informations techniques compl\u00e8tes sur chaque composant du syst\u00e8me Rheia, consultez notre section <a href=\"https:\/\/rheiacomfort.com\/fr-CA\/fiches-techniques\/\">Fiches techniques<\/a> de ce site.     <\/p><h3 data-start=\"483\" data-end=\"510\"><strong data-start=\"486\" data-end=\"508\">Codes recommand\u00e9s, ressources officielles, liens :<\/strong><\/h3><p data-start=\"513\" data-end=\"611\"><a class=\"decorated-link cursor-pointer\" href=\"https:\/\/rheiacomfort.com\/fr-CA\/ressources-pour-les-constructeurs\/\" rel=\"noopener\" data-start=\"513\" data-end=\"552\">Ressources pour constructeurs<\/a> \u2013 Voyez comment les constructeurs mettent en \u0153uvre les syst\u00e8mes Rheia sur le terrain.<\/p><p data-start=\"614\" data-end=\"712\"><a class=\"decorated-link cursor-pointer\" href=\"https:\/\/rheiacomfort.com\/fr-CA\/ressources-pour-les-designers\/\" rel=\"noopener\" data-start=\"614\" data-end=\"655\">Ressources pour concepteurs CVC<\/a> \u2013 Examinez les approches de conception pour confirmer la conformit\u00e9 au code.<\/p><p data-start=\"715\" data-end=\"817\"><a class=\"decorated-link cursor-pointer\" href=\"https:\/\/rheiacomfort.com\/fr-CA\/ressources-pour-entrepreneurs\/\" rel=\"noopener\" data-start=\"715\" data-end=\"760\">Ressources pour entrepreneurs<\/a> \u2013 Comprenez les \u00e9tapes d\u2019installation pour une inspection appropri\u00e9e.<\/p>\t\t\t\t\t\t\t\t<\/div>\n\t\t\t\t<\/div>\n\t\t\t\t\t<\/div>\n\t\t<\/div>\n\t\t\t\t\t<\/div>\n\t\t<\/section>\n\t\t\t\t<section class=\"elementor-section elementor-top-section elementor-element elementor-element-e8531af elementor-section-boxed elementor-section-height-default elementor-section-height-default\" data-id=\"e8531af\" data-element_type=\"section\" data-e-type=\"section\" data-settings=\"{&quot;_ha_eqh_enable&quot;:false}\">\n\t\t\t\t\t\t<div class=\"elementor-container elementor-column-gap-default\">\n\t\t\t\t\t<div class=\"elementor-column elementor-col-100 elementor-top-column elementor-element elementor-element-5a303a4\" data-id=\"5a303a4\" data-element_type=\"column\" data-e-type=\"column\">\n\t\t\t<div class=\"elementor-widget-wrap elementor-element-populated\">\n\t\t\t\t\t\t<div class=\"elementor-element elementor-element-c1532db elementor-widget elementor-widget-shortcode\" data-id=\"c1532db\" data-element_type=\"widget\" data-e-type=\"widget\" data-widget_type=\"shortcode.default\">\n\t\t\t\t<div class=\"elementor-widget-container\">\n\t\t\t\t\t\t\t<div class=\"elementor-shortcode\"><div id=\"filebird-document-library\"><div class=\"njt-fbdl\" data-json=\"{&quot;request&quot;:{&quot;pagination&quot;:{&quot;current&quot;:1,&quot;limit&quot;:20},&quot;search&quot;:&quot;&quot;,&quot;orderBy&quot;:&quot;post_title&quot;,&quot;orderType&quot;:&quot;DESC&quot;,&quot;selectedFolder&quot;:[&quot;eNzXr67crKRK3jwu7XcMbA==&quot;]},&quot;title&quot;:&quot;Rapports d\\u2019ing\\u00e9nierie&quot;,&quot;column&quot;:&quot;4&quot;,&quot;layout&quot;:&quot;list&quot;}\"><\/div><\/div>\n\n<div id=\"filebird-document-library\"><div class=\"njt-fbdl\" data-json=\"{&quot;request&quot;:{&quot;pagination&quot;:{&quot;current&quot;:1,&quot;limit&quot;:20},&quot;search&quot;:&quot;&quot;,&quot;orderBy&quot;:&quot;post_title&quot;,&quot;orderType&quot;:&quot;DESC&quot;,&quot;selectedFolder&quot;:[&quot;Y2PEV5f0LbX8Y17hf+EWAw==&quot;]},&quot;title&quot;:&quot;R\\u00e9f\\u00e9rences de code&quot;,&quot;column&quot;:&quot;4&quot;,&quot;layout&quot;:&quot;list&quot;}\"><\/div><\/div>\n\n<div id=\"filebird-document-library\"><div class=\"njt-fbdl\" data-json=\"{&quot;request&quot;:{&quot;pagination&quot;:{&quot;current&quot;:1,&quot;limit&quot;:20},&quot;search&quot;:&quot;&quot;,&quot;orderBy&quot;:&quot;post_title&quot;,&quot;orderType&quot;:&quot;DESC&quot;,&quot;selectedFolder&quot;:[&quot;M1lmPC+IMU4AiP\\\/ZiYTTug==&quot;]},&quot;title&quot;:&quot;Normes de l\\u2019industrie&quot;,&quot;column&quot;:&quot;4&quot;,&quot;layout&quot;:&quot;list&quot;}\"><\/div><\/div>\n\n<div id=\"filebird-document-library\"><div class=\"njt-fbdl\" data-json=\"{&quot;request&quot;:{&quot;pagination&quot;:{&quot;current&quot;:1,&quot;limit&quot;:10},&quot;search&quot;:&quot;&quot;,&quot;orderBy&quot;:&quot;post_title&quot;,&quot;orderType&quot;:&quot;DESC&quot;,&quot;selectedFolder&quot;:[&quot;olfyPDNupkXEcFzHTteKoA==&quot;]},&quot;title&quot;:&quot;Informations sur le produit&quot;,&quot;column&quot;:&quot;4&quot;,&quot;layout&quot;:&quot;list&quot;}\"><\/div><\/div><\/div>\n\t\t\t\t\t\t<\/div>\n\t\t\t\t<\/div>\n\t\t\t\t\t<\/div>\n\t\t<\/div>\n\t\t\t\t\t<\/div>\n\t\t<\/section>\n\t\t\t\t<\/div>\n\t\t","protected":false},"excerpt":{"rendered":"<p>Ressources officielles du code Confirmez la conformit\u00e9 et simplifiez les inspections avec le syst\u00e8me de distribution d\u2019air compatible avec les normes de Rheia. Acc\u00e9dez \u00e0 la documentation technique, aux donn\u00e9es de tests et aux certifications de performance pour approuver les installations en toute confiance. Apprenez comment Rheia respecte les codes \u00e9nerg\u00e9tiques, soutient des enveloppes de [&hellip;]<\/p>\n","protected":false},"author":4,"featured_media":0,"parent":0,"menu_order":0,"comment_status":"closed","ping_status":"closed","template":"","meta":{"inline_featured_image":false,"site-sidebar-layout":"no-sidebar","site-content-layout":"page-builder","ast-site-content-layout":"full-width-container","site-content-style":"unboxed","site-sidebar-style":"unboxed","ast-global-header-display":"","ast-banner-title-visibility":"","ast-main-header-display":"","ast-hfb-above-header-display":"","ast-hfb-below-header-display":"","ast-hfb-mobile-header-display":"","site-post-title":"disabled","ast-breadcrumbs-content":"","ast-featured-img":"disabled","footer-sml-layout":"","theme-transparent-header-meta":"default","adv-header-id-meta":"","stick-header-meta":"","header-above-stick-meta":"","header-main-stick-meta":"","header-below-stick-meta":"","astra-migrate-meta-layouts":"default","ast-page-background-enabled":"default","ast-page-background-meta":{"desktop":{"background-color":"var(--ast-global-color-4)","background-image":"","background-repeat":"repeat","background-position":"center center","background-size":"auto","background-attachment":"scroll","background-type":"","background-media":"","overlay-type":"","overlay-color":"","overlay-opacity":"","overlay-gradient":""},"tablet":{"background-color":"","background-image":"","background-repeat":"repeat","background-position":"center center","background-size":"auto","background-attachment":"scroll","background-type":"","background-media":"","overlay-type":"","overlay-color":"","overlay-opacity":"","overlay-gradient":""},"mobile":{"background-color":"","background-image":"","background-repeat":"repeat","background-position":"center center","background-size":"auto","background-attachment":"scroll","background-type":"","background-media":"","overlay-type":"","overlay-color":"","overlay-opacity":"","overlay-gradient":""}},"ast-content-background-meta":{"desktop":{"background-color":"var(--ast-global-color-5)","background-image":"","background-repeat":"repeat","background-position":"center center","background-size":"auto","background-attachment":"scroll","background-type":"","background-media":"","overlay-type":"","overlay-color":"","overlay-opacity":"","overlay-gradient":""},"tablet":{"background-color":"var(--ast-global-color-5)","background-image":"","background-repeat":"repeat","background-position":"center center","background-size":"auto","background-attachment":"scroll","background-type":"","background-media":"","overlay-type":"","overlay-color":"","overlay-opacity":"","overlay-gradient":""},"mobile":{"background-color":"var(--ast-global-color-5)","background-image":"","background-repeat":"repeat","background-position":"center center","background-size":"auto","background-attachment":"scroll","background-type":"","background-media":"","overlay-type":"","overlay-color":"","overlay-opacity":"","overlay-gradient":""}},"footnotes":""},"class_list":["post-18466","page","type-page","status-publish","hentry"],"jetpack_sharing_enabled":true,"_links":{"self":[{"href":"https:\/\/rheiacomfort.com\/fr-CA\/wp-json\/wp\/v2\/pages\/18466","targetHints":{"allow":["GET"]}}],"collection":[{"href":"https:\/\/rheiacomfort.com\/fr-CA\/wp-json\/wp\/v2\/pages"}],"about":[{"href":"https:\/\/rheiacomfort.com\/fr-CA\/wp-json\/wp\/v2\/types\/page"}],"author":[{"embeddable":true,"href":"https:\/\/rheiacomfort.com\/fr-CA\/wp-json\/wp\/v2\/users\/4"}],"replies":[{"embeddable":true,"href":"https:\/\/rheiacomfort.com\/fr-CA\/wp-json\/wp\/v2\/comments?post=18466"}],"version-history":[{"count":2,"href":"https:\/\/rheiacomfort.com\/fr-CA\/wp-json\/wp\/v2\/pages\/18466\/revisions"}],"predecessor-version":[{"id":18626,"href":"https:\/\/rheiacomfort.com\/fr-CA\/wp-json\/wp\/v2\/pages\/18466\/revisions\/18626"}],"wp:attachment":[{"href":"https:\/\/rheiacomfort.com\/fr-CA\/wp-json\/wp\/v2\/media?parent=18466"}],"curies":[{"name":"wp","href":"https:\/\/api.w.org\/{rel}","templated":true}]}}