{"id":18525,"date":"2022-06-22T13:51:02","date_gmt":"2022-06-22T20:51:02","guid":{"rendered":"https:\/\/rheiacomfort.com\/rheia-pour-les-responsables-du-code\/"},"modified":"2026-04-26T14:24:38","modified_gmt":"2026-04-26T21:24:38","slug":"rheia-pour-les-responsables-du-code","status":"publish","type":"page","link":"https:\/\/rheiacomfort.com\/fr-CA\/rheia-pour-les-responsables-du-code\/","title":{"rendered":"Rheia pour les responsables du code"},"content":{"rendered":"\t\t<div data-elementor-type=\"wp-page\" data-elementor-id=\"18525\" class=\"elementor elementor-18525 elementor-970\" data-elementor-settings=\"{&quot;ha_cmc_init_switcher&quot;:&quot;no&quot;}\" data-elementor-post-type=\"page\">\n\t\t\t\t\t\t<section class=\"elementor-section elementor-top-section elementor-element elementor-element-106768a elementor-section-full_width elementor-section-height-default elementor-section-height-default\" data-id=\"106768a\" data-element_type=\"section\" data-e-type=\"section\" id=\"hero-wws\" data-settings=\"{&quot;background_background&quot;:&quot;classic&quot;,&quot;_ha_eqh_enable&quot;:false}\">\n\t\t\t\t\t\t<div class=\"elementor-container elementor-column-gap-no\">\n\t\t\t\t\t<div class=\"elementor-column elementor-col-50 elementor-top-column elementor-element elementor-element-3e2fe60 text-side-left123\" data-id=\"3e2fe60\" data-element_type=\"column\" data-e-type=\"column\">\n\t\t\t<div class=\"elementor-widget-wrap elementor-element-populated\">\n\t\t\t\t\t\t<div class=\"elementor-element elementor-element-8eeae27 elementor-position-left title-for elementor-vertical-align-top elementor-widget elementor-widget-image-box\" data-id=\"8eeae27\" data-element_type=\"widget\" data-e-type=\"widget\" data-widget_type=\"image-box.default\">\n\t\t\t\t<div class=\"elementor-widget-container\">\n\t\t\t\t\t<div class=\"elementor-image-box-wrapper\"><figure class=\"elementor-image-box-img\"><img decoding=\"async\" width=\"170\" height=\"170\" src=\"https:\/\/rheiacomfort.com\/wp-content\/uploads\/2022\/06\/code-officials.png\" class=\"attachment-full size-full wp-image-18473\" alt=\"Code Officials search icon\" title=\"\" srcset=\"https:\/\/rheiacomfort.com\/wp-content\/uploads\/2022\/06\/code-officials.png 170w, https:\/\/rheiacomfort.com\/wp-content\/uploads\/2022\/06\/code-officials-150x150.png 150w\" sizes=\"(max-width: 170px) 100vw, 170px\" \/><\/figure><div class=\"elementor-image-box-content\"><h5 class=\"elementor-image-box-title\">Rheia pour les responsables du code<\/h5><p class=\"elementor-image-box-description\"><h2>Conception simple. Inspections faciles. <\/h2>\n<p class=\"text24\">Les syst\u00e8mes de distribution d\u2019air de Rheia rendent les inspections pour les responsables du code aussi simples que le syst\u00e8me qu\u2019ils inspectent. Nous offrons une <a href=\"https:\/\/rheiacomfort.com\/fr-CA\/ressources-des-responsables-du-code\/\">biblioth\u00e8que de documents de r\u00e9f\u00e9rence pour les responsables du code <\/a> afin de garantir qu\u2019une inspection de la maison soit aussi simple que possible. De plus, Rheia est le premier fabricant de composants de distribution d\u2019air class\u00e9s <a href=\"\/wp-content\/uploads\/2022\/08\/UL2043-Plenum-Standard.pdf\">UL2043<\/a> et <a href=\"\/\/rheiacomfort.com\/wp-content\/uploads\/2022\/06\/INDUSTRY_STANDARDS_COMPATIBILITY_04-12-24.pdf\">UL181C<\/a> . De plus, les conduits Rheia sont inscrits \u00e0 la norme UL 181 comme l\u2019exigent les codes du b\u00e2timent. Vous pouvez en apprendre davantage sur le protocole rigoureux de tests d\u2019UL dans <a href=\"\/wp-content\/uploads\/2023\/12\/Fibrous-Glass-HVAC-Duct-Sytems.pdf\">ce rapport<\/a> publi\u00e9 par l\u2019Institut d\u2019isolation. Rheia \u00e9l\u00e8ve la barre en mati\u00e8re de qualit\u00e9, de s\u00e9curit\u00e9 et de performance des installations de distribution d\u2019air.     <\/p>\n<\/p><\/div><\/div>\t\t\t\t<\/div>\n\t\t\t\t<\/div>\n\t\t\t\t\t<\/div>\n\t\t<\/div>\n\t\t\t\t<div class=\"elementor-column elementor-col-50 elementor-top-column elementor-element elementor-element-a02a870\" data-id=\"a02a870\" data-element_type=\"column\" data-e-type=\"column\">\n\t\t\t<div class=\"elementor-widget-wrap elementor-element-populated\">\n\t\t\t\t\t\t<div class=\"elementor-element elementor-element-52d7fc1 elementor-widget elementor-widget-image\" data-id=\"52d7fc1\" data-element_type=\"widget\" data-e-type=\"widget\" id=\"img-full123\" data-widget_type=\"image.default\">\n\t\t\t\t<div class=\"elementor-widget-container\">\n\t\t\t\t\t\t\t\t\t\t\t\t\t\t\t<img fetchpriority=\"high\" decoding=\"async\" width=\"800\" height=\"400\" src=\"https:\/\/rheiacomfort.com\/wp-content\/uploads\/2022\/07\/framing_inspection_2.jpg\" class=\"attachment-full size-full wp-image-18528\" alt=\"framing inspection\" srcset=\"https:\/\/rheiacomfort.com\/wp-content\/uploads\/2022\/07\/framing_inspection_2.jpg 800w, https:\/\/rheiacomfort.com\/wp-content\/uploads\/2022\/07\/framing_inspection_2-300x150.jpg 300w, https:\/\/rheiacomfort.com\/wp-content\/uploads\/2022\/07\/framing_inspection_2-768x384.jpg 768w\" sizes=\"(max-width: 800px) 100vw, 800px\" title=\"\">\t\t\t\t\t\t\t\t\t\t\t\t\t\t\t<\/div>\n\t\t\t\t<\/div>\n\t\t\t\t\t<\/div>\n\t\t<\/div>\n\t\t\t\t\t<\/div>\n\t\t<\/section>\n\t\t\t\t<section class=\"elementor-section elementor-top-section elementor-element elementor-element-ab59cf2 elementor-section-full_width lines-section4 elementor-section-height-default elementor-section-height-default\" data-id=\"ab59cf2\" data-element_type=\"section\" data-e-type=\"section\" data-settings=\"{&quot;_ha_eqh_enable&quot;:false}\">\n\t\t\t\t\t\t<div class=\"elementor-container elementor-column-gap-no\">\n\t\t\t\t\t<div class=\"elementor-column elementor-col-100 elementor-top-column elementor-element elementor-element-e3143fe\" data-id=\"e3143fe\" data-element_type=\"column\" data-e-type=\"column\">\n\t\t\t<div class=\"elementor-widget-wrap\">\n\t\t\t\t\t\t\t<\/div>\n\t\t<\/div>\n\t\t\t\t\t<\/div>\n\t\t<\/section>\n\t\t\t\t<section class=\"elementor-section elementor-top-section elementor-element elementor-element-865902c elementor-section-boxed elementor-section-height-default elementor-section-height-default\" data-id=\"865902c\" data-element_type=\"section\" data-e-type=\"section\" data-settings=\"{&quot;background_background&quot;:&quot;classic&quot;,&quot;_ha_eqh_enable&quot;:false}\">\n\t\t\t\t\t\t<div class=\"elementor-container elementor-column-gap-custom\">\n\t\t\t\t\t<div class=\"elementor-column elementor-col-50 elementor-top-column elementor-element elementor-element-e622599\" data-id=\"e622599\" data-element_type=\"column\" data-e-type=\"column\">\n\t\t\t<div class=\"elementor-widget-wrap elementor-element-populated\">\n\t\t\t\t\t\t<div class=\"elementor-element elementor-element-f2633e5 photos-room elementor-widget elementor-widget-image\" data-id=\"f2633e5\" data-element_type=\"widget\" data-e-type=\"widget\" data-widget_type=\"image.default\">\n\t\t\t\t<div class=\"elementor-widget-container\">\n\t\t\t\t\t\t\t\t\t\t\t\t\t\t\t<img decoding=\"async\" width=\"1000\" height=\"638\" src=\"https:\/\/rheiacomfort.com\/wp-content\/uploads\/2022\/06\/IMG_1837.jpg\" class=\"attachment-full size-full wp-image-18526\" alt=\"Nailing plate\" srcset=\"https:\/\/rheiacomfort.com\/wp-content\/uploads\/2022\/06\/IMG_1837.jpg 1000w, https:\/\/rheiacomfort.com\/wp-content\/uploads\/2022\/06\/IMG_1837-300x191.jpg 300w, https:\/\/rheiacomfort.com\/wp-content\/uploads\/2022\/06\/IMG_1837-768x490.jpg 768w\" sizes=\"(max-width: 1000px) 100vw, 1000px\" title=\"\">\t\t\t\t\t\t\t\t\t\t\t\t\t\t\t<\/div>\n\t\t\t\t<\/div>\n\t\t\t\t\t<\/div>\n\t\t<\/div>\n\t\t\t\t<div class=\"elementor-column elementor-col-50 elementor-top-column elementor-element elementor-element-5224675\" data-id=\"5224675\" data-element_type=\"column\" data-e-type=\"column\">\n\t\t\t<div class=\"elementor-widget-wrap elementor-element-populated\">\n\t\t\t\t\t\t<div class=\"elementor-element elementor-element-405d7f2 elementor-widget elementor-widget-heading\" data-id=\"405d7f2\" data-element_type=\"widget\" data-e-type=\"widget\" data-widget_type=\"heading.default\">\n\t\t\t\t<div class=\"elementor-widget-container\">\n\t\t\t\t\t<h3 class=\"elementor-heading-title elementor-size-default\">Avantages pour les responsables du Code<\/h3>\t\t\t\t<\/div>\n\t\t\t\t<\/div>\n\t\t\t\t<div class=\"elementor-element elementor-element-3d4d5b1 elementor-widget elementor-widget-text-editor\" data-id=\"3d4d5b1\" data-element_type=\"widget\" data-e-type=\"widget\" data-widget_type=\"text-editor.default\">\n\t\t\t\t<div class=\"elementor-widget-container\">\n\t\t\t\t\t\t\t\t\t<ul class=\"list-il-white\"><li>  Les inspections sont rapides et faciles avec des conduits non isol\u00e9s et des connexions \u00e0 enclos instantan\u00e9s situ\u00e9s dans l\u2019espace conditionn\u00e9<\/li><li>Comprenez comment Rheia r\u00e9pond au code gr\u00e2ce \u00e0 une biblioth\u00e8que de documents de r\u00e9f\u00e9rence complets<\/li><li>List\u00e9 selon les normes <a href=\"\/wp-content\/uploads\/2022\/08\/UL2043-Plenum-Standard.pdf\" target=\"_blank\" rel=\"noopener\">UL2043<\/a> et <a href=\"https:\/\/rheiacomfort.com\/wp-content\/uploads\/2022\/06\/INDUSTRY_STANDARDS_COMPATIBILITY_04-12-24.pdf\" target=\"_blank\" rel=\"noopener\">UL181C<\/a> qui couvrent tous les aspects de la performance, y compris la propagation de la flamme, la croissance de moisissures, l\u2019\u00e9tanch\u00e9it\u00e9 \u00e0 l\u2019air, et plus encore<\/li><li>Fabricant exclusif utilisant la nouvelle norme UL 181C con\u00e7ue sp\u00e9cifiquement pour traiter les syst\u00e8mes de raccordement de conduits en plastique utilis\u00e9s dans la construction r\u00e9sidentielle.<\/li><\/ul>\t\t\t\t\t\t\t\t<\/div>\n\t\t\t\t<\/div>\n\t\t\t\t\t<\/div>\n\t\t<\/div>\n\t\t\t\t\t<\/div>\n\t\t<\/section>\n\t\t\t\t<section class=\"elementor-section elementor-top-section elementor-element elementor-element-d283dfe elementor-section-boxed elementor-section-height-default elementor-section-height-default\" data-id=\"d283dfe\" data-element_type=\"section\" data-e-type=\"section\" id=\"questions-block\" data-settings=\"{&quot;_ha_eqh_enable&quot;:false}\">\n\t\t\t\t\t\t<div class=\"elementor-container elementor-column-gap-default\">\n\t\t\t\t\t<div class=\"elementor-column elementor-col-100 elementor-top-column elementor-element elementor-element-2fbda03\" data-id=\"2fbda03\" data-element_type=\"column\" data-e-type=\"column\">\n\t\t\t<div class=\"elementor-widget-wrap elementor-element-populated\">\n\t\t\t\t\t\t<div class=\"elementor-element elementor-element-eca153a h4-gray elementor-widget elementor-widget-heading\" data-id=\"eca153a\" data-element_type=\"widget\" data-e-type=\"widget\" data-widget_type=\"heading.default\">\n\t\t\t\t<div class=\"elementor-widget-container\">\n\t\t\t\t\t<h4 class=\"elementor-heading-title elementor-size-default\">R\u00e9ponses \u00e0 vos questions\n<\/h4>\t\t\t\t<\/div>\n\t\t\t\t<\/div>\n\t\t\t\t<div class=\"elementor-element elementor-element-f5e206d elementor-widget elementor-widget-text-editor\" data-id=\"f5e206d\" data-element_type=\"widget\" data-e-type=\"widget\" data-widget_type=\"text-editor.default\">\n\t\t\t\t<div class=\"elementor-widget-container\">\n\t\t\t\t\t\t\t\t\t<p class=\"text\">Tout nouveau d\u00e9clenche des questions. Nous nous en doutons, alors nous avons fourni des r\u00e9ponses aux questions les plus fr\u00e9quentes que les responsables du code peuvent avoir sur le syst\u00e8me Rheia. Vous ne voyez pas votre question ici? Essayez notre section <a href=\"\/frequently-asked-questions\/\">Foire<\/a> aux questions.   <\/p>\t\t\t\t\t\t\t\t<\/div>\n\t\t\t\t<\/div>\n\t\t\t\t<div class=\"elementor-element elementor-element-b79486a elementor-widget elementor-widget-text-editor\" data-id=\"b79486a\" data-element_type=\"widget\" data-e-type=\"widget\" data-widget_type=\"text-editor.default\">\n\t\t\t\t<div class=\"elementor-widget-container\">\n\t\t\t\t\t\t\t\t\t<hr class=\"line\">\n<p class=\"blue-bold\">Qu\u2019est-ce que Rheia?\n\n<\/p>\n<p class=\"text\">Le syst\u00e8me de distribution d\u2019air Rheia utilise des \u00ab home runs \u00bb de 3&nbsp;\u00bb ou 4&nbsp;\u00bb provenant d\u2019un collecteur central pour acheminer l\u2019air dans toute la maison. Chaque home run comprend des conduits flexibles non isol\u00e9s certifi\u00e9s UL 181 avec des composants en plastique qui r\u00e9pondent \u00e0 toutes les exigences du code. Les composants Rheia s\u2019assemblent instantan\u00e9ment pour cr\u00e9er des joints presque herm\u00e9tiques qui ne n\u00e9cessitent pas l\u2019utilisation de ruban adh\u00e9sif ou de mastic suppl\u00e9mentaire.  \n\n<\/p>\t\t\t\t\t\t\t\t<\/div>\n\t\t\t\t<\/div>\n\t\t\t\t<div class=\"elementor-element elementor-element-7e14fc6 elementor-widget elementor-widget-text-editor\" data-id=\"7e14fc6\" data-element_type=\"widget\" data-e-type=\"widget\" data-widget_type=\"text-editor.default\">\n\t\t\t\t<div class=\"elementor-widget-container\">\n\t\t\t\t\t\t\t\t\t<hr class=\"line\"><p class=\"blue-bold\">Comment les conduits plus petits livrent-ils la bonne quantit\u00e9 d\u2019air?<\/p><p class=\"text\">Compar\u00e9 \u00e0 un syst\u00e8me de conduits conventionnel, un syst\u00e8me Rheia livrera la m\u00eame quantit\u00e9 d\u2019air (selon les calculs du Manuel J exig\u00e9s par le code) \u00e0 chaque pi\u00e8ce \u00e0 une pression statique similaire. Rheia fait circuler plusieurs conduits plus petits dans chaque pi\u00e8ce plut\u00f4t qu\u2019un ou deux conduits plus gros. Par exemple, trois conduits de 3&nbsp;\u00bb peuvent fournir \u00e0 peu pr\u00e8s la m\u00eame quantit\u00e9 d\u2019air qu\u2019un conduit de 6&nbsp;\u00bb ou 7&nbsp;\u00bb.  <\/p>\t\t\t\t\t\t\t\t<\/div>\n\t\t\t\t<\/div>\n\t\t\t\t<div class=\"elementor-element elementor-element-0a08b18 elementor-widget elementor-widget-text-editor\" data-id=\"0a08b18\" data-element_type=\"widget\" data-e-type=\"widget\" data-widget_type=\"text-editor.default\">\n\t\t\t\t<div class=\"elementor-widget-container\">\n\t\t\t\t\t\t\t\t\t<hr class=\"line\"><p class=\"blue-bold\">Pourquoi un syst\u00e8me de \u00ab circuit \u00bb est-il meilleur?<\/p><p class=\"text\">Les home runs ont aussi l\u2019avantage de ne pas utiliser de branches en triangle. Les branches en Wye et les raccords en T ajoutent une pression statique importante au syst\u00e8me de conduits et pr\u00e9sentent des caract\u00e9ristiques de pression d\u2019air impr\u00e9visibles. Le proc\u00e9d\u00e9 de conception Rheia pr\u00e9dit la quantit\u00e9 d\u2019air que chaque conduit fournira, et l\u2019application Verify de Rheia \u00e9quilibre la maison selon cette pr\u00e9diction, comme l\u2019exige le code.  <\/p>\t\t\t\t\t\t\t\t<\/div>\n\t\t\t\t<\/div>\n\t\t\t\t<div class=\"elementor-element elementor-element-fff749a elementor-widget elementor-widget-text-editor\" data-id=\"fff749a\" data-element_type=\"widget\" data-e-type=\"widget\" data-widget_type=\"text-editor.default\">\n\t\t\t\t<div class=\"elementor-widget-container\">\n\t\t\t\t\t\t\t\t\t<hr class=\"line\">\n<p class=\"blue-bold\">Comment Rheia fonctionne-t-elle dans diff\u00e9rents climats?<\/p>\n<p class=\"text\">Les syst\u00e8mes Rheia sont approuv\u00e9s pour tous les types climatiques. Dans les climats froids, l\u2019\u00e9quipement de chauffage est responsable du contr\u00f4le des temp\u00e9ratures minimales. Dans les climats chauds, l\u2019\u00e9quipement de refroidissement est responsable du contr\u00f4le des temp\u00e9ratures maximales. Dans les climats humides, l\u2019\u00e9quipement de refroidissement et de d\u00e9shumidification optionnelle est responsable du contr\u00f4le de l\u2019humidit\u00e9. Un \u00e9quipement bien dimensionn\u00e9 est la cl\u00e9 pour le contr\u00f4le de la temp\u00e9rature et de l\u2019humidit\u00e9. Le syst\u00e8me de conduits est responsable de la distribution de l\u2019air dans toute la maison proportionnellement \u00e0 la charge thermique. Rheia fait cela \u00e0 travers les processus de conception et de mise en service.      <\/p>\t\t\t\t\t\t\t\t<\/div>\n\t\t\t\t<\/div>\n\t\t\t\t<div class=\"elementor-element elementor-element-87d1682 elementor-widget elementor-widget-text-editor\" data-id=\"87d1682\" data-element_type=\"widget\" data-e-type=\"widget\" data-widget_type=\"text-editor.default\">\n\t\t\t\t<div class=\"elementor-widget-container\">\n\t\t\t\t\t\t\t\t\t<hr class=\"line\">\n<p class=\"blue-bold\">Comment Rheia est-elle con\u00e7ue?<\/p>\n<p class=\"text\">Le proc\u00e9d\u00e9 Rheia Design utilise le Manuel J exig\u00e9 par le code pour d\u00e9terminer la quantit\u00e9 d\u2019air requise dans chaque pi\u00e8ce. Les concepteurs m\u00e9caniques utilisent le proc\u00e9d\u00e9 Rheia Design pour concevoir un syst\u00e8me qui fournira suffisamment d\u2019air \u00e0 chaque pi\u00e8ce sans d\u00e9passer les limites de pression statique de l\u2019\u00e9quipement de chauffage et de climatisation. Des amortisseurs d\u2019\u00e9quilibrage \u00e0 5 positions int\u00e9gr\u00e9s \u00e0 chaque coffre d\u2019alimentation Rheia sont utilis\u00e9s pour garantir la bonne quantit\u00e9 d\u2019air livr\u00e9e \u00e0 chaque pi\u00e8ce. Ces positions des registres sont estim\u00e9es pendant la conception, puis ajust\u00e9es lors de la mise en service appel\u00e9e v\u00e9rification Rheia.   \n\n<\/p>\t\t\t\t\t\t\t\t<\/div>\n\t\t\t\t<\/div>\n\t\t\t\t<div class=\"elementor-element elementor-element-b6b0716 elementor-widget elementor-widget-text-editor\" data-id=\"b6b0716\" data-element_type=\"widget\" data-e-type=\"widget\" data-widget_type=\"text-editor.default\">\n\t\t\t\t<div class=\"elementor-widget-container\">\n\t\t\t\t\t\t\t\t\t<hr class=\"line\">\n<p class=\"blue-bold\">Comment une installation Rheia est-elle \u00e9quilibr\u00e9e?<\/p>\n<p class=\"text\">Rheia Verify est un proc\u00e9d\u00e9 innovant d\u2019\u00e9quilibrage du flux d\u2019air d\u00e9velopp\u00e9 sp\u00e9cifiquement pour le syst\u00e8me de distribution d\u2019air de Rheia. C\u2019est une application mobile bas\u00e9e sur le web. Les techniciens utilisent une hotte de flux pour mesurer les d\u00e9bits d\u2019air \u00e0 chaque diffuseur d\u2019alimentation et saisissent ces mesures dans Rheia Verify.   Rheia Verify\n\ncompare ces mesures au Manuel J, d\u00e9bits d\u2019air pi\u00e8ce par pi\u00e8ce, et instruit le technicien sur la fa\u00e7on d\u2019ajuster les registres d\u2019\u00e9quilibrage. Ce processus garantit que chaque pi\u00e8ce re\u00e7oit un d\u00e9bit d\u2019air selon l\u2019intention de conception, \u00e9quilibr\u00e9 pour r\u00e9pondre aux recommandations de la norme 5 de l\u2019ACCA. <\/p>\t\t\t\t\t\t\t\t<\/div>\n\t\t\t\t<\/div>\n\t\t\t\t<div class=\"elementor-element elementor-element-8b9041a elementor-widget elementor-widget-text-editor\" data-id=\"8b9041a\" data-element_type=\"widget\" data-e-type=\"widget\" data-widget_type=\"text-editor.default\">\n\t\t\t\t<div class=\"elementor-widget-container\">\n\t\t\t\t\t\t\t\t\t<hr class=\"line\">\n<p class=\"blue-bold\">Comment Rheia affecte-t-il l\u2019\u00e9quipement install\u00e9?\n\n<\/p>\n<p class=\"text\">Rheia ne changera pas l\u2019\u00e9quipement de chauffage et de climatisation install\u00e9 dans la maison. Les calculs de charge thermique du Manuel J et les choix d\u2019\u00e9quipements du Manuel S sont utilis\u00e9s pour concevoir un syst\u00e8me Rheia. La ventilation, le zonage et les syst\u00e8mes ERV\/HRV ne sont pas affect\u00e9s par le Rheia.  \n\n<\/p>\n\n\n<hr class=\"line last-el\">\t\t\t\t\t\t\t\t<\/div>\n\t\t\t\t<\/div>\n\t\t\t\t\t<\/div>\n\t\t<\/div>\n\t\t\t\t\t<\/div>\n\t\t<\/section>\n\t\t\t\t<section class=\"elementor-section elementor-top-section elementor-element elementor-element-f808f48 elementor-section-full_width regular-lines elementor-section-height-default elementor-section-height-default\" data-id=\"f808f48\" data-element_type=\"section\" data-e-type=\"section\" data-settings=\"{&quot;_ha_eqh_enable&quot;:false}\">\n\t\t\t\t\t\t<div class=\"elementor-container elementor-column-gap-no\">\n\t\t\t\t\t<div class=\"elementor-column elementor-col-100 elementor-top-column elementor-element elementor-element-dfbd278\" data-id=\"dfbd278\" data-element_type=\"column\" data-e-type=\"column\">\n\t\t\t<div class=\"elementor-widget-wrap\">\n\t\t\t\t\t\t\t<\/div>\n\t\t<\/div>\n\t\t\t\t\t<\/div>\n\t\t<\/section>\n\t\t\t\t<section class=\"elementor-section elementor-top-section elementor-element elementor-element-2eeaf69 bottom-btns elementor-section-boxed elementor-section-height-default elementor-section-height-default\" data-id=\"2eeaf69\" data-element_type=\"section\" data-e-type=\"section\" data-settings=\"{&quot;_ha_eqh_enable&quot;:false}\">\n\t\t\t\t\t\t<div class=\"elementor-container elementor-column-gap-default\">\n\t\t\t\t\t<div class=\"elementor-column elementor-col-33 elementor-top-column elementor-element elementor-element-39af841\" data-id=\"39af841\" data-element_type=\"column\" data-e-type=\"column\">\n\t\t\t<div class=\"elementor-widget-wrap elementor-element-populated\">\n\t\t\t\t\t\t<div class=\"elementor-element elementor-element-efa1d19 elementor-widget__width-initial elementor-widget elementor-widget-html\" data-id=\"efa1d19\" data-element_type=\"widget\" data-e-type=\"widget\" data-widget_type=\"html.default\">\n\t\t\t\t<div class=\"elementor-widget-container\">\n\t\t\t\t\t<a class=\"btn\" href=\"\/wp-content\/uploads\/2022\/11\/Installation-Manual-Rough-In-Spring-2026.pdf\" target=\"_blank\"><i aria-hidden=\"true\" class=\"fas fa-angle-right\"><\/i>  Lignes directrices d\u2019installation<\/a>\t\t\t\t<\/div>\n\t\t\t\t<\/div>\n\t\t\t\t\t<\/div>\n\t\t<\/div>\n\t\t\t\t<div class=\"elementor-column elementor-col-33 elementor-top-column elementor-element elementor-element-5b947fa\" data-id=\"5b947fa\" data-element_type=\"column\" data-e-type=\"column\">\n\t\t\t<div class=\"elementor-widget-wrap elementor-element-populated\">\n\t\t\t\t\t\t<div class=\"elementor-element elementor-element-4ef8522 elementor-widget elementor-widget-html\" data-id=\"4ef8522\" data-element_type=\"widget\" data-e-type=\"widget\" data-widget_type=\"html.default\">\n\t\t\t\t<div class=\"elementor-widget-container\">\n\t\t\t\t\t<a class=\"btn\" href=\"https:\/\/rheiacomfort.com\/fr-CA\/ressources-des-responsables-du-code\/\"><i aria-hidden=\"true\" class=\"fas fa-angle-right\"><\/i>  Ressources de code<\/a>\t\t\t\t<\/div>\n\t\t\t\t<\/div>\n\t\t\t\t\t<\/div>\n\t\t<\/div>\n\t\t\t\t<div class=\"elementor-column elementor-col-33 elementor-top-column elementor-element elementor-element-24e983f\" data-id=\"24e983f\" data-element_type=\"column\" data-e-type=\"column\">\n\t\t\t<div class=\"elementor-widget-wrap elementor-element-populated\">\n\t\t\t\t\t\t<div class=\"elementor-element elementor-element-1b51d17 elementor-widget__width-initial elementor-widget elementor-widget-html\" data-id=\"1b51d17\" data-element_type=\"widget\" data-e-type=\"widget\" data-widget_type=\"html.default\">\n\t\t\t\t<div class=\"elementor-widget-container\">\n\t\t\t\t\t<a class=\"btn\" href=\"\/wp-content\/uploads\/2022\/09\/Building_Code_References_US_Jan_25.pdf\"><i aria-hidden=\"true\" class=\"fas fa-angle-right\"><\/i>  Table de r\u00e9f\u00e9rence des codes am\u00e9ricains<\/a>\t\t\t\t<\/div>\n\t\t\t\t<\/div>\n\t\t\t\t\t<\/div>\n\t\t<\/div>\n\t\t\t\t\t<\/div>\n\t\t<\/section>\n\t\t\t\t<\/div>\n\t\t","protected":false},"excerpt":{"rendered":"<p>Rheia pour les responsables du code Conception simple. Inspections faciles. Les syst\u00e8mes de distribution d\u2019air de Rheia rendent les inspections pour les responsables du code aussi simples que le syst\u00e8me qu\u2019ils inspectent. Nous offrons une biblioth\u00e8que de documents de r\u00e9f\u00e9rence pour les responsables du code afin de garantir qu\u2019une inspection de la maison soit aussi [&hellip;]<\/p>\n","protected":false},"author":4,"featured_media":0,"parent":0,"menu_order":0,"comment_status":"closed","ping_status":"closed","template":"","meta":{"inline_featured_image":false,"site-sidebar-layout":"no-sidebar","site-content-layout":"page-builder","ast-site-content-layout":"default","site-content-style":"default","site-sidebar-style":"default","ast-global-header-display":"","ast-banner-title-visibility":"","ast-main-header-display":"","ast-hfb-above-header-display":"","ast-hfb-below-header-display":"","ast-hfb-mobile-header-display":"","site-post-title":"disabled","ast-breadcrumbs-content":"","ast-featured-img":"disabled","footer-sml-layout":"","ast-disable-related-posts":"","theme-transparent-header-meta":"default","adv-header-id-meta":"","stick-header-meta":"","header-above-stick-meta":"","header-main-stick-meta":"","header-below-stick-meta":"","astra-migrate-meta-layouts":"default","ast-page-background-enabled":"default","ast-page-background-meta":{"desktop":{"background-color":"var(--ast-global-color-4)","background-image":"","background-repeat":"repeat","background-position":"center center","background-size":"auto","background-attachment":"scroll","background-type":"","background-media":"","overlay-type":"","overlay-color":"","overlay-opacity":"","overlay-gradient":""},"tablet":{"background-color":"","background-image":"","background-repeat":"repeat","background-position":"center center","background-size":"auto","background-attachment":"scroll","background-type":"","background-media":"","overlay-type":"","overlay-color":"","overlay-opacity":"","overlay-gradient":""},"mobile":{"background-color":"","background-image":"","background-repeat":"repeat","background-position":"center center","background-size":"auto","background-attachment":"scroll","background-type":"","background-media":"","overlay-type":"","overlay-color":"","overlay-opacity":"","overlay-gradient":""}},"ast-content-background-meta":{"desktop":{"background-color":"var(--ast-global-color-5)","background-image":"","background-repeat":"repeat","background-position":"center center","background-size":"auto","background-attachment":"scroll","background-type":"","background-media":"","overlay-type":"","overlay-color":"","overlay-opacity":"","overlay-gradient":""},"tablet":{"background-color":"var(--ast-global-color-5)","background-image":"","background-repeat":"repeat","background-position":"center center","background-size":"auto","background-attachment":"scroll","background-type":"","background-media":"","overlay-type":"","overlay-color":"","overlay-opacity":"","overlay-gradient":""},"mobile":{"background-color":"var(--ast-global-color-5)","background-image":"","background-repeat":"repeat","background-position":"center center","background-size":"auto","background-attachment":"scroll","background-type":"","background-media":"","overlay-type":"","overlay-color":"","overlay-opacity":"","overlay-gradient":""}},"footnotes":""},"class_list":["post-18525","page","type-page","status-publish","hentry"],"jetpack_sharing_enabled":true,"_links":{"self":[{"href":"https:\/\/rheiacomfort.com\/fr-CA\/wp-json\/wp\/v2\/pages\/18525","targetHints":{"allow":["GET"]}}],"collection":[{"href":"https:\/\/rheiacomfort.com\/fr-CA\/wp-json\/wp\/v2\/pages"}],"about":[{"href":"https:\/\/rheiacomfort.com\/fr-CA\/wp-json\/wp\/v2\/types\/page"}],"author":[{"embeddable":true,"href":"https:\/\/rheiacomfort.com\/fr-CA\/wp-json\/wp\/v2\/users\/4"}],"replies":[{"embeddable":true,"href":"https:\/\/rheiacomfort.com\/fr-CA\/wp-json\/wp\/v2\/comments?post=18525"}],"version-history":[{"count":1,"href":"https:\/\/rheiacomfort.com\/fr-CA\/wp-json\/wp\/v2\/pages\/18525\/revisions"}],"predecessor-version":[{"id":18530,"href":"https:\/\/rheiacomfort.com\/fr-CA\/wp-json\/wp\/v2\/pages\/18525\/revisions\/18530"}],"wp:attachment":[{"href":"https:\/\/rheiacomfort.com\/fr-CA\/wp-json\/wp\/v2\/media?parent=18525"}],"curies":[{"name":"wp","href":"https:\/\/api.w.org\/{rel}","templated":true}]}}