{"id":18580,"date":"2025-02-06T11:20:42","date_gmt":"2025-02-06T18:20:42","guid":{"rendered":"https:\/\/rheiacomfort.com\/equipe-rheia\/"},"modified":"2026-04-30T10:46:18","modified_gmt":"2026-04-30T17:46:18","slug":"equipe-rheia","status":"publish","type":"page","link":"https:\/\/rheiacomfort.com\/fr-CA\/equipe-rheia\/","title":{"rendered":"\u00c9quipe Rheia"},"content":{"rendered":"\t\t<div data-elementor-type=\"wp-page\" data-elementor-id=\"18580\" class=\"elementor elementor-18580 elementor-12615\" data-elementor-settings=\"{&quot;ha_cmc_init_switcher&quot;:&quot;no&quot;}\" data-elementor-post-type=\"page\">\n\t\t\t\t\t\t<section class=\"elementor-section elementor-top-section elementor-element elementor-element-106768a elementor-section-boxed elementor-section-height-default elementor-section-height-default\" data-id=\"106768a\" data-element_type=\"section\" data-e-type=\"section\" id=\"header-with-text\" data-settings=\"{&quot;background_background&quot;:&quot;classic&quot;,&quot;_ha_eqh_enable&quot;:false}\">\n\t\t\t\t\t\t<div class=\"elementor-container elementor-column-gap-default\">\n\t\t\t\t\t<div class=\"elementor-column elementor-col-100 elementor-top-column elementor-element elementor-element-3e2fe60\" data-id=\"3e2fe60\" data-element_type=\"column\" data-e-type=\"column\">\n\t\t\t<div class=\"elementor-widget-wrap elementor-element-populated\">\n\t\t\t\t\t\t<div class=\"elementor-element elementor-element-4df1d09 elementor-widget elementor-widget-heading\" data-id=\"4df1d09\" data-element_type=\"widget\" data-e-type=\"widget\" data-widget_type=\"heading.default\">\n\t\t\t\t<div class=\"elementor-widget-container\">\n\t\t\t\t\t<h1 class=\"elementor-heading-title elementor-size-default\">Rencontrez l\u2019\u00e9quipe Rheia<\/h1>\t\t\t\t<\/div>\n\t\t\t\t<\/div>\n\t\t\t\t<div class=\"elementor-element elementor-element-eeb18de elementor-widget elementor-widget-heading\" data-id=\"eeb18de\" data-element_type=\"widget\" data-e-type=\"widget\" data-widget_type=\"heading.default\">\n\t\t\t\t<div class=\"elementor-widget-container\">\n\t\t\t\t\t<p class=\"elementor-heading-title elementor-size-default\">L\u2019\u00e9quipe de Rheia est dirig\u00e9e par notre \u00e9quipe de professionnels exp\u00e9riment\u00e9s avec des ann\u00e9es d\u2019expertise acquise dans les industries du CVC, de la fabrication et de la construction r\u00e9sidentielle.<\/p>\t\t\t\t<\/div>\n\t\t\t\t<\/div>\n\t\t\t\t\t<\/div>\n\t\t<\/div>\n\t\t\t\t\t<\/div>\n\t\t<\/section>\n\t\t\t\t<section class=\"elementor-section elementor-top-section elementor-element elementor-element-4abb648 elementor-section-boxed elementor-section-height-default elementor-section-height-default\" data-id=\"4abb648\" data-element_type=\"section\" data-e-type=\"section\" data-settings=\"{&quot;_ha_eqh_enable&quot;:&quot;yes&quot;,&quot;_ha_eqh_widget&quot;:[&quot;ha-member&quot;],&quot;_ha_eqh_to&quot;:&quot;widget&quot;,&quot;_ha_eqh_disable_on_tablet&quot;:&quot;no&quot;,&quot;_ha_eqh_disable_on_mobile&quot;:&quot;yes&quot;}\">\n\t\t\t\t\t\t<div class=\"elementor-container elementor-column-gap-default\">\n\t\t\t\t\t<div class=\"elementor-column elementor-col-33 elementor-top-column elementor-element elementor-element-5c26d0d\" data-id=\"5c26d0d\" data-element_type=\"column\" data-e-type=\"column\">\n\t\t\t<div class=\"elementor-widget-wrap elementor-element-populated\">\n\t\t\t\t\t\t<div class=\"elementor-element elementor-element-15b15dc elementor-widget elementor-widget-ha-member happy-addon ha-member\" data-id=\"15b15dc\" data-element_type=\"widget\" data-e-type=\"widget\" data-widget_type=\"ha-member.default\">\n\t\t\t\t<div class=\"elementor-widget-container\">\n\t\t\t\t\t\n\t\t\t\t\t<figure class=\"ha-member-figure\">\n\t\t\t\t<img fetchpriority=\"high\" decoding=\"async\" width=\"600\" height=\"755\" src=\"https:\/\/rheiacomfort.com\/wp-content\/uploads\/2022\/06\/Alan-Laing-1.jpg\" class=\"elementor-animation-disable-animation attachment-large size-large wp-image-1632\" alt=\"Alan Laing\" srcset=\"https:\/\/rheiacomfort.com\/wp-content\/uploads\/2022\/06\/Alan-Laing-1.jpg 600w, https:\/\/rheiacomfort.com\/wp-content\/uploads\/2022\/06\/Alan-Laing-1-238x300.jpg 238w\" sizes=\"(max-width: 600px) 100vw, 600px\" title=\"\">\t\t\t<\/figure>\n\t\t\n\t\t<div class=\"ha-member-body\">\n\t\t\t<h2 class=\"ha-member-name\">Alain Laing<\/h2>\n\t\t\t\t\t\t\t<div class=\"ha-member-position\">PDG<\/div>\n\t\t\t\n\t\t\t\t\t\t\t<div class=\"ha-member-bio\">\n\t\t\t\t\t<p>Alan est PDG et responsable de l\u2019\u00e9laboration et de la mise en \u0153uvre du plan strat\u00e9gique de Rheia. L\u2019exp\u00e9rience unique d\u2019Alan en tant que constructeur r\u00e9sidentiel et entrepreneurs de grands fournisseurs au cours des 35 derni\u00e8res ann\u00e9es garantit que Rheia comprendra et servira tous nos principaux intervenants tout en fournissant le leadership quotidien n\u00e9cessaire \u00e0 notre \u00e9quipe pour faire de Rheia une entreprise de classe mondiale. \n<\/p>\n\t\t\t\t<\/div>\n\t\t\t\n\t\t\t\n\t\t\t\n\t\t\t\t\t<\/div>\n\t\t\t\t\t\t<\/div>\n\t\t\t\t<\/div>\n\t\t\t\t\t<\/div>\n\t\t<\/div>\n\t\t\t\t<div class=\"elementor-column elementor-col-33 elementor-top-column elementor-element elementor-element-273a7b5\" data-id=\"273a7b5\" data-element_type=\"column\" data-e-type=\"column\">\n\t\t\t<div class=\"elementor-widget-wrap elementor-element-populated\">\n\t\t\t\t\t\t<div class=\"elementor-element elementor-element-118a632 elementor-widget elementor-widget-ha-member happy-addon ha-member\" data-id=\"118a632\" data-element_type=\"widget\" data-e-type=\"widget\" data-widget_type=\"ha-member.default\">\n\t\t\t\t<div class=\"elementor-widget-container\">\n\t\t\t\t\t\n\t\t\t\t\t<figure class=\"ha-member-figure\">\n\t\t\t\t<img decoding=\"async\" width=\"600\" height=\"755\" src=\"https:\/\/rheiacomfort.com\/wp-content\/uploads\/2022\/08\/Untitled-755-\u00d7-600-px.jpg\" class=\"elementor-animation-disable-animation attachment-large size-large wp-image-3282\" alt=\"\" srcset=\"https:\/\/rheiacomfort.com\/wp-content\/uploads\/2022\/08\/Untitled-755-\u00d7-600-px.jpg 600w, https:\/\/rheiacomfort.com\/wp-content\/uploads\/2022\/08\/Untitled-755-\u00d7-600-px-238x300.jpg 238w\" sizes=\"(max-width: 600px) 100vw, 600px\" title=\"\">\t\t\t<\/figure>\n\t\t\n\t\t<div class=\"ha-member-body\">\n\t\t\t<h2 class=\"ha-member-name\">Lori Onizuka<\/h2>\n\t\t\t\t\t\t\t<div class=\"ha-member-position\">VP Finances et Comptabilit\u00e9<\/div>\n\t\t\t\n\t\t\t\t\t\t\t<div class=\"ha-member-bio\">\n\t\t\t\t\t<p>Avec plus de 25 ans d\u2019exp\u00e9rience en comptabilit\u00e9, contr\u00f4leur et finance, Lori Onizuka apporte une vaste exp\u00e9rience \u00e0 son r\u00f4le de vice-pr\u00e9sidente des finances et comptabilit\u00e9 chez Rheia. En tant que vice-pr\u00e9sidente des finances, Lori supervise la croissance financi\u00e8re \u00e0 court et long terme de Rheia, tout en supervisant toutes les op\u00e9rations comptables et en d\u00e9veloppant les meilleures pratiques pour accro\u00eetre l\u2019efficacit\u00e9 de notre \u00e9quipe et de nos processus. Lori d\u00e9tient une ma\u00eetrise en administration des affaires de la Keller Graduate School of Management de l\u2019Universit\u00e9 Devry ainsi qu\u2019un baccalaur\u00e9at en sciences comptables.  \n<\/p>\n\t\t\t\t<\/div>\n\t\t\t\n\t\t\t\n\t\t\t\n\t\t\t\t\t<\/div>\n\t\t\t\t\t\t<\/div>\n\t\t\t\t<\/div>\n\t\t\t\t\t<\/div>\n\t\t<\/div>\n\t\t\t\t<div class=\"elementor-column elementor-col-33 elementor-top-column elementor-element elementor-element-666a6de\" data-id=\"666a6de\" data-element_type=\"column\" data-e-type=\"column\">\n\t\t\t<div class=\"elementor-widget-wrap elementor-element-populated\">\n\t\t\t\t\t\t<div class=\"elementor-element elementor-element-9d1a62e elementor-widget elementor-widget-ha-member happy-addon ha-member\" data-id=\"9d1a62e\" data-element_type=\"widget\" data-e-type=\"widget\" data-widget_type=\"ha-member.default\">\n\t\t\t\t<div class=\"elementor-widget-container\">\n\t\t\t\t\t\n\t\t\t\t\t<figure class=\"ha-member-figure\">\n\t\t\t\t<img decoding=\"async\" width=\"600\" height=\"755\" src=\"https:\/\/rheiacomfort.com\/wp-content\/uploads\/2022\/06\/Nigel-Watts.jpg\" class=\"elementor-animation-disable-animation attachment-large size-large wp-image-1634\" alt=\"\" srcset=\"https:\/\/rheiacomfort.com\/wp-content\/uploads\/2022\/06\/Nigel-Watts.jpg 600w, https:\/\/rheiacomfort.com\/wp-content\/uploads\/2022\/06\/Nigel-Watts-238x300.jpg 238w\" sizes=\"(max-width: 600px) 100vw, 600px\" title=\"\">\t\t\t<\/figure>\n\t\t\n\t\t<div class=\"ha-member-body\">\n\t\t\t<h2 class=\"ha-member-name\">Nigel Watts<\/h2>\n\t\t\t\t\t\t\t<div class=\"ha-member-position\">VP Produit<br><\/div>\n\t\t\t\n\t\t\t\t\t\t\t<div class=\"ha-member-bio\">\n\t\t\t\t\t<p>Nigel poss\u00e8de 35 ans d\u2019exp\u00e9rience en d\u00e9veloppement de produits, ayant commenc\u00e9 sa carri\u00e8re chez GE Plastics avant de rejoindre IBACOS en 1998 pour d\u00e9velopper une s\u00e9rie de formations en ligne, de meilleures pratiques et de produits d\u2019assurance qualit\u00e9 pour les employ\u00e9s de premi\u00e8re ligne des grands constructeurs nationaux de maisons. Nigel est passionn\u00e9 par l\u2019innovation et le d\u00e9veloppement de solutions pour apporter innovation et changement positif \u00e0 l\u2019industrie de la construction r\u00e9sidentielle. \n<\/p>\n\t\t\t\t<\/div>\n\t\t\t\n\t\t\t\n\t\t\t\n\t\t\t\t\t<\/div>\n\t\t\t\t\t\t<\/div>\n\t\t\t\t<\/div>\n\t\t\t\t\t<\/div>\n\t\t<\/div>\n\t\t\t\t\t<\/div>\n\t\t<\/section>\n\t\t\t\t<section class=\"elementor-section elementor-top-section elementor-element elementor-element-133179a elementor-section-boxed elementor-section-height-default elementor-section-height-default\" data-id=\"133179a\" data-element_type=\"section\" data-e-type=\"section\" data-settings=\"{&quot;_ha_eqh_enable&quot;:&quot;yes&quot;,&quot;_ha_eqh_widget&quot;:[&quot;ha-member&quot;],&quot;_ha_eqh_to&quot;:&quot;widget&quot;,&quot;_ha_eqh_disable_on_tablet&quot;:&quot;no&quot;,&quot;_ha_eqh_disable_on_mobile&quot;:&quot;yes&quot;}\">\n\t\t\t\t\t\t<div class=\"elementor-container elementor-column-gap-default\">\n\t\t\t\t\t<div class=\"elementor-column elementor-col-33 elementor-top-column elementor-element elementor-element-f4b80a9\" data-id=\"f4b80a9\" data-element_type=\"column\" data-e-type=\"column\">\n\t\t\t<div class=\"elementor-widget-wrap elementor-element-populated\">\n\t\t\t\t\t\t<div class=\"elementor-element elementor-element-a616988 elementor-widget elementor-widget-ha-member happy-addon ha-member\" data-id=\"a616988\" data-element_type=\"widget\" data-e-type=\"widget\" data-widget_type=\"ha-member.default\">\n\t\t\t\t<div class=\"elementor-widget-container\">\n\t\t\t\t\t\n\t\t\t\t\t<figure class=\"ha-member-figure\">\n\t\t\t\t<img loading=\"lazy\" decoding=\"async\" width=\"375\" height=\"471\" src=\"https:\/\/rheiacomfort.com\/wp-content\/uploads\/2022\/06\/josh_rowe.jpg\" class=\"elementor-animation-disable-animation attachment-large size-large wp-image-1891\" alt=\"\" srcset=\"https:\/\/rheiacomfort.com\/wp-content\/uploads\/2022\/06\/josh_rowe.jpg 375w, https:\/\/rheiacomfort.com\/wp-content\/uploads\/2022\/06\/josh_rowe-239x300.jpg 239w\" sizes=\"(max-width: 375px) 100vw, 375px\" title=\"\">\t\t\t<\/figure>\n\t\t\n\t\t<div class=\"ha-member-body\">\n\t\t\t<h2 class=\"ha-member-name\">Josh Rowe<\/h2>\n\t\t\t\t\t\t\t<div class=\"ha-member-position\">Vice-pr\u00e9sident des op\u00e9rations sur le terrain, Midwest et Mid-Atlantic<\/div>\n\t\t\t\n\t\t\t\t\t\t\t<div class=\"ha-member-bio\">\n\t\t\t\t\t<p>Josh a pass\u00e9 28 ans dans les m\u00e9tiers de la construction m\u00e9canique, d\u00e9butant sa carri\u00e8re dans l\u2019entreprise familiale. Il a install\u00e9, entretenu et dirig\u00e9 des op\u00e9rations des segments r\u00e9sidentiel, commercial et industriel. Il est passionn\u00e9 par les m\u00e9tiers de la construction et l\u2019avenir prometteur de l\u2019industrie. Josh croit que tout est une question de faire ce qui est juste, m\u00eame quand les gens ne regardent pas. Ici, chez Rheia, notre \u00e9quipe est d\u00e9vou\u00e9e \u00e0 faire ce qu\u2019il faut et il est enthousiaste \u00e0 l\u2019id\u00e9e d\u2019offrir nos solutions de produits innovantes aux clients de la construction r\u00e9sidentielle!    \n<\/p>\n\t\t\t\t<\/div>\n\t\t\t\n\t\t\t\n\t\t\t\n\t\t\t\t\t<\/div>\n\t\t\t\t\t\t<\/div>\n\t\t\t\t<\/div>\n\t\t\t\t\t<\/div>\n\t\t<\/div>\n\t\t\t\t<div class=\"elementor-column elementor-col-33 elementor-top-column elementor-element elementor-element-2e10c4f\" data-id=\"2e10c4f\" data-element_type=\"column\" data-e-type=\"column\">\n\t\t\t<div class=\"elementor-widget-wrap elementor-element-populated\">\n\t\t\t\t\t\t<div class=\"elementor-element elementor-element-495fbb8 elementor-widget elementor-widget-ha-member happy-addon ha-member\" data-id=\"495fbb8\" data-element_type=\"widget\" data-e-type=\"widget\" data-widget_type=\"ha-member.default\">\n\t\t\t\t<div class=\"elementor-widget-container\">\n\t\t\t\t\t\n\t\t\t\t\t<figure class=\"ha-member-figure\">\n\t\t\t\t<img loading=\"lazy\" decoding=\"async\" width=\"600\" height=\"755\" src=\"https:\/\/rheiacomfort.com\/wp-content\/uploads\/2022\/06\/Nathan-Good.jpg\" class=\"elementor-animation-disable-animation attachment-large size-large wp-image-1640\" alt=\"Nathan Good\" srcset=\"https:\/\/rheiacomfort.com\/wp-content\/uploads\/2022\/06\/Nathan-Good.jpg 600w, https:\/\/rheiacomfort.com\/wp-content\/uploads\/2022\/06\/Nathan-Good-238x300.jpg 238w\" sizes=\"(max-width: 600px) 100vw, 600px\" title=\"\">\t\t\t<\/figure>\n\t\t\n\t\t<div class=\"ha-member-body\">\n\t\t\t<h2 class=\"ha-member-name\">Nathan Good<\/h2>\n\t\t\t\t\t\t\t<div class=\"ha-member-position\">VP Ing\u00e9nierie et Conception<\/div>\n\t\t\t\n\t\t\t\t\t\t\t<div class=\"ha-member-bio\">\n\t\t\t\t\t<p>Nathan est originaire de l\u2019Arizona et poss\u00e8de une exp\u00e9rience en ing\u00e9nierie CVC r\u00e9sidentielle, commerciale et industrielle. Il a travaill\u00e9 avec des constructeurs r\u00e9sidentiels, des architectes et d\u2019autres m\u00e9tiers tout au long de sa carri\u00e8re pour cr\u00e9er les meilleures solutions CVC pour une grande vari\u00e9t\u00e9 d\u2019applications. Il s\u2019engage \u00e0 aider Rheia \u00e0 am\u00e9liorer continuellement ses produits afin d\u2019offrir une meilleure exp\u00e9rience CVC \u00e0 la construction r\u00e9sidentielle.  \n<\/p>\n\t\t\t\t<\/div>\n\t\t\t\n\t\t\t\n\t\t\t\n\t\t\t\t\t<\/div>\n\t\t\t\t\t\t<\/div>\n\t\t\t\t<\/div>\n\t\t\t\t\t<\/div>\n\t\t<\/div>\n\t\t\t\t<div class=\"elementor-column elementor-col-33 elementor-top-column elementor-element elementor-element-4ff5145\" data-id=\"4ff5145\" data-element_type=\"column\" data-e-type=\"column\">\n\t\t\t<div class=\"elementor-widget-wrap\">\n\t\t\t\t\t\t\t<\/div>\n\t\t<\/div>\n\t\t\t\t\t<\/div>\n\t\t<\/section>\n\t\t\t\t<\/div>\n\t\t","protected":false},"excerpt":{"rendered":"<p>Rencontrez l\u2019\u00e9quipe Rheia L\u2019\u00e9quipe de Rheia est dirig\u00e9e par notre \u00e9quipe de professionnels exp\u00e9riment\u00e9s avec des ann\u00e9es d\u2019expertise acquise dans les industries du CVC, de la fabrication et de la construction r\u00e9sidentielle. Alain Laing PDG Alan est PDG et responsable de l\u2019\u00e9laboration et de la mise en \u0153uvre du plan strat\u00e9gique de Rheia. L\u2019exp\u00e9rience unique [&hellip;]<\/p>\n","protected":false},"author":4,"featured_media":0,"parent":0,"menu_order":0,"comment_status":"closed","ping_status":"closed","template":"","meta":{"inline_featured_image":false,"site-sidebar-layout":"no-sidebar","site-content-layout":"page-builder","ast-site-content-layout":"full-width-container","site-content-style":"unboxed","site-sidebar-style":"unboxed","ast-global-header-display":"","ast-banner-title-visibility":"","ast-main-header-display":"","ast-hfb-above-header-display":"","ast-hfb-below-header-display":"","ast-hfb-mobile-header-display":"","site-post-title":"disabled","ast-breadcrumbs-content":"","ast-featured-img":"disabled","footer-sml-layout":"","theme-transparent-header-meta":"default","adv-header-id-meta":"","stick-header-meta":"","header-above-stick-meta":"","header-main-stick-meta":"","header-below-stick-meta":"","astra-migrate-meta-layouts":"default","ast-page-background-enabled":"default","ast-page-background-meta":{"desktop":{"background-color":"var(--ast-global-color-4)","background-image":"","background-repeat":"repeat","background-position":"center center","background-size":"auto","background-attachment":"scroll","background-type":"","background-media":"","overlay-type":"","overlay-color":"","overlay-opacity":"","overlay-gradient":""},"tablet":{"background-color":"","background-image":"","background-repeat":"repeat","background-position":"center center","background-size":"auto","background-attachment":"scroll","background-type":"","background-media":"","overlay-type":"","overlay-color":"","overlay-opacity":"","overlay-gradient":""},"mobile":{"background-color":"","background-image":"","background-repeat":"repeat","background-position":"center center","background-size":"auto","background-attachment":"scroll","background-type":"","background-media":"","overlay-type":"","overlay-color":"","overlay-opacity":"","overlay-gradient":""}},"ast-content-background-meta":{"desktop":{"background-color":"var(--ast-global-color-5)","background-image":"","background-repeat":"repeat","background-position":"center center","background-size":"auto","background-attachment":"scroll","background-type":"","background-media":"","overlay-type":"","overlay-color":"","overlay-opacity":"","overlay-gradient":""},"tablet":{"background-color":"var(--ast-global-color-5)","background-image":"","background-repeat":"repeat","background-position":"center center","background-size":"auto","background-attachment":"scroll","background-type":"","background-media":"","overlay-type":"","overlay-color":"","overlay-opacity":"","overlay-gradient":""},"mobile":{"background-color":"var(--ast-global-color-5)","background-image":"","background-repeat":"repeat","background-position":"center center","background-size":"auto","background-attachment":"scroll","background-type":"","background-media":"","overlay-type":"","overlay-color":"","overlay-opacity":"","overlay-gradient":""}},"footnotes":""},"class_list":["post-18580","page","type-page","status-publish","hentry"],"jetpack_sharing_enabled":true,"_links":{"self":[{"href":"https:\/\/rheiacomfort.com\/fr-CA\/wp-json\/wp\/v2\/pages\/18580","targetHints":{"allow":["GET"]}}],"collection":[{"href":"https:\/\/rheiacomfort.com\/fr-CA\/wp-json\/wp\/v2\/pages"}],"about":[{"href":"https:\/\/rheiacomfort.com\/fr-CA\/wp-json\/wp\/v2\/types\/page"}],"author":[{"embeddable":true,"href":"https:\/\/rheiacomfort.com\/fr-CA\/wp-json\/wp\/v2\/users\/4"}],"replies":[{"embeddable":true,"href":"https:\/\/rheiacomfort.com\/fr-CA\/wp-json\/wp\/v2\/comments?post=18580"}],"version-history":[{"count":5,"href":"https:\/\/rheiacomfort.com\/fr-CA\/wp-json\/wp\/v2\/pages\/18580\/revisions"}],"predecessor-version":[{"id":20468,"href":"https:\/\/rheiacomfort.com\/fr-CA\/wp-json\/wp\/v2\/pages\/18580\/revisions\/20468"}],"wp:attachment":[{"href":"https:\/\/rheiacomfort.com\/fr-CA\/wp-json\/wp\/v2\/media?parent=18580"}],"curies":[{"name":"wp","href":"https:\/\/api.w.org\/{rel}","templated":true}]}}