{"id":18582,"date":"2022-07-28T12:53:03","date_gmt":"2022-07-28T19:53:03","guid":{"rendered":"https:\/\/rheiacomfort.com\/verification-du-solde-des-proprietaires-a-rheia\/"},"modified":"2026-04-26T14:27:12","modified_gmt":"2026-04-26T21:27:12","slug":"verification-du-solde-des-proprietaires-a-rheia","status":"publish","type":"page","link":"https:\/\/rheiacomfort.com\/fr-CA\/verification-du-solde-des-proprietaires-a-rheia\/","title":{"rendered":"V\u00e9rification du solde des propri\u00e9taires \u00e0 Rheia"},"content":{"rendered":"\t\t<div data-elementor-type=\"wp-page\" data-elementor-id=\"18582\" class=\"elementor elementor-18582 elementor-3014\" data-elementor-settings=\"{&quot;ha_cmc_init_switcher&quot;:&quot;no&quot;}\" data-elementor-post-type=\"page\">\n\t\t\t\t\t\t<section class=\"elementor-section elementor-top-section elementor-element elementor-element-106768a elementor-section-content-middle elementor-section-boxed elementor-section-height-default elementor-section-height-default\" data-id=\"106768a\" data-element_type=\"section\" data-e-type=\"section\" id=\"header-with-text\" data-settings=\"{&quot;background_background&quot;:&quot;classic&quot;,&quot;_ha_eqh_enable&quot;:false}\">\n\t\t\t\t\t\t<div class=\"elementor-container elementor-column-gap-default\">\n\t\t\t\t\t<div class=\"elementor-column elementor-col-50 elementor-top-column elementor-element elementor-element-3e2fe60\" data-id=\"3e2fe60\" data-element_type=\"column\" data-e-type=\"column\">\n\t\t\t<div class=\"elementor-widget-wrap elementor-element-populated\">\n\t\t\t\t\t\t<div class=\"elementor-element elementor-element-db2e508 elementor-widget elementor-widget-heading\" data-id=\"db2e508\" data-element_type=\"widget\" data-e-type=\"widget\" data-widget_type=\"heading.default\">\n\t\t\t\t<div class=\"elementor-widget-container\">\n\t\t\t\t\t<h1 class=\"elementor-heading-title elementor-size-default\">D\u00e9couvrez l\u2019application Rheia\u00ae Verify<\/h1>\t\t\t\t<\/div>\n\t\t\t\t<\/div>\n\t\t\t\t<div class=\"elementor-element elementor-element-fa96e8f elementor-widget elementor-widget-text-editor\" data-id=\"fa96e8f\" data-element_type=\"widget\" data-e-type=\"widget\" data-widget_type=\"text-editor.default\">\n\t\t\t\t<div class=\"elementor-widget-container\">\n\t\t\t\t\t\t\t\t\t<h2 class=\"text\">Rheia Verify est notre application infonuagique qui v\u00e9rifie que votre syst\u00e8me CVC fonctionne comme pr\u00e9vu, \u00e0 l\u2019aide d\u2019un appareil mobile.<\/h2><p class=\"text\">L\u2019application Rheia Verify garantit que l\u2019\u00e9quilibre de l\u2019air de votre maison est optimis\u00e9 pour votre confort. Rheia Verify vous guide, vous ou votre technicien, \u00e0 travers les processus de v\u00e9rification Rheia et d\u2019\u00e9quilibrage du flux d\u2019air afin d\u2019assurer une performance constante. <\/p><p class=\"text\">Lors de la mise en service initiale, votre technicien qualifi\u00e9 r\u00e8gle les amortisseurs d\u2019\u00e9quilibrage aux r\u00e9glages corrects selon les mesures de d\u00e9bit d\u2019air prises au d\u00e9marrage. Les donn\u00e9es du syst\u00e8me de votre maison sont saisies dans l\u2019application pour v\u00e9rifier qu\u2019elles r\u00e9pondent \u00e0 l\u2019intention du concepteur CVC et qu\u2019elles fonctionnent au niveau qui r\u00e9pond \u00e0 vos besoins de confort. <\/p><p class=\"text\">Dans certains march\u00e9s, les changements saisonniers peuvent n\u00e9cessiter des ajustements \u00e9quilibr\u00e9s sur un syst\u00e8me Rheia afin d\u2019atteindre des niveaux optimaux de confort, peu importe la m\u00e9t\u00e9o. Au printemps et \u00e0 l\u2019automne, nous recommandons de r\u00e9\u00e9quilibrer le syst\u00e8me pour qu\u2019il fonctionne \u00e0 son meilleur niveau.   <\/p>\t\t\t\t\t\t\t\t<\/div>\n\t\t\t\t<\/div>\n\t\t\t\t\t<\/div>\n\t\t<\/div>\n\t\t\t\t<div class=\"elementor-column elementor-col-50 elementor-top-column elementor-element elementor-element-59b52cd\" data-id=\"59b52cd\" data-element_type=\"column\" data-e-type=\"column\">\n\t\t\t<div class=\"elementor-widget-wrap elementor-element-populated\">\n\t\t\t\t\t\t<div class=\"elementor-element elementor-element-64dbc82 phone-img elementor-widget elementor-widget-image\" data-id=\"64dbc82\" data-element_type=\"widget\" data-e-type=\"widget\" data-widget_type=\"image.default\">\n\t\t\t\t<div class=\"elementor-widget-container\">\n\t\t\t\t\t\t\t\t\t\t\t\t\t\t\t<img fetchpriority=\"high\" decoding=\"async\" width=\"340\" height=\"607\" src=\"https:\/\/rheiacomfort.com\/wp-content\/uploads\/2022\/07\/11.png\" class=\"attachment-large size-large wp-image-18583\" alt=\"Rheia Verify app\" srcset=\"https:\/\/rheiacomfort.com\/wp-content\/uploads\/2022\/07\/11.png 340w, https:\/\/rheiacomfort.com\/wp-content\/uploads\/2022\/07\/11-168x300.png 168w\" sizes=\"(max-width: 340px) 100vw, 340px\" title=\"\">\t\t\t\t\t\t\t\t\t\t\t\t\t\t\t<\/div>\n\t\t\t\t<\/div>\n\t\t\t\t\t<\/div>\n\t\t<\/div>\n\t\t\t\t\t<\/div>\n\t\t<\/section>\n\t\t\t\t<section class=\"elementor-section elementor-top-section elementor-element elementor-element-ab59cf2 elementor-section-full_width full-width-lines elementor-section-height-default elementor-section-height-default\" data-id=\"ab59cf2\" data-element_type=\"section\" data-e-type=\"section\" data-settings=\"{&quot;_ha_eqh_enable&quot;:false}\">\n\t\t\t\t\t\t<div class=\"elementor-container elementor-column-gap-no\">\n\t\t\t\t\t<div class=\"elementor-column elementor-col-100 elementor-top-column elementor-element elementor-element-e3143fe\" data-id=\"e3143fe\" data-element_type=\"column\" data-e-type=\"column\">\n\t\t\t<div class=\"elementor-widget-wrap\">\n\t\t\t\t\t\t\t<\/div>\n\t\t<\/div>\n\t\t\t\t\t<\/div>\n\t\t<\/section>\n\t\t\t\t<section class=\"elementor-section elementor-top-section elementor-element elementor-element-7e861db elementor-section-boxed elementor-section-height-default elementor-section-height-default\" data-id=\"7e861db\" data-element_type=\"section\" data-e-type=\"section\" data-settings=\"{&quot;_ha_eqh_enable&quot;:false}\">\n\t\t\t\t\t\t<div class=\"elementor-container elementor-column-gap-default\">\n\t\t\t\t\t<div class=\"elementor-column elementor-col-100 elementor-top-column elementor-element elementor-element-2bfb3ef\" data-id=\"2bfb3ef\" data-element_type=\"column\" data-e-type=\"column\">\n\t\t\t<div class=\"elementor-widget-wrap elementor-element-populated\">\n\t\t\t\t\t\t<div class=\"elementor-element elementor-element-6295fa2 elementor-widget elementor-widget-heading\" data-id=\"6295fa2\" data-element_type=\"widget\" data-e-type=\"widget\" data-widget_type=\"heading.default\">\n\t\t\t\t<div class=\"elementor-widget-container\">\n\t\t\t\t\t<h1 class=\"elementor-heading-title elementor-size-default\">Les avantages d\u2019un bon \u00e9quilibre CVC pour les propri\u00e9taires<\/h1>\t\t\t\t<\/div>\n\t\t\t\t<\/div>\n\t\t\t\t<div class=\"elementor-element elementor-element-f960f29 elementor-widget elementor-widget-text-editor\" data-id=\"f960f29\" data-element_type=\"widget\" data-e-type=\"widget\" data-widget_type=\"text-editor.default\">\n\t\t\t\t<div class=\"elementor-widget-container\">\n\t\t\t\t\t\t\t\t\t<p class=\"text\">Une meilleure efficacit\u00e9 signifie des co\u00fbts d\u2019exploitation, d\u2019entretien et de remplacement plus faibles. Un meilleur confort permet d\u2019\u00e9liminer les points chauds et froids, avec des temp\u00e9ratures uniformes et un meilleur m\u00e9lange de l\u2019air, pi\u00e8ce par pi\u00e8ce et par \u00e9tage. &nbsp;<span style=\"font-style: inherit; font-weight: inherit; background-color: var(--ast-global-color-5);\">Diffuseurs a\u00e9rodynamiques, fonctionnement silencieux, esth\u00e9tique \u00e9pur\u00e9e et libert\u00e9 en design int\u00e9rieur.<\/span><\/p>\t\t\t\t\t\t\t\t<\/div>\n\t\t\t\t<\/div>\n\t\t\t\t\t<\/div>\n\t\t<\/div>\n\t\t\t\t\t<\/div>\n\t\t<\/section>\n\t\t\t\t<section class=\"elementor-section elementor-top-section elementor-element elementor-element-db650b4 elementor-section-boxed elementor-section-height-default elementor-section-height-default\" data-id=\"db650b4\" data-element_type=\"section\" data-e-type=\"section\" data-settings=\"{&quot;_ha_eqh_enable&quot;:false}\">\n\t\t\t\t\t\t<div class=\"elementor-container elementor-column-gap-default\">\n\t\t\t\t\t<div class=\"elementor-column elementor-col-50 elementor-top-column elementor-element elementor-element-ee2a1ae\" data-id=\"ee2a1ae\" data-element_type=\"column\" data-e-type=\"column\">\n\t\t\t<div class=\"elementor-widget-wrap elementor-element-populated\">\n\t\t\t\t\t\t<div class=\"elementor-element elementor-element-d2ea7e5 elementor-widget elementor-widget-heading\" data-id=\"d2ea7e5\" data-element_type=\"widget\" data-e-type=\"widget\" data-widget_type=\"heading.default\">\n\t\t\t\t<div class=\"elementor-widget-container\">\n\t\t\t\t\t<h3 class=\"elementor-heading-title elementor-size-default\">Comment Rheia offre-t-elle un meilleur \u00e9quilibrage de l\u2019air?\n<\/h3>\t\t\t\t<\/div>\n\t\t\t\t<\/div>\n\t\t\t\t<div class=\"elementor-element elementor-element-41fb655 elementor-widget elementor-widget-text-editor\" data-id=\"41fb655\" data-element_type=\"widget\" data-e-type=\"widget\" data-widget_type=\"text-editor.default\">\n\t\t\t\t<div class=\"elementor-widget-container\">\n\t\t\t\t\t\t\t\t\t<div class=\"nblock\">\n<div>1<\/div>\n<p class=\"text\">Le syst\u00e8me Rheia permet de placer plus de diffuseurs en hauteur sur les murs et les plafonds afin de mieux m\u00e9langer l\u2019air, offrant \u00e0 chaque pi\u00e8ce une temp\u00e9rature plus uniforme et \u00e9liminant les zones chaudes et froides.  \n<\/p>\n<\/div>\t\t\t\t\t\t\t\t<\/div>\n\t\t\t\t<\/div>\n\t\t\t\t<div class=\"elementor-element elementor-element-7c8dc7a elementor-widget elementor-widget-text-editor\" data-id=\"7c8dc7a\" data-element_type=\"widget\" data-e-type=\"widget\" data-widget_type=\"text-editor.default\">\n\t\t\t\t<div class=\"elementor-widget-container\">\n\t\t\t\t\t\t\t\t\t<div class=\"nblock\">\n<div>2<\/div>\n<p class=\"text\">Placer l\u2019\u00e9quipement et les conduits dans un espace climatis\u00e9 r\u00e9duit la tonne de refroidissement requise, ce qui permet au syst\u00e8me d\u2019\u00eatre adapt\u00e9 \u00e0 la maison, ce qui r\u00e9duit la consommation d\u2019\u00e9nergie et vous fait \u00e9conomiser de l\u2019argent.  <\/p>\n\n<\/div>\t\t\t\t\t\t\t\t<\/div>\n\t\t\t\t<\/div>\n\t\t\t\t<div class=\"elementor-element elementor-element-29bed18 elementor-widget elementor-widget-text-editor\" data-id=\"29bed18\" data-element_type=\"widget\" data-e-type=\"widget\" data-widget_type=\"text-editor.default\">\n\t\t\t\t<div class=\"elementor-widget-container\">\n\t\t\t\t\t\t\t\t\t<div class=\"nblock\">\n<div>3<\/div>\n<p class=\"text\">Lorsque les syst\u00e8mes CVC sont surdimensionn\u00e9s, ils fonctionnent en cycles plus courts parce qu\u2019ils expulsent beaucoup d\u2019air froid d\u2019un coup, \u00e9teignant le syst\u00e8me trop t\u00f4t. Cela ne laisse pas assez de temps pour que l\u2019air soit d\u00e9shumidifi\u00e9 par le syst\u00e8me et donne une impression moite et froide.   <\/p>\n\n<\/div>\t\t\t\t\t\t\t\t<\/div>\n\t\t\t\t<\/div>\n\t\t\t\t<div class=\"elementor-element elementor-element-92a8973 elementor-widget elementor-widget-text-editor\" data-id=\"92a8973\" data-element_type=\"widget\" data-e-type=\"widget\" data-widget_type=\"text-editor.default\">\n\t\t\t\t<div class=\"elementor-widget-container\">\n\t\t\t\t\t\t\t\t\t<div class=\"nblock\">\n<div>4<\/div>\n<p class=\"text\">Un syst\u00e8me Rheia fournit la m\u00eame quantit\u00e9 d\u2019air \u00e0 chaque pi\u00e8ce qu\u2019un syst\u00e8me conventionnel. Cependant, Rheia utilise plus de diffuseurs par pi\u00e8ce, expulsant de plus petites quantit\u00e9s d\u2019air par diffuseur. C\u2019est une fa\u00e7on plus douce de conditionner chaque pi\u00e8ce et cela signifie que vous ne sentirez pas l\u2019air froid ou chaud souffler sur vous. Cela rend aussi la distribution de l\u2019air extr\u00eamement silencieuse.     <\/p>\n\n<\/div>\t\t\t\t\t\t\t\t<\/div>\n\t\t\t\t<\/div>\n\t\t\t\t<div class=\"elementor-element elementor-element-f8225a2 elementor-widget elementor-widget-text-editor\" data-id=\"f8225a2\" data-element_type=\"widget\" data-e-type=\"widget\" data-widget_type=\"text-editor.default\">\n\t\t\t\t<div class=\"elementor-widget-container\">\n\t\t\t\t\t\t\t\t\t<div class=\"nblock\">\n<div>5<\/div>\n<p class=\"text\">Les diffuseurs Rheia sont petits et discrets, plac\u00e9s autour du plafond et en hauteur sur les murs pour r\u00e9partir l\u2019air plus uniform\u00e9ment et doucement dans une pi\u00e8ce. Cela signifie que vous pouvez placer vos meubles o\u00f9 vous voulez sans bloquer le flux d\u2019air dans une pi\u00e8ce.   <\/p>\n\n<\/div>\t\t\t\t\t\t\t\t<\/div>\n\t\t\t\t<\/div>\n\t\t\t\t<div class=\"elementor-element elementor-element-7a1653e elementor-widget elementor-widget-text-editor\" data-id=\"7a1653e\" data-element_type=\"widget\" data-e-type=\"widget\" data-widget_type=\"text-editor.default\">\n\t\t\t\t<div class=\"elementor-widget-container\">\n\t\t\t\t\t\t\t\t\t<div class=\"nblock\">\n<div>6<\/div>\n<p class=\"text\">Rheia est con\u00e7ue sur mesure pour votre maison selon son emplacement et sa direction. Cela garantit la meilleure livraison d\u2019air possible \u00e0 tout moment de la journ\u00e9e. <\/p>\n\n<\/div>\t\t\t\t\t\t\t\t<\/div>\n\t\t\t\t<\/div>\n\t\t\t\t\t<\/div>\n\t\t<\/div>\n\t\t\t\t<div class=\"elementor-column elementor-col-50 elementor-top-column elementor-element elementor-element-50b3ee2\" data-id=\"50b3ee2\" data-element_type=\"column\" data-e-type=\"column\">\n\t\t\t<div class=\"elementor-widget-wrap elementor-element-populated\">\n\t\t\t\t\t\t<div class=\"elementor-element elementor-element-6307c06 elementor-widget elementor-widget-image\" data-id=\"6307c06\" data-element_type=\"widget\" data-e-type=\"widget\" data-widget_type=\"image.default\">\n\t\t\t\t<div class=\"elementor-widget-container\">\n\t\t\t\t\t\t\t\t\t\t\t\t\t\t\t<img decoding=\"async\" width=\"440\" height=\"650\" src=\"https:\/\/rheiacomfort.com\/wp-content\/uploads\/2022\/07\/IMG_2207.jpg\" class=\"attachment-large size-large wp-image-18584\" alt=\"Measuring the airflow of a Rheia Diffuser\" srcset=\"https:\/\/rheiacomfort.com\/wp-content\/uploads\/2022\/07\/IMG_2207.jpg 440w, https:\/\/rheiacomfort.com\/wp-content\/uploads\/2022\/07\/IMG_2207-203x300.jpg 203w\" sizes=\"(max-width: 440px) 100vw, 440px\" title=\"\">\t\t\t\t\t\t\t\t\t\t\t\t\t\t\t<\/div>\n\t\t\t\t<\/div>\n\t\t\t\t<div class=\"elementor-element elementor-element-62a7eca elementor-widget elementor-widget-image\" data-id=\"62a7eca\" data-element_type=\"widget\" data-e-type=\"widget\" data-widget_type=\"image.default\">\n\t\t\t\t<div class=\"elementor-widget-container\">\n\t\t\t\t\t\t\t\t\t\t\t\t\t\t\t<img decoding=\"async\" width=\"440\" height=\"730\" src=\"https:\/\/rheiacomfort.com\/wp-content\/uploads\/2022\/07\/IMG_2209.jpg\" class=\"attachment-large size-large wp-image-18585\" alt=\"Measuring the airflow of a Rheia Diffuser\" srcset=\"https:\/\/rheiacomfort.com\/wp-content\/uploads\/2022\/07\/IMG_2209.jpg 440w, https:\/\/rheiacomfort.com\/wp-content\/uploads\/2022\/07\/IMG_2209-181x300.jpg 181w\" sizes=\"(max-width: 440px) 100vw, 440px\" title=\"\">\t\t\t\t\t\t\t\t\t\t\t\t\t\t\t<\/div>\n\t\t\t\t<\/div>\n\t\t\t\t\t<\/div>\n\t\t<\/div>\n\t\t\t\t\t<\/div>\n\t\t<\/section>\n\t\t\t\t<section class=\"elementor-section elementor-top-section elementor-element elementor-element-04d4adf elementor-section-boxed elementor-section-height-default elementor-section-height-default\" data-id=\"04d4adf\" data-element_type=\"section\" data-e-type=\"section\" data-settings=\"{&quot;_ha_eqh_enable&quot;:false}\">\n\t\t\t\t\t\t<div class=\"elementor-container elementor-column-gap-default\">\n\t\t\t\t\t<div class=\"elementor-column elementor-col-100 elementor-top-column elementor-element elementor-element-ac49ed0\" data-id=\"ac49ed0\" data-element_type=\"column\" data-e-type=\"column\">\n\t\t\t<div class=\"elementor-widget-wrap elementor-element-populated\">\n\t\t\t\t\t\t<div class=\"elementor-element elementor-element-1953006 elementor-widget elementor-widget-text-editor\" data-id=\"1953006\" data-element_type=\"widget\" data-e-type=\"widget\" data-widget_type=\"text-editor.default\">\n\t\t\t\t<div class=\"elementor-widget-container\">\n\t\t\t\t\t\t\t\t\t<p class=\"text30\"><strong>Rheia est le seul syst\u00e8me de distribution d\u2019air con\u00e7u et con\u00e7u pour inclure TOUS ces avantages.<\/strong><\/p>\t\t\t\t\t\t\t\t<\/div>\n\t\t\t\t<\/div>\n\t\t\t\t\t<\/div>\n\t\t<\/div>\n\t\t\t\t\t<\/div>\n\t\t<\/section>\n\t\t\t\t<\/div>\n\t\t","protected":false},"excerpt":{"rendered":"<p>D\u00e9couvrez l\u2019application Rheia\u00ae Verify Rheia Verify est notre application infonuagique qui v\u00e9rifie que votre syst\u00e8me CVC fonctionne comme pr\u00e9vu, \u00e0 l\u2019aide d\u2019un appareil mobile. L\u2019application Rheia Verify garantit que l\u2019\u00e9quilibre de l\u2019air de votre maison est optimis\u00e9 pour votre confort. Rheia Verify vous guide, vous ou votre technicien, \u00e0 travers les processus de v\u00e9rification Rheia [&hellip;]<\/p>\n","protected":false},"author":4,"featured_media":18586,"parent":0,"menu_order":0,"comment_status":"closed","ping_status":"closed","template":"","meta":{"inline_featured_image":false,"site-sidebar-layout":"no-sidebar","site-content-layout":"page-builder","ast-site-content-layout":"default","site-content-style":"default","site-sidebar-style":"default","ast-global-header-display":"","ast-banner-title-visibility":"","ast-main-header-display":"","ast-hfb-above-header-display":"","ast-hfb-below-header-display":"","ast-hfb-mobile-header-display":"","site-post-title":"disabled","ast-breadcrumbs-content":"","ast-featured-img":"disabled","footer-sml-layout":"","theme-transparent-header-meta":"default","adv-header-id-meta":"","stick-header-meta":"","header-above-stick-meta":"","header-main-stick-meta":"","header-below-stick-meta":"","astra-migrate-meta-layouts":"default","ast-page-background-enabled":"default","ast-page-background-meta":{"desktop":{"background-color":"var(--ast-global-color-4)","background-image":"","background-repeat":"repeat","background-position":"center center","background-size":"auto","background-attachment":"scroll","background-type":"","background-media":"","overlay-type":"","overlay-color":"","overlay-opacity":"","overlay-gradient":""},"tablet":{"background-color":"","background-image":"","background-repeat":"repeat","background-position":"center center","background-size":"auto","background-attachment":"scroll","background-type":"","background-media":"","overlay-type":"","overlay-color":"","overlay-opacity":"","overlay-gradient":""},"mobile":{"background-color":"","background-image":"","background-repeat":"repeat","background-position":"center center","background-size":"auto","background-attachment":"scroll","background-type":"","background-media":"","overlay-type":"","overlay-color":"","overlay-opacity":"","overlay-gradient":""}},"ast-content-background-meta":{"desktop":{"background-color":"var(--ast-global-color-5)","background-image":"","background-repeat":"repeat","background-position":"center center","background-size":"auto","background-attachment":"scroll","background-type":"","background-media":"","overlay-type":"","overlay-color":"","overlay-opacity":"","overlay-gradient":""},"tablet":{"background-color":"var(--ast-global-color-5)","background-image":"","background-repeat":"repeat","background-position":"center center","background-size":"auto","background-attachment":"scroll","background-type":"","background-media":"","overlay-type":"","overlay-color":"","overlay-opacity":"","overlay-gradient":""},"mobile":{"background-color":"var(--ast-global-color-5)","background-image":"","background-repeat":"repeat","background-position":"center center","background-size":"auto","background-attachment":"scroll","background-type":"","background-media":"","overlay-type":"","overlay-color":"","overlay-opacity":"","overlay-gradient":""}},"footnotes":""},"class_list":["post-18582","page","type-page","status-publish","has-post-thumbnail","hentry"],"jetpack_sharing_enabled":true,"_links":{"self":[{"href":"https:\/\/rheiacomfort.com\/fr-CA\/wp-json\/wp\/v2\/pages\/18582","targetHints":{"allow":["GET"]}}],"collection":[{"href":"https:\/\/rheiacomfort.com\/fr-CA\/wp-json\/wp\/v2\/pages"}],"about":[{"href":"https:\/\/rheiacomfort.com\/fr-CA\/wp-json\/wp\/v2\/types\/page"}],"author":[{"embeddable":true,"href":"https:\/\/rheiacomfort.com\/fr-CA\/wp-json\/wp\/v2\/users\/4"}],"replies":[{"embeddable":true,"href":"https:\/\/rheiacomfort.com\/fr-CA\/wp-json\/wp\/v2\/comments?post=18582"}],"version-history":[{"count":1,"href":"https:\/\/rheiacomfort.com\/fr-CA\/wp-json\/wp\/v2\/pages\/18582\/revisions"}],"predecessor-version":[{"id":18591,"href":"https:\/\/rheiacomfort.com\/fr-CA\/wp-json\/wp\/v2\/pages\/18582\/revisions\/18591"}],"wp:featuredmedia":[{"embeddable":true,"href":"https:\/\/rheiacomfort.com\/fr-CA\/wp-json\/wp\/v2\/media\/18586"}],"wp:attachment":[{"href":"https:\/\/rheiacomfort.com\/fr-CA\/wp-json\/wp\/v2\/media?parent=18582"}],"curies":[{"name":"wp","href":"https:\/\/api.w.org\/{rel}","templated":true}]}}