{"id":18616,"date":"2024-05-12T15:05:52","date_gmt":"2024-05-12T22:05:52","guid":{"rendered":"https:\/\/rheiacomfort.com\/blogue-rheia-meilleures-pratiques-et-innovations-en-cvc\/"},"modified":"2026-04-26T14:27:35","modified_gmt":"2026-04-26T21:27:35","slug":"blogue-rheia-meilleures-pratiques-et-innovations-en-cvc","status":"publish","type":"page","link":"https:\/\/rheiacomfort.com\/fr-CA\/blogue-rheia-meilleures-pratiques-et-innovations-en-cvc\/","title":{"rendered":"Blogue Rheia | Meilleures pratiques et innovations en CVC"},"content":{"rendered":"\t\t<div data-elementor-type=\"wp-page\" data-elementor-id=\"18616\" class=\"elementor elementor-18616 elementor-8547\" data-elementor-settings=\"{&quot;ha_cmc_init_switcher&quot;:&quot;no&quot;}\" data-elementor-post-type=\"page\">\n\t\t\t\t\t\t<section class=\"elementor-section elementor-top-section elementor-element elementor-element-8e684e3 elementor-section-boxed elementor-section-height-default elementor-section-height-default\" data-id=\"8e684e3\" data-element_type=\"section\" data-e-type=\"section\" data-settings=\"{&quot;_ha_eqh_enable&quot;:false}\">\n\t\t\t\t\t\t<div class=\"elementor-container elementor-column-gap-default\">\n\t\t\t\t\t<div class=\"elementor-column elementor-col-100 elementor-top-column elementor-element elementor-element-327022c\" data-id=\"327022c\" data-element_type=\"column\" data-e-type=\"column\">\n\t\t\t<div class=\"elementor-widget-wrap elementor-element-populated\">\n\t\t\t\t\t\t<div class=\"elementor-element elementor-element-336a114 elementor-widget elementor-widget-heading\" data-id=\"336a114\" data-element_type=\"widget\" data-e-type=\"widget\" data-widget_type=\"heading.default\">\n\t\t\t\t<div class=\"elementor-widget-container\">\n\t\t\t\t\t<h1 class=\"elementor-heading-title elementor-size-default\">Blogue Rheia<\/h1>\t\t\t\t<\/div>\n\t\t\t\t<\/div>\n\t\t\t\t<div class=\"elementor-element elementor-element-5e7f484 elementor-widget elementor-widget-text-editor\" data-id=\"5e7f484\" data-element_type=\"widget\" data-e-type=\"widget\" data-widget_type=\"text-editor.default\">\n\t\t\t\t<div class=\"elementor-widget-container\">\n\t\t\t\t\t\t\t\t\t<h3><span style=\"white-space-collapse: preserve;\">Suivez le blogue Rheia pour les derni\u00e8res nouvelles, analyses actuelles et communiqu\u00e9s de presse  <\/span><\/h3>\t\t\t\t\t\t\t\t<\/div>\n\t\t\t\t<\/div>\n\t\t\t\t<div class=\"elementor-element elementor-element-d71c0a8 elementor-widget elementor-widget-uael-posts\" data-id=\"d71c0a8\" data-element_type=\"widget\" data-e-type=\"widget\" data-settings=\"{&quot;feed_slides_to_show_tablet&quot;:2,&quot;feed_slides_to_show_mobile&quot;:1,&quot;feed_pagination_type&quot;:&quot;ajax&quot;,&quot;feed_show_filters&quot;:&quot;no&quot;}\" data-widget_type=\"uael-posts.feed\">\n\t\t\t\t<div class=\"elementor-widget-container\">\n\t\t\t\t\t\t\t<div class=\"uael-post__header\">\n\t\t\t\t\t<\/div>\n\t\t<div class=\"uael-post__body\">\n\t\t\t\n\t\t\n\t\t<div class=\"uael-post-grid uael-posts\" data-query-type=\"custom\" data-structure=\"\" data-layout=\"\" data-page=\"18616\" data-skin=\"feed\" data-filter-default=\"\" data-offset-top=\"30\" >\n\n\t\t\t\t\t\t\t<div class=\"uael-post-grid__inner uael-post__columns-1 uael-post__columns-tablet-1 uael-post__columns-mobile-1\">\n\t\t\t\n\n<div class=\"uael-post-wrapper  blog-de-rheia \">\n\n\t<div class=\"uael-post__bg-wrap\">\n\t\t\n\t\t\n\t\t<div class=\"uael-post__inner-wrap \">\n\n\t\t\t\t<div class=\"uael-post__thumbnail\">\n\t\t\t\n\t\t\t<a href=\"https:\/\/rheiacomfort.com\/fr-CA\/nouvelle-sortie-de-produit-botte-murale-a-double-conduit\/\" target=\"_self\" title=\"Nouvelle sortie de produit : Botte murale \u00e0 double conduit\"><img fetchpriority=\"high\" decoding=\"async\" width=\"500\" height=\"400\" src=\"https:\/\/rheiacomfort.com\/wp-content\/uploads\/2026\/04\/boot-sidewall-double.png\" class=\"attachment-full size-full wp-image-18325\" alt=\"\" title=\"\" srcset=\"https:\/\/rheiacomfort.com\/wp-content\/uploads\/2026\/04\/boot-sidewall-double.png 500w, https:\/\/rheiacomfort.com\/wp-content\/uploads\/2026\/04\/boot-sidewall-double-300x240.png 300w, https:\/\/rheiacomfort.com\/wp-content\/uploads\/2026\/04\/boot-sidewall-double-360x288.png 360w\" sizes=\"(max-width: 500px) 100vw, 500px\" \/><\/a>\n\t\t\t\t\t<\/div>\n\t\t\n\t\t\t\n\t\t\t<div class=\"uael-post__content-wrap\">\n\n\t\t\t<span class=\"uael-post__terms\"><a href=\"https:\/\/rheiacomfort.com\/fr-CA\/category\/blogue-rheia\/\" class=\"uael-listing__terms-link\" id=\"uael-post-term-blogue-rheia\" aria-labelledby=\"uael-post-term-blogue-rheia\">Blogue Rheia<\/a><\/span>\t\t<h2 class=\"uael-post__title\">\n\n\t\t\n\t\t\t\t\t\t<a href=\"https:\/\/rheiacomfort.com\/fr-CA\/nouvelle-sortie-de-produit-botte-murale-a-double-conduit\/\" target=\"_self\">\n\t\t\t\tNouvelle sortie de produit : Botte murale \u00e0 double conduit\t\t\t<\/a>\n\n\t\t\t\t<\/h2>\n\t\t<div class=\"uael-post__separator\"><\/div>\n\t\t<div class=\"uael-post__excerpt\">\n\t\t\tRheia, LLC annonce la sortie de son nouveau Dual Duct Wall Boot, la plus r\u00e9cente addition \u00e0 sa gamme croissante de composants de distribution d\u2019air. ...\t\t<\/div>\n\n\t\t\t\t\t<div class=\"uael-post__meta-data\">\n\t\t\t\t\t<span class=\"uael-post__date\">\n\t\t\t\t\t\t\t\t\t\t\t\t\t<i aria-hidden=\"true\" class=\"fa fa-calendar\"><\/i>\t\t\t\t\t\t\t\t\t\n\t\t\t23 avril 2026\t\t<\/span>\n\t\t\t\t<\/div>\n\t\t\t\t\t<\/div>\n\t\t\t\n\t\t<\/div>\n\t\t\n\t<\/div>\n\n<\/div>\n\n\n<div class=\"uael-post-wrapper  blogue-rheia \">\n\n\t<div class=\"uael-post__bg-wrap\">\n\t\t\n\t\t\n\t\t<div class=\"uael-post__inner-wrap \">\n\n\t\t\t\t<div class=\"uael-post__thumbnail\">\n\t\t\t\n\t\t\t<a href=\"https:\/\/rheiacomfort.com\/fr-CA\/le-nouveau-manuel-de-mise-en-service-du-flux-dair-de-rheia-est-arrive\/\" target=\"_self\" title=\"Le nouveau manuel de mise en service du flux d\u2019air de Rheia est arriv\u00e9!\"><img decoding=\"async\" width=\"1000\" height=\"600\" src=\"https:\/\/rheiacomfort.com\/wp-content\/uploads\/2025\/03\/Untitled-1.png\" class=\"attachment-full size-full wp-image-18331\" alt=\"Installation guidelines example pages\" title=\"\" srcset=\"https:\/\/rheiacomfort.com\/wp-content\/uploads\/2025\/03\/Untitled-1.png 1000w, https:\/\/rheiacomfort.com\/wp-content\/uploads\/2025\/03\/Untitled-1-300x180.png 300w, https:\/\/rheiacomfort.com\/wp-content\/uploads\/2025\/03\/Untitled-1-768x461.png 768w\" sizes=\"(max-width: 1000px) 100vw, 1000px\" \/><\/a>\n\t\t\t\t\t<\/div>\n\t\t\n\t\t\t\n\t\t\t<div class=\"uael-post__content-wrap\">\n\n\t\t\t<span class=\"uael-post__terms\"><a href=\"https:\/\/rheiacomfort.com\/fr-CA\/category\/blogue-rheia\/\" class=\"uael-listing__terms-link\" id=\"uael-post-term-blogue-rheia\" aria-labelledby=\"uael-post-term-blogue-rheia\">Blogue Rheia<\/a><\/span>\t\t<h2 class=\"uael-post__title\">\n\n\t\t\n\t\t\t\t\t\t<a href=\"https:\/\/rheiacomfort.com\/fr-CA\/le-nouveau-manuel-de-mise-en-service-du-flux-dair-de-rheia-est-arrive\/\" target=\"_self\">\n\t\t\t\tLe nouveau manuel de mise en service du flux d\u2019air de Rheia est arriv\u00e9!\t\t\t<\/a>\n\n\t\t\t\t<\/h2>\n\t\t<div class=\"uael-post__separator\"><\/div>\n\t\t<div class=\"uael-post__excerpt\">\n\t\t\tRheia publie son manuel de mise en service du flux d\u2019air : Phoenix, 19 mars 2025 \u2014 Chez Rheia, nous savons qu\u2019un \u00e9l\u00e9ment cl\u00e9 pour ...\t\t<\/div>\n\n\t\t\t\t\t<div class=\"uael-post__meta-data\">\n\t\t\t\t\t<span class=\"uael-post__date\">\n\t\t\t\t\t\t\t\t\t\t\t\t\t<i aria-hidden=\"true\" class=\"fa fa-calendar\"><\/i>\t\t\t\t\t\t\t\t\t\n\t\t\t25 septembre 2025\t\t<\/span>\n\t\t\t\t<\/div>\n\t\t\t\t\t<\/div>\n\t\t\t\n\t\t<\/div>\n\t\t\n\t<\/div>\n\n<\/div>\n\n\n<div class=\"uael-post-wrapper  blogue-rheia \">\n\n\t<div class=\"uael-post__bg-wrap\">\n\t\t\n\t\t\n\t\t<div class=\"uael-post__inner-wrap \">\n\n\t\t\t\t<div class=\"uael-post__thumbnail\">\n\t\t\t\n\t\t\t<a href=\"https:\/\/rheiacomfort.com\/fr-CA\/rheia-verify-fonction-dorientation-des-lots\/\" target=\"_self\" title=\"Rheia Verify : fonction d\u2019orientation des lots\"><img decoding=\"async\" width=\"360\" height=\"288\" src=\"https:\/\/rheiacomfort.com\/wp-content\/uploads\/2025\/03\/Untitled-1-1.png\" class=\"attachment-full size-full wp-image-18337\" alt=\"\" title=\"\" srcset=\"https:\/\/rheiacomfort.com\/wp-content\/uploads\/2025\/03\/Untitled-1-1.png 360w, https:\/\/rheiacomfort.com\/wp-content\/uploads\/2025\/03\/Untitled-1-1-300x240.png 300w\" sizes=\"(max-width: 360px) 100vw, 360px\" \/><\/a>\n\t\t\t\t\t<\/div>\n\t\t\n\t\t\t\n\t\t\t<div class=\"uael-post__content-wrap\">\n\n\t\t\t<span class=\"uael-post__terms\"><a href=\"https:\/\/rheiacomfort.com\/fr-CA\/category\/blogue-rheia\/\" class=\"uael-listing__terms-link\" id=\"uael-post-term-blogue-rheia\" aria-labelledby=\"uael-post-term-blogue-rheia\">Blogue Rheia<\/a><\/span>\t\t<h2 class=\"uael-post__title\">\n\n\t\t\n\t\t\t\t\t\t<a href=\"https:\/\/rheiacomfort.com\/fr-CA\/rheia-verify-fonction-dorientation-des-lots\/\" target=\"_self\">\n\t\t\t\tRheia Verify : fonction d\u2019orientation des lots\t\t\t<\/a>\n\n\t\t\t\t<\/h2>\n\t\t<div class=\"uael-post__separator\"><\/div>\n\t\t<div class=\"uael-post__excerpt\">\n\t\t\tS\u00e9lection de l\u2019orientation de terrain \u00e0 Rheia Verify : une fa\u00e7on plus intelligente et rapide de travailler sur le terrain Phoenix, 19 mars 2025 \u2014 ...\t\t<\/div>\n\n\t\t\t\t\t<div class=\"uael-post__meta-data\">\n\t\t\t\t\t<span class=\"uael-post__date\">\n\t\t\t\t\t\t\t\t\t\t\t\t\t<i aria-hidden=\"true\" class=\"fa fa-calendar\"><\/i>\t\t\t\t\t\t\t\t\t\n\t\t\t25 mars 2025\t\t<\/span>\n\t\t\t\t<\/div>\n\t\t\t\t\t<\/div>\n\t\t\t\n\t\t<\/div>\n\t\t\n\t<\/div>\n\n<\/div>\n\n\n<div class=\"uael-post-wrapper  blogue-rheia \">\n\n\t<div class=\"uael-post__bg-wrap\">\n\t\t\n\t\t\n\t\t<div class=\"uael-post__inner-wrap \">\n\n\t\t\t\t<div class=\"uael-post__thumbnail\">\n\t\t\t\n\t\t\t<a href=\"https:\/\/rheiacomfort.com\/fr-CA\/le-nouveau-manuel-dinstallation-de-rheia-est-arrive\/\" target=\"_self\" title=\"Le nouveau manuel d\u2019installation de Rheia est arriv\u00e9!\"><img decoding=\"async\" width=\"1000\" height=\"600\" src=\"https:\/\/rheiacomfort.com\/wp-content\/uploads\/2025\/03\/Untitled-1.png\" class=\"attachment-full size-full wp-image-18331\" alt=\"Installation guidelines example pages\" title=\"\" srcset=\"https:\/\/rheiacomfort.com\/wp-content\/uploads\/2025\/03\/Untitled-1.png 1000w, https:\/\/rheiacomfort.com\/wp-content\/uploads\/2025\/03\/Untitled-1-300x180.png 300w, https:\/\/rheiacomfort.com\/wp-content\/uploads\/2025\/03\/Untitled-1-768x461.png 768w\" sizes=\"(max-width: 1000px) 100vw, 1000px\" \/><\/a>\n\t\t\t\t\t<\/div>\n\t\t\n\t\t\t\n\t\t\t<div class=\"uael-post__content-wrap\">\n\n\t\t\t<span class=\"uael-post__terms\"><a href=\"https:\/\/rheiacomfort.com\/fr-CA\/category\/blogue-rheia\/\" class=\"uael-listing__terms-link\" id=\"uael-post-term-blogue-rheia\" aria-labelledby=\"uael-post-term-blogue-rheia\">Blogue Rheia<\/a><\/span>\t\t<h2 class=\"uael-post__title\">\n\n\t\t\n\t\t\t\t\t\t<a href=\"https:\/\/rheiacomfort.com\/fr-CA\/le-nouveau-manuel-dinstallation-de-rheia-est-arrive\/\" target=\"_self\">\n\t\t\t\tLe nouveau manuel d\u2019installation de Rheia est arriv\u00e9!\t\t\t<\/a>\n\n\t\t\t\t<\/h2>\n\t\t<div class=\"uael-post__separator\"><\/div>\n\t\t<div class=\"uael-post__excerpt\">\n\t\t\tRheia publie un nouveau manuel d\u2019installation Rough-In : Phoenix, 19 mars 2025 \u2014 Chez Rheia, nous savons qu\u2019une installation CVC r\u00e9ussie commence par la clart\u00e9, ...\t\t<\/div>\n\n\t\t\t\t\t<div class=\"uael-post__meta-data\">\n\t\t\t\t\t<span class=\"uael-post__date\">\n\t\t\t\t\t\t\t\t\t\t\t\t\t<i aria-hidden=\"true\" class=\"fa fa-calendar\"><\/i>\t\t\t\t\t\t\t\t\t\n\t\t\t19 mars 2025\t\t<\/span>\n\t\t\t\t<\/div>\n\t\t\t\t\t<\/div>\n\t\t\t\n\t\t<\/div>\n\t\t\n\t<\/div>\n\n<\/div>\n\n\n<div class=\"uael-post-wrapper  blogue-rheia \">\n\n\t<div class=\"uael-post__bg-wrap\">\n\t\t\n\t\t\n\t\t<div class=\"uael-post__inner-wrap \">\n\n\t\t\t\t<div class=\"uael-post__thumbnail\">\n\t\t\t\n\t\t\t<a href=\"https:\/\/rheiacomfort.com\/fr-CA\/nouvelle-sortie-de-produit-botte-de-plancher-a-double-conduit\/\" target=\"_self\" title=\"Nouvelle sortie de produit : Botte de plancher \u00e0 double conduit\"><img loading=\"lazy\" decoding=\"async\" width=\"1000\" height=\"562\" src=\"https:\/\/rheiacomfort.com\/wp-content\/uploads\/2024\/09\/double_boot_over_web.jpg\" class=\"attachment-full size-full wp-image-18326\" alt=\"\" title=\"\" srcset=\"https:\/\/rheiacomfort.com\/wp-content\/uploads\/2024\/09\/double_boot_over_web.jpg 1000w, https:\/\/rheiacomfort.com\/wp-content\/uploads\/2024\/09\/double_boot_over_web-300x169.jpg 300w, https:\/\/rheiacomfort.com\/wp-content\/uploads\/2024\/09\/double_boot_over_web-768x432.jpg 768w\" sizes=\"(max-width: 1000px) 100vw, 1000px\" \/><\/a>\n\t\t\t\t\t<\/div>\n\t\t\n\t\t\t\n\t\t\t<div class=\"uael-post__content-wrap\">\n\n\t\t\t<span class=\"uael-post__terms\"><a href=\"https:\/\/rheiacomfort.com\/fr-CA\/category\/blogue-rheia\/\" class=\"uael-listing__terms-link\" id=\"uael-post-term-blogue-rheia\" aria-labelledby=\"uael-post-term-blogue-rheia\">Blogue Rheia<\/a><\/span>\t\t<h2 class=\"uael-post__title\">\n\n\t\t\n\t\t\t\t\t\t<a href=\"https:\/\/rheiacomfort.com\/fr-CA\/nouvelle-sortie-de-produit-botte-de-plancher-a-double-conduit\/\" target=\"_self\">\n\t\t\t\tNouvelle sortie de produit : Botte de plancher \u00e0 double conduit\t\t\t<\/a>\n\n\t\t\t\t<\/h2>\n\t\t<div class=\"uael-post__separator\"><\/div>\n\t\t<div class=\"uael-post__excerpt\">\n\t\t\tRheia d\u00e9voile une nouvelle addition \u00e0 sa gamme de composants : Le coffre de plancher \u00e0 double conduit. Phoenix, 19 septembre 2024 \u2014 Rheia, un ...\t\t<\/div>\n\n\t\t\t\t\t<div class=\"uael-post__meta-data\">\n\t\t\t\t\t<span class=\"uael-post__date\">\n\t\t\t\t\t\t\t\t\t\t\t\t\t<i aria-hidden=\"true\" class=\"fa fa-calendar\"><\/i>\t\t\t\t\t\t\t\t\t\n\t\t\t19 septembre 2024\t\t<\/span>\n\t\t\t\t<\/div>\n\t\t\t\t\t<\/div>\n\t\t\t\n\t\t<\/div>\n\t\t\n\t<\/div>\n\n<\/div>\n\t\t\t\t<\/div>\n\t\t\t\t\t\t\n\t\t<\/div>\n\n\t\t\t\t\t\t<\/div>\n\t\t<div class=\"uael-post__footer\">\n\t\t\t\t\t\t<nav class=\"uael-grid-pagination\"  role=\"navigation\" aria-label=\"Pagination\" data-total=\"4\" data-next-page=\"2\">\n\t\t\t\t<span aria-current=\"page\" class=\"page-numbers current\">1<\/span>\n<a class=\"page-numbers\" href=\"https:\/\/rheiacomfort.com\/fr-CA\/wp-json\/wp\/v2\/pages\/18616\/page\/2\/\">2<\/a>\n<a class=\"page-numbers\" href=\"https:\/\/rheiacomfort.com\/fr-CA\/wp-json\/wp\/v2\/pages\/18616\/page\/3\/\">3<\/a>\n<a class=\"page-numbers\" href=\"https:\/\/rheiacomfort.com\/fr-CA\/wp-json\/wp\/v2\/pages\/18616\/page\/4\/\">4<\/a>\n<a class=\"next page-numbers\" href=\"https:\/\/rheiacomfort.com\/fr-CA\/wp-json\/wp\/v2\/pages\/18616\/page\/2\/\">Suivant &raquo;<\/a>\n\t\t\t<\/nav>\n\n\t\t\t\t\t<\/div>\n\t\t\t\t\t\t<\/div>\n\t\t\t\t<\/div>\n\t\t\t\t\t<\/div>\n\t\t<\/div>\n\t\t\t\t\t<\/div>\n\t\t<\/section>\n\t\t\t\t<\/div>\n\t\t","protected":false},"excerpt":{"rendered":"<p>Blogue Rheia Suivez le blogue Rheia pour les derni\u00e8res nouvelles, analyses actuelles et communiqu\u00e9s de presse Rheia Blog New Product Release: Dual Duct Wall Boot Rheia, LLC announces the release of its new Dual Duct Wall Boot, the latest addition to its growing line of air distribution components. Phoenix, April &#8230; April 23, 2026 Rheia [&hellip;]<\/p>\n","protected":false},"author":4,"featured_media":0,"parent":0,"menu_order":0,"comment_status":"closed","ping_status":"closed","template":"elementor_theme","meta":{"inline_featured_image":false,"site-sidebar-layout":"no-sidebar","site-content-layout":"page-builder","ast-site-content-layout":"default","site-content-style":"default","site-sidebar-style":"default","ast-global-header-display":"","ast-banner-title-visibility":"","ast-main-header-display":"","ast-hfb-above-header-display":"","ast-hfb-below-header-display":"","ast-hfb-mobile-header-display":"","site-post-title":"disabled","ast-breadcrumbs-content":"","ast-featured-img":"disabled","footer-sml-layout":"","theme-transparent-header-meta":"default","adv-header-id-meta":"","stick-header-meta":"","header-above-stick-meta":"","header-main-stick-meta":"","header-below-stick-meta":"","astra-migrate-meta-layouts":"default","ast-page-background-enabled":"default","ast-page-background-meta":{"desktop":{"background-color":"var(--ast-global-color-4)","background-image":"","background-repeat":"repeat","background-position":"center center","background-size":"auto","background-attachment":"scroll","background-type":"","background-media":"","overlay-type":"","overlay-color":"","overlay-opacity":"","overlay-gradient":""},"tablet":{"background-color":"","background-image":"","background-repeat":"repeat","background-position":"center center","background-size":"auto","background-attachment":"scroll","background-type":"","background-media":"","overlay-type":"","overlay-color":"","overlay-opacity":"","overlay-gradient":""},"mobile":{"background-color":"","background-image":"","background-repeat":"repeat","background-position":"center center","background-size":"auto","background-attachment":"scroll","background-type":"","background-media":"","overlay-type":"","overlay-color":"","overlay-opacity":"","overlay-gradient":""}},"ast-content-background-meta":{"desktop":{"background-color":"var(--ast-global-color-5)","background-image":"","background-repeat":"repeat","background-position":"center center","background-size":"auto","background-attachment":"scroll","background-type":"","background-media":"","overlay-type":"","overlay-color":"","overlay-opacity":"","overlay-gradient":""},"tablet":{"background-color":"var(--ast-global-color-5)","background-image":"","background-repeat":"repeat","background-position":"center center","background-size":"auto","background-attachment":"scroll","background-type":"","background-media":"","overlay-type":"","overlay-color":"","overlay-opacity":"","overlay-gradient":""},"mobile":{"background-color":"var(--ast-global-color-5)","background-image":"","background-repeat":"repeat","background-position":"center center","background-size":"auto","background-attachment":"scroll","background-type":"","background-media":"","overlay-type":"","overlay-color":"","overlay-opacity":"","overlay-gradient":""}},"footnotes":""},"class_list":["post-18616","page","type-page","status-publish","hentry"],"jetpack_sharing_enabled":true,"_links":{"self":[{"href":"https:\/\/rheiacomfort.com\/fr-CA\/wp-json\/wp\/v2\/pages\/18616","targetHints":{"allow":["GET"]}}],"collection":[{"href":"https:\/\/rheiacomfort.com\/fr-CA\/wp-json\/wp\/v2\/pages"}],"about":[{"href":"https:\/\/rheiacomfort.com\/fr-CA\/wp-json\/wp\/v2\/types\/page"}],"author":[{"embeddable":true,"href":"https:\/\/rheiacomfort.com\/fr-CA\/wp-json\/wp\/v2\/users\/4"}],"replies":[{"embeddable":true,"href":"https:\/\/rheiacomfort.com\/fr-CA\/wp-json\/wp\/v2\/comments?post=18616"}],"version-history":[{"count":1,"href":"https:\/\/rheiacomfort.com\/fr-CA\/wp-json\/wp\/v2\/pages\/18616\/revisions"}],"predecessor-version":[{"id":18620,"href":"https:\/\/rheiacomfort.com\/fr-CA\/wp-json\/wp\/v2\/pages\/18616\/revisions\/18620"}],"wp:attachment":[{"href":"https:\/\/rheiacomfort.com\/fr-CA\/wp-json\/wp\/v2\/media?parent=18616"}],"curies":[{"name":"wp","href":"https:\/\/api.w.org\/{rel}","templated":true}]}}