{"id":17202,"date":"2022-06-21T21:08:23","date_gmt":"2022-06-22T04:08:23","guid":{"rendered":"https:\/\/rheiacomfort.com\/solution-cvc\/"},"modified":"2026-03-18T13:27:05","modified_gmt":"2026-03-18T20:27:05","slug":"solution-cvc","status":"publish","type":"page","link":"https:\/\/rheiacomfort.com\/fr\/solution-cvc\/","title":{"rendered":"Solution CVC"},"content":{"rendered":"\t\t<div data-elementor-type=\"wp-page\" data-elementor-id=\"17202\" class=\"elementor elementor-17202 elementor-334\" data-elementor-settings=\"{&quot;ha_cmc_init_switcher&quot;:&quot;no&quot;}\" data-elementor-post-type=\"page\">\n\t\t\t\t\t\t<section class=\"elementor-section elementor-top-section elementor-element elementor-element-2a72e7b elementor-section-full_width elementor-section-height-default elementor-section-height-default\" data-id=\"2a72e7b\" data-element_type=\"section\" data-e-type=\"section\" data-settings=\"{&quot;_ha_eqh_enable&quot;:false}\">\n\t\t\t\t\t\t<div class=\"elementor-container elementor-column-gap-no\">\n\t\t\t\t\t<div class=\"elementor-column elementor-col-100 elementor-top-column elementor-element elementor-element-0166cd8\" data-id=\"0166cd8\" data-element_type=\"column\" data-e-type=\"column\">\n\t\t\t<div class=\"elementor-widget-wrap elementor-element-populated\">\n\t\t\t\t\t\t<div class=\"elementor-element elementor-element-4d34f18 elementor-widget elementor-widget-image\" data-id=\"4d34f18\" data-element_type=\"widget\" data-e-type=\"widget\" data-widget_type=\"image.default\">\n\t\t\t\t<div class=\"elementor-widget-container\">\n\t\t\t\t\t\t\t\t\t\t\t\t\t\t\t<img fetchpriority=\"high\" decoding=\"async\" width=\"1800\" height=\"703\" src=\"https:\/\/rheiacomfort.com\/wp-content\/uploads\/2022\/06\/hvac-hero.jpg\" class=\"attachment-full size-full wp-image-17205\" alt=\"Discover Rheia the HVAC Solution\" srcset=\"https:\/\/rheiacomfort.com\/wp-content\/uploads\/2022\/06\/hvac-hero.jpg 1800w, https:\/\/rheiacomfort.com\/wp-content\/uploads\/2022\/06\/hvac-hero-300x117.jpg 300w, https:\/\/rheiacomfort.com\/wp-content\/uploads\/2022\/06\/hvac-hero-1024x400.jpg 1024w, https:\/\/rheiacomfort.com\/wp-content\/uploads\/2022\/06\/hvac-hero-768x300.jpg 768w, https:\/\/rheiacomfort.com\/wp-content\/uploads\/2022\/06\/hvac-hero-1536x600.jpg 1536w\" sizes=\"(max-width: 1800px) 100vw, 1800px\" title=\"\">\t\t\t\t\t\t\t\t\t\t\t\t\t\t\t<\/div>\n\t\t\t\t<\/div>\n\t\t\t\t\t<\/div>\n\t\t<\/div>\n\t\t\t\t\t<\/div>\n\t\t<\/section>\n\t\t\t\t<section class=\"elementor-section elementor-top-section elementor-element elementor-element-98f3458 elementor-section-boxed elementor-section-height-default elementor-section-height-default\" data-id=\"98f3458\" data-element_type=\"section\" data-e-type=\"section\" id=\"text-hero-over\" data-settings=\"{&quot;_ha_eqh_enable&quot;:false}\">\n\t\t\t\t\t\t<div class=\"elementor-container elementor-column-gap-default\">\n\t\t\t\t\t<div class=\"elementor-column elementor-col-100 elementor-top-column elementor-element elementor-element-7cc3f24\" data-id=\"7cc3f24\" data-element_type=\"column\" data-e-type=\"column\">\n\t\t\t<div class=\"elementor-widget-wrap elementor-element-populated\">\n\t\t\t\t\t\t<div class=\"elementor-element elementor-element-0096621 elementor-widget elementor-widget-heading\" data-id=\"0096621\" data-element_type=\"widget\" data-e-type=\"widget\" data-widget_type=\"heading.default\">\n\t\t\t\t<div class=\"elementor-widget-container\">\n\t\t\t\t\t<h2 class=\"elementor-heading-title elementor-size-default\">Une solution CVC pour la construction r\u00e9sidentielle<\/h2>\t\t\t\t<\/div>\n\t\t\t\t<\/div>\n\t\t\t\t<div class=\"elementor-element elementor-element-d1934a7 elementor-widget elementor-widget-text-editor\" data-id=\"d1934a7\" data-element_type=\"widget\" data-e-type=\"widget\" data-widget_type=\"text-editor.default\">\n\t\t\t\t<div class=\"elementor-widget-container\">\n\t\t\t\t\t\t\t\t\t<p>Rheia est l\u00e0 pour servir le march\u00e9 du chauffage, de la ventilation et de la climatisation r\u00e9sidentiels &#8211; des constructeurs aux entrepreneurs, en passant par les responsables de la r\u00e9glementation, les concepteurs et les acheteurs de maisons. Choisissez votre public ci-dessous pour en savoir plus sur la fa\u00e7on dont Rheia est la meilleure solution CVC disponible aujourd&#8217;hui.   <\/p><p>Notre <a href=\"https:\/\/www.youtube.com\/@rheiacomfort\/featured\" target=\"_blank\" rel=\"noopener\">cha\u00eene YouTube<\/a> propose \u00e9galement un contenu informatif sur notre technologie HVAC innovante, d\u00e9montrant \u00e0 quel point elle est facile \u00e0 installer et \u00e0 \u00e9quilibrer, cr\u00e9ant ainsi un environnement plus confortable et plus silencieux que les acheteurs de maisons attendent.  <\/p>\t\t\t\t\t\t\t\t<\/div>\n\t\t\t\t<\/div>\n\t\t\t\t<section class=\"elementor-section elementor-inner-section elementor-element elementor-element-0bbee3e no-hero-css icons-section elementor-section-boxed elementor-section-height-default elementor-section-height-default\" data-id=\"0bbee3e\" data-element_type=\"section\" data-e-type=\"section\" data-settings=\"{&quot;_ha_eqh_enable&quot;:false}\">\n\t\t\t\t\t\t<div class=\"elementor-container elementor-column-gap-default\">\n\t\t\t\t\t<div class=\"elementor-column elementor-col-20 elementor-inner-column elementor-element elementor-element-d71c10e image-column\" data-id=\"d71c10e\" data-element_type=\"column\" data-e-type=\"column\">\n\t\t\t<div class=\"elementor-widget-wrap elementor-element-populated\">\n\t\t\t\t\t\t<div class=\"elementor-element elementor-element-6a4e1a69 design-icons elementor-position-top elementor-widget elementor-widget-image-box\" data-id=\"6a4e1a69\" data-element_type=\"widget\" data-e-type=\"widget\" data-widget_type=\"image-box.default\">\n\t\t\t\t<div class=\"elementor-widget-container\">\n\t\t\t\t\t<div class=\"elementor-image-box-wrapper\"><figure class=\"elementor-image-box-img\"><a href=\"https:\/\/rheiacomfort.com\/rheia-for-builders\/\" tabindex=\"-1\"><img decoding=\"async\" width=\"170\" height=\"170\" src=\"https:\/\/rheiacomfort.com\/wp-content\/uploads\/2022\/06\/builders.png\" class=\"attachment-full size-full wp-image-17206\" alt=\"\" title=\"\" srcset=\"https:\/\/rheiacomfort.com\/wp-content\/uploads\/2022\/06\/builders.png 170w, https:\/\/rheiacomfort.com\/wp-content\/uploads\/2022\/06\/builders-150x150.png 150w\" sizes=\"(max-width: 170px) 100vw, 170px\" \/><\/a><\/figure><div class=\"elementor-image-box-content\"><h3 class=\"elementor-image-box-title\"><a href=\"https:\/\/rheiacomfort.com\/rheia-for-builders\/\">B\u00e2tisseurs<\/a><\/h3><\/div><\/div>\t\t\t\t<\/div>\n\t\t\t\t<\/div>\n\t\t\t\t\t<\/div>\n\t\t<\/div>\n\t\t\t\t<div class=\"elementor-column elementor-col-20 elementor-inner-column elementor-element elementor-element-8735c88 image-column\" data-id=\"8735c88\" data-element_type=\"column\" data-e-type=\"column\">\n\t\t\t<div class=\"elementor-widget-wrap elementor-element-populated\">\n\t\t\t\t\t\t<div class=\"elementor-element elementor-element-1963299 design-icons elementor-position-top elementor-widget elementor-widget-image-box\" data-id=\"1963299\" data-element_type=\"widget\" data-e-type=\"widget\" data-widget_type=\"image-box.default\">\n\t\t\t\t<div class=\"elementor-widget-container\">\n\t\t\t\t\t<div class=\"elementor-image-box-wrapper\"><figure class=\"elementor-image-box-img\"><a href=\"https:\/\/rheiacomfort.com\/rheia-for-contractors\/\" tabindex=\"-1\"><img decoding=\"async\" width=\"170\" height=\"170\" src=\"https:\/\/rheiacomfort.com\/wp-content\/uploads\/2022\/06\/contractors.png\" class=\"attachment-full size-full wp-image-17209\" alt=\"\" title=\"\" srcset=\"https:\/\/rheiacomfort.com\/wp-content\/uploads\/2022\/06\/contractors.png 170w, https:\/\/rheiacomfort.com\/wp-content\/uploads\/2022\/06\/contractors-150x150.png 150w\" sizes=\"(max-width: 170px) 100vw, 170px\" \/><\/a><\/figure><div class=\"elementor-image-box-content\"><h3 class=\"elementor-image-box-title\"><a href=\"https:\/\/rheiacomfort.com\/rheia-for-contractors\/\">Entrepreneurs<\/a><\/h3><\/div><\/div>\t\t\t\t<\/div>\n\t\t\t\t<\/div>\n\t\t\t\t\t<\/div>\n\t\t<\/div>\n\t\t\t\t<div class=\"elementor-column elementor-col-20 elementor-inner-column elementor-element elementor-element-777be3f image-column\" data-id=\"777be3f\" data-element_type=\"column\" data-e-type=\"column\">\n\t\t\t<div class=\"elementor-widget-wrap elementor-element-populated\">\n\t\t\t\t\t\t<div class=\"elementor-element elementor-element-3d3e4aa5 design-icons elementor-position-top elementor-widget elementor-widget-image-box\" data-id=\"3d3e4aa5\" data-element_type=\"widget\" data-e-type=\"widget\" data-widget_type=\"image-box.default\">\n\t\t\t\t<div class=\"elementor-widget-container\">\n\t\t\t\t\t<div class=\"elementor-image-box-wrapper\"><figure class=\"elementor-image-box-img\"><a href=\"https:\/\/rheiacomfort.com\/rheia-for-code-officials\/\" tabindex=\"-1\"><img loading=\"lazy\" decoding=\"async\" width=\"170\" height=\"170\" src=\"https:\/\/rheiacomfort.com\/wp-content\/uploads\/2022\/06\/code-officials.png\" class=\"attachment-full size-full wp-image-17211\" alt=\"Code Officials search icon\" title=\"\" srcset=\"https:\/\/rheiacomfort.com\/wp-content\/uploads\/2022\/06\/code-officials.png 170w, https:\/\/rheiacomfort.com\/wp-content\/uploads\/2022\/06\/code-officials-150x150.png 150w\" sizes=\"(max-width: 170px) 100vw, 170px\" \/><\/a><\/figure><div class=\"elementor-image-box-content\"><h3 class=\"elementor-image-box-title\"><a href=\"https:\/\/rheiacomfort.com\/rheia-for-code-officials\/\">Fonctionnaires du code<\/a><\/h3><\/div><\/div>\t\t\t\t<\/div>\n\t\t\t\t<\/div>\n\t\t\t\t\t<\/div>\n\t\t<\/div>\n\t\t\t\t<div class=\"elementor-column elementor-col-20 elementor-inner-column elementor-element elementor-element-95e862a image-column\" data-id=\"95e862a\" data-element_type=\"column\" data-e-type=\"column\">\n\t\t\t<div class=\"elementor-widget-wrap elementor-element-populated\">\n\t\t\t\t\t\t<div class=\"elementor-element elementor-element-6442a60e design-icons elementor-position-top elementor-widget elementor-widget-image-box\" data-id=\"6442a60e\" data-element_type=\"widget\" data-e-type=\"widget\" data-widget_type=\"image-box.default\">\n\t\t\t\t<div class=\"elementor-widget-container\">\n\t\t\t\t\t<div class=\"elementor-image-box-wrapper\"><figure class=\"elementor-image-box-img\"><a href=\"https:\/\/rheiacomfort.com\/rheia-for-designers\/\" tabindex=\"-1\"><img loading=\"lazy\" decoding=\"async\" width=\"170\" height=\"170\" src=\"https:\/\/rheiacomfort.com\/wp-content\/uploads\/2022\/06\/designers.png\" class=\"attachment-full size-full wp-image-17212\" alt=\"Balancing Rheia\" title=\"\" srcset=\"https:\/\/rheiacomfort.com\/wp-content\/uploads\/2022\/06\/designers.png 170w, https:\/\/rheiacomfort.com\/wp-content\/uploads\/2022\/06\/designers-150x150.png 150w\" sizes=\"(max-width: 170px) 100vw, 170px\" \/><\/a><\/figure><div class=\"elementor-image-box-content\"><h3 class=\"elementor-image-box-title\"><a href=\"https:\/\/rheiacomfort.com\/rheia-for-designers\/\">Concepteurs<\/a><\/h3><\/div><\/div>\t\t\t\t<\/div>\n\t\t\t\t<\/div>\n\t\t\t\t\t<\/div>\n\t\t<\/div>\n\t\t\t\t<div class=\"elementor-column elementor-col-20 elementor-inner-column elementor-element elementor-element-b3fdf06 image-column\" data-id=\"b3fdf06\" data-element_type=\"column\" data-e-type=\"column\">\n\t\t\t<div class=\"elementor-widget-wrap elementor-element-populated\">\n\t\t\t\t\t\t<div class=\"elementor-element elementor-element-6adadb7b design-icons elementor-position-top elementor-widget elementor-widget-image-box\" data-id=\"6adadb7b\" data-element_type=\"widget\" data-e-type=\"widget\" data-widget_type=\"image-box.default\">\n\t\t\t\t<div class=\"elementor-widget-container\">\n\t\t\t\t\t<div class=\"elementor-image-box-wrapper\"><figure class=\"elementor-image-box-img\"><a href=\"https:\/\/rheiacomfort.com\/rheia-for-new-homebuyers\/\" tabindex=\"-1\"><img loading=\"lazy\" decoding=\"async\" width=\"170\" height=\"170\" src=\"https:\/\/rheiacomfort.com\/wp-content\/uploads\/2022\/06\/new-homebuyers.png\" class=\"attachment-full size-full wp-image-17213\" alt=\"Finished Homes icon\" title=\"\" srcset=\"https:\/\/rheiacomfort.com\/wp-content\/uploads\/2022\/06\/new-homebuyers.png 170w, https:\/\/rheiacomfort.com\/wp-content\/uploads\/2022\/06\/new-homebuyers-150x150.png 150w\" sizes=\"(max-width: 170px) 100vw, 170px\" \/><\/a><\/figure><div class=\"elementor-image-box-content\"><h3 class=\"elementor-image-box-title\"><a href=\"https:\/\/rheiacomfort.com\/rheia-for-new-homebuyers\/\">Nouveaux acqu\u00e9reurs de logement<\/a><\/h3><\/div><\/div>\t\t\t\t<\/div>\n\t\t\t\t<\/div>\n\t\t\t\t\t<\/div>\n\t\t<\/div>\n\t\t\t\t\t<\/div>\n\t\t<\/section>\n\t\t\t\t\t<\/div>\n\t\t<\/div>\n\t\t\t\t\t<\/div>\n\t\t<\/section>\n\t\t\t\t<section class=\"elementor-section elementor-top-section elementor-element elementor-element-43313fc elementor-section-full_width lines-section top-lines elementor-section-height-default elementor-section-height-default\" data-id=\"43313fc\" data-element_type=\"section\" data-e-type=\"section\" data-settings=\"{&quot;_ha_eqh_enable&quot;:false}\">\n\t\t\t\t\t\t<div class=\"elementor-container elementor-column-gap-no\">\n\t\t\t\t\t<div class=\"elementor-column elementor-col-100 elementor-top-column elementor-element elementor-element-082c040\" data-id=\"082c040\" data-element_type=\"column\" data-e-type=\"column\">\n\t\t\t<div class=\"elementor-widget-wrap\">\n\t\t\t\t\t\t\t<\/div>\n\t\t<\/div>\n\t\t\t\t\t<\/div>\n\t\t<\/section>\n\t\t\t\t<section class=\"elementor-section elementor-top-section elementor-element elementor-element-4ea51d1 elementor-section-boxed elementor-section-height-default elementor-section-height-default\" data-id=\"4ea51d1\" data-element_type=\"section\" data-e-type=\"section\" data-settings=\"{&quot;background_background&quot;:&quot;classic&quot;,&quot;_ha_eqh_enable&quot;:false}\">\n\t\t\t\t\t\t<div class=\"elementor-container elementor-column-gap-wide\">\n\t\t\t\t\t<div class=\"elementor-column elementor-col-33 elementor-top-column elementor-element elementor-element-4febc43\" data-id=\"4febc43\" data-element_type=\"column\" data-e-type=\"column\">\n\t\t\t<div class=\"elementor-widget-wrap elementor-element-populated\">\n\t\t\t\t\t\t<div class=\"elementor-element elementor-element-a25f52e elementor-widget elementor-widget-heading\" data-id=\"a25f52e\" data-element_type=\"widget\" data-e-type=\"widget\" data-widget_type=\"heading.default\">\n\t\t\t\t<div class=\"elementor-widget-container\">\n\t\t\t\t\t<h3 class=\"elementor-heading-title elementor-size-default\">Rheia est pr\u00e8s de chez vous<\/h3>\t\t\t\t<\/div>\n\t\t\t\t<\/div>\n\t\t\t\t<div class=\"elementor-element elementor-element-66625e8 elementor-widget elementor-widget-text-editor\" data-id=\"66625e8\" data-element_type=\"widget\" data-e-type=\"widget\" data-widget_type=\"text-editor.default\">\n\t\t\t\t<div class=\"elementor-widget-container\">\n\t\t\t\t\t\t\t\t\t<p>Rheia a commenc\u00e9 par une s\u00e9rie de maisons pilotes au d\u00e9but de 2020 en Floride et en Californie, puis a construit une s\u00e9rie de maisons en rang\u00e9e dans le Maryland dans le cadre d&#8217;un programme de surveillance \u00e0 long terme, pour ensuite ajouter des maisons pilotes dans l&#8217;Indiana, \u00e0 Philadelphie et en G\u00e9orgie. D&#8217;autres r\u00e9gions ont suivi de pr\u00e8s et nous continuons \u00e0 nous d\u00e9velopper en Am\u00e9rique du Nord. Rheia est maintenant disponible dans 30 \u00e9tats et au Canada, et notre trajectoire de croissance s&#8217;acc\u00e9l\u00e8re de jour en jour.  <\/p>\t\t\t\t\t\t\t\t<\/div>\n\t\t\t\t<\/div>\n\t\t\t\t\t<\/div>\n\t\t<\/div>\n\t\t\t\t<div class=\"elementor-column elementor-col-66 elementor-top-column elementor-element elementor-element-5c9a710\" data-id=\"5c9a710\" data-element_type=\"column\" data-e-type=\"column\">\n\t\t\t<div class=\"elementor-widget-wrap elementor-element-populated\">\n\t\t\t\t\t\t<div class=\"elementor-element elementor-element-c7959b2 rheia-map elementor-widget elementor-widget-image\" data-id=\"c7959b2\" data-element_type=\"widget\" data-e-type=\"widget\" data-widget_type=\"image.default\">\n\t\t\t\t<div class=\"elementor-widget-container\">\n\t\t\t\t\t\t\t\t\t\t\t\t\t\t\t<img loading=\"lazy\" decoding=\"async\" width=\"1024\" height=\"650\" src=\"https:\/\/rheiacomfort.com\/wp-content\/uploads\/2022\/08\/Rheia-hvac-solution-map-1024x650.png\" class=\"attachment-large size-large wp-image-17219\" alt=\"Rheia hvac solution map\" srcset=\"https:\/\/rheiacomfort.com\/wp-content\/uploads\/2022\/08\/Rheia-hvac-solution-map-1024x650.png 1024w, https:\/\/rheiacomfort.com\/wp-content\/uploads\/2022\/08\/Rheia-hvac-solution-map-300x190.png 300w, https:\/\/rheiacomfort.com\/wp-content\/uploads\/2022\/08\/Rheia-hvac-solution-map-768x487.png 768w, https:\/\/rheiacomfort.com\/wp-content\/uploads\/2022\/08\/Rheia-hvac-solution-map.png 1472w\" sizes=\"(max-width: 1024px) 100vw, 1024px\" title=\"\">\t\t\t\t\t\t\t\t\t\t\t\t\t\t\t<\/div>\n\t\t\t\t<\/div>\n\t\t\t\t<div class=\"elementor-element elementor-element-dd8256d elementor-widget elementor-widget-text-editor\" data-id=\"dd8256d\" data-element_type=\"widget\" data-e-type=\"widget\" data-widget_type=\"text-editor.default\">\n\t\t\t\t<div class=\"elementor-widget-container\">\n\t\t\t\t\t\t\t\t\t<div class=\"map-guide\"><div class=\"map-key\"><div class=\"square blue\"> <\/div><div class=\"map-status\">En production ou en d\u00e9veloppement<\/div><\/div><div class=\"map-key\"><div class=\"square light-grey\"> <\/div><div class=\"map-status\">Expansion future<\/div><\/div><\/div>\t\t\t\t\t\t\t\t<\/div>\n\t\t\t\t<\/div>\n\t\t\t\t\t<\/div>\n\t\t<\/div>\n\t\t\t\t\t<\/div>\n\t\t<\/section>\n\t\t\t\t<section class=\"elementor-section elementor-top-section elementor-element elementor-element-1daf449 elementor-section-boxed elementor-section-height-default elementor-section-height-default\" data-id=\"1daf449\" data-element_type=\"section\" data-e-type=\"section\" data-settings=\"{&quot;_ha_eqh_enable&quot;:false}\">\n\t\t\t\t\t\t<div class=\"elementor-container elementor-column-gap-default\">\n\t\t\t\t\t<div class=\"elementor-column elementor-col-100 elementor-top-column elementor-element elementor-element-fdd48e6\" data-id=\"fdd48e6\" data-element_type=\"column\" data-e-type=\"column\">\n\t\t\t<div class=\"elementor-widget-wrap elementor-element-populated\">\n\t\t\t\t\t\t<div class=\"elementor-element elementor-element-080a4dd elementor-widget elementor-widget-heading\" data-id=\"080a4dd\" data-element_type=\"widget\" data-e-type=\"widget\" data-widget_type=\"heading.default\">\n\t\t\t\t<div class=\"elementor-widget-container\">\n\t\t\t\t\t<h2 class=\"elementor-heading-title elementor-size-default\">Rheia Preferred Builders<\/h2>\t\t\t\t<\/div>\n\t\t\t\t<\/div>\n\t\t\t\t<div class=\"elementor-element elementor-element-abae86b elementor-widget elementor-widget-text-editor\" data-id=\"abae86b\" data-element_type=\"widget\" data-e-type=\"widget\" data-widget_type=\"text-editor.default\">\n\t\t\t\t<div class=\"elementor-widget-container\">\n\t\t\t\t\t\t\t\t\t<p class=\"text center\">Les constructeurs de maisons \u00e0 travers le pays utilisent d\u00e9j\u00e0 Rheia pour sa facilit\u00e9 d&#8217;installation et sa conformit\u00e9 \u00e0 des exigences \u00e9nerg\u00e9tiques plus strictes.<\/p>\t\t\t\t\t\t\t\t<\/div>\n\t\t\t\t<\/div>\n\t\t\t\t\t<\/div>\n\t\t<\/div>\n\t\t\t\t\t<\/div>\n\t\t<\/section>\n\t\t\t\t<section class=\"elementor-section elementor-top-section elementor-element elementor-element-75371d3 elementor-section-boxed elementor-section-height-default elementor-section-height-default\" data-id=\"75371d3\" data-element_type=\"section\" data-e-type=\"section\" data-settings=\"{&quot;_ha_eqh_enable&quot;:false}\">\n\t\t\t\t\t\t<div class=\"elementor-container elementor-column-gap-default\">\n\t\t\t\t\t<div class=\"elementor-column elementor-col-100 elementor-top-column elementor-element elementor-element-801e962\" data-id=\"801e962\" data-element_type=\"column\" data-e-type=\"column\">\n\t\t\t<div class=\"elementor-widget-wrap elementor-element-populated\">\n\t\t\t\t\t\t<div class=\"elementor-element elementor-element-8b6bacf elementor-widget elementor-widget-image-carousel\" data-id=\"8b6bacf\" data-element_type=\"widget\" data-e-type=\"widget\" data-settings=\"{&quot;slides_to_show&quot;:&quot;4&quot;,&quot;slides_to_scroll&quot;:&quot;1&quot;,&quot;navigation&quot;:&quot;none&quot;,&quot;autoplay_speed&quot;:6000,&quot;image_spacing_custom&quot;:{&quot;unit&quot;:&quot;px&quot;,&quot;size&quot;:40,&quot;sizes&quot;:[]},&quot;slides_to_show_tablet&quot;:&quot;3&quot;,&quot;slides_to_show_mobile&quot;:&quot;2&quot;,&quot;autoplay&quot;:&quot;yes&quot;,&quot;pause_on_hover&quot;:&quot;yes&quot;,&quot;pause_on_interaction&quot;:&quot;yes&quot;,&quot;infinite&quot;:&quot;yes&quot;,&quot;speed&quot;:500,&quot;image_spacing_custom_tablet&quot;:{&quot;unit&quot;:&quot;px&quot;,&quot;size&quot;:&quot;&quot;,&quot;sizes&quot;:[]},&quot;image_spacing_custom_mobile&quot;:{&quot;unit&quot;:&quot;px&quot;,&quot;size&quot;:&quot;&quot;,&quot;sizes&quot;:[]}}\" data-widget_type=\"image-carousel.default\">\n\t\t\t\t<div class=\"elementor-widget-container\">\n\t\t\t\t\t\t\t<div class=\"elementor-image-carousel-wrapper swiper\" role=\"region\" aria-roledescription=\"carousel\" aria-label=\"Carrousel d\u2019images\" dir=\"ltr\">\n\t\t\t<div class=\"elementor-image-carousel swiper-wrapper\" aria-live=\"off\">\n\t\t\t\t\t\t\t\t<div class=\"swiper-slide\" role=\"group\" aria-roledescription=\"slide\" aria-label=\"1 sur 4\"><figure class=\"swiper-slide-inner\"><img decoding=\"async\" class=\"swiper-slide-image\" src=\"https:\/\/rheiacomfort.com\/wp-content\/uploads\/2022\/06\/beazer_logo.jpg\" alt=\"\" title=\"\"><\/figure><\/div><div class=\"swiper-slide\" role=\"group\" aria-roledescription=\"slide\" aria-label=\"2 sur 4\"><figure class=\"swiper-slide-inner\"><img decoding=\"async\" class=\"swiper-slide-image\" src=\"https:\/\/rheiacomfort.com\/wp-content\/uploads\/2022\/06\/horton_logo.jpg\" alt=\"\" title=\"\"><\/figure><\/div><div class=\"swiper-slide\" role=\"group\" aria-roledescription=\"slide\" aria-label=\"3 sur 4\"><figure class=\"swiper-slide-inner\"><img decoding=\"async\" class=\"swiper-slide-image\" src=\"https:\/\/rheiacomfort.com\/wp-content\/uploads\/2022\/06\/Lennar_logo.jpg\" alt=\"\" title=\"\"><\/figure><\/div><div class=\"swiper-slide\" role=\"group\" aria-roledescription=\"slide\" aria-label=\"4 sur 4\"><figure class=\"swiper-slide-inner\"><img decoding=\"async\" class=\"swiper-slide-image\" src=\"https:\/\/rheiacomfort.com\/wp-content\/uploads\/2022\/06\/Pulte_logo.jpg\" alt=\"\" title=\"\"><\/figure><\/div>\t\t\t<\/div>\n\t\t\t\t\t\t\t\n\t\t\t\t\t\t\t\t\t<\/div>\n\t\t\t\t\t\t<\/div>\n\t\t\t\t<\/div>\n\t\t\t\t\t<\/div>\n\t\t<\/div>\n\t\t\t\t\t<\/div>\n\t\t<\/section>\n\t\t\t\t<\/div>\n\t\t","protected":false},"excerpt":{"rendered":"<p>Une solution CVC pour la construction r\u00e9sidentielle Rheia est l\u00e0 pour servir le march\u00e9 du chauffage, de la ventilation et de la climatisation r\u00e9sidentiels &#8211; des constructeurs aux entrepreneurs, en passant par les responsables de la r\u00e9glementation, les concepteurs et les acheteurs de maisons. Choisissez votre public ci-dessous pour en savoir plus sur la fa\u00e7on [&hellip;]<\/p>\n","protected":false},"author":4,"featured_media":0,"parent":0,"menu_order":0,"comment_status":"closed","ping_status":"closed","template":"","meta":{"inline_featured_image":false,"site-sidebar-layout":"no-sidebar","site-content-layout":"page-builder","ast-site-content-layout":"default","site-content-style":"default","site-sidebar-style":"default","ast-global-header-display":"","ast-banner-title-visibility":"","ast-main-header-display":"","ast-hfb-above-header-display":"","ast-hfb-below-header-display":"","ast-hfb-mobile-header-display":"","site-post-title":"disabled","ast-breadcrumbs-content":"","ast-featured-img":"disabled","footer-sml-layout":"","theme-transparent-header-meta":"default","adv-header-id-meta":"","stick-header-meta":"","header-above-stick-meta":"","header-main-stick-meta":"","header-below-stick-meta":"","astra-migrate-meta-layouts":"default","ast-page-background-enabled":"default","ast-page-background-meta":{"desktop":{"background-color":"var(--ast-global-color-4)","background-image":"","background-repeat":"repeat","background-position":"center center","background-size":"auto","background-attachment":"scroll","background-type":"","background-media":"","overlay-type":"","overlay-color":"","overlay-opacity":"","overlay-gradient":""},"tablet":{"background-color":"","background-image":"","background-repeat":"repeat","background-position":"center center","background-size":"auto","background-attachment":"scroll","background-type":"","background-media":"","overlay-type":"","overlay-color":"","overlay-opacity":"","overlay-gradient":""},"mobile":{"background-color":"","background-image":"","background-repeat":"repeat","background-position":"center center","background-size":"auto","background-attachment":"scroll","background-type":"","background-media":"","overlay-type":"","overlay-color":"","overlay-opacity":"","overlay-gradient":""}},"ast-content-background-meta":{"desktop":{"background-color":"var(--ast-global-color-5)","background-image":"","background-repeat":"repeat","background-position":"center center","background-size":"auto","background-attachment":"scroll","background-type":"","background-media":"","overlay-type":"","overlay-color":"","overlay-opacity":"","overlay-gradient":""},"tablet":{"background-color":"var(--ast-global-color-5)","background-image":"","background-repeat":"repeat","background-position":"center center","background-size":"auto","background-attachment":"scroll","background-type":"","background-media":"","overlay-type":"","overlay-color":"","overlay-opacity":"","overlay-gradient":""},"mobile":{"background-color":"var(--ast-global-color-5)","background-image":"","background-repeat":"repeat","background-position":"center center","background-size":"auto","background-attachment":"scroll","background-type":"","background-media":"","overlay-type":"","overlay-color":"","overlay-opacity":"","overlay-gradient":""}},"footnotes":""},"class_list":["post-17202","page","type-page","status-publish","hentry"],"jetpack_sharing_enabled":true,"_links":{"self":[{"href":"https:\/\/rheiacomfort.com\/fr\/wp-json\/wp\/v2\/pages\/17202","targetHints":{"allow":["GET"]}}],"collection":[{"href":"https:\/\/rheiacomfort.com\/fr\/wp-json\/wp\/v2\/pages"}],"about":[{"href":"https:\/\/rheiacomfort.com\/fr\/wp-json\/wp\/v2\/types\/page"}],"author":[{"embeddable":true,"href":"https:\/\/rheiacomfort.com\/fr\/wp-json\/wp\/v2\/users\/4"}],"replies":[{"embeddable":true,"href":"https:\/\/rheiacomfort.com\/fr\/wp-json\/wp\/v2\/comments?post=17202"}],"version-history":[{"count":1,"href":"https:\/\/rheiacomfort.com\/fr\/wp-json\/wp\/v2\/pages\/17202\/revisions"}],"predecessor-version":[{"id":17222,"href":"https:\/\/rheiacomfort.com\/fr\/wp-json\/wp\/v2\/pages\/17202\/revisions\/17222"}],"wp:attachment":[{"href":"https:\/\/rheiacomfort.com\/fr\/wp-json\/wp\/v2\/media?parent=17202"}],"curies":[{"name":"wp","href":"https:\/\/api.w.org\/{rel}","templated":true}]}}