{"id":17278,"date":"2023-09-15T12:17:50","date_gmt":"2023-09-15T19:17:50","guid":{"rendered":"https:\/\/rheiacomfort.com\/ressources-pour-les-proprietaires\/"},"modified":"2026-03-18T13:31:03","modified_gmt":"2026-03-18T20:31:03","slug":"ressources-pour-les-proprietaires","status":"publish","type":"page","link":"https:\/\/rheiacomfort.com\/fr\/ressources-pour-les-proprietaires\/","title":{"rendered":"Ressources pour les propri\u00e9taires"},"content":{"rendered":"\t\t<div data-elementor-type=\"wp-page\" data-elementor-id=\"17278\" class=\"elementor elementor-17278 elementor-5921\" data-elementor-settings=\"{&quot;ha_cmc_init_switcher&quot;:&quot;no&quot;}\" data-elementor-post-type=\"page\">\n\t\t\t\t\t\t<section class=\"elementor-section elementor-top-section elementor-element elementor-element-4a0855a elementor-section-boxed elementor-section-height-default elementor-section-height-default\" data-id=\"4a0855a\" data-element_type=\"section\" data-e-type=\"section\" data-settings=\"{&quot;_ha_eqh_enable&quot;:false}\">\n\t\t\t\t\t\t<div class=\"elementor-container elementor-column-gap-default\">\n\t\t\t\t\t<div class=\"elementor-column elementor-col-100 elementor-top-column elementor-element elementor-element-4b17772\" data-id=\"4b17772\" data-element_type=\"column\" data-e-type=\"column\">\n\t\t\t<div class=\"elementor-widget-wrap elementor-element-populated\">\n\t\t\t\t\t\t<div class=\"elementor-element elementor-element-40d7138 elementor-widget elementor-widget-heading\" data-id=\"40d7138\" data-element_type=\"widget\" data-e-type=\"widget\" data-widget_type=\"heading.default\">\n\t\t\t\t<div class=\"elementor-widget-container\">\n\t\t\t\t\t<h1 class=\"elementor-heading-title elementor-size-default\">Ressources pour les propri\u00e9taires<\/h1>\t\t\t\t<\/div>\n\t\t\t\t<\/div>\n\t\t\t\t\t<\/div>\n\t\t<\/div>\n\t\t\t\t\t<\/div>\n\t\t<\/section>\n\t\t\t\t<section class=\"elementor-section elementor-top-section elementor-element elementor-element-14e879e elementor-section-boxed elementor-section-height-default elementor-section-height-default\" data-id=\"14e879e\" data-element_type=\"section\" data-e-type=\"section\" data-settings=\"{&quot;_ha_eqh_enable&quot;:false}\">\n\t\t\t\t\t\t<div class=\"elementor-container elementor-column-gap-default\">\n\t\t\t\t\t<div class=\"elementor-column elementor-col-100 elementor-top-column elementor-element elementor-element-3cf3562\" data-id=\"3cf3562\" data-element_type=\"column\" data-e-type=\"column\">\n\t\t\t<div class=\"elementor-widget-wrap elementor-element-populated\">\n\t\t\t\t\t\t<div class=\"elementor-element elementor-element-3b4955d elementor-widget elementor-widget-text-editor\" data-id=\"3b4955d\" data-element_type=\"widget\" data-e-type=\"widget\" data-widget_type=\"text-editor.default\">\n\t\t\t\t<div class=\"elementor-widget-container\">\n\t\t\t\t\t\t\t\t\t<p data-start=\"226\" data-end=\"560\">Le syst\u00e8me de distribution d&#8217;air innovant de Rheia est con\u00e7u pour am\u00e9liorer votre confort. Parcourez les guides utiles, regardez les vid\u00e9os pratiques et suivez les conseils de d\u00e9pannage \u00e9tape par \u00e9tape pour que votre syst\u00e8me fonctionne au maximum de ses performances. Apprenez \u00e0 r\u00e9duire vos factures d&#8217;\u00e9nergie, \u00e0 am\u00e9liorer le d\u00e9bit d&#8217;air et \u00e0 savoir quand appeler votre constructeur ou votre entrepreneur pour obtenir de l&#8217;aide.  <\/p><h3 data-start=\"562\" data-end=\"589\"><strong data-start=\"565\" data-end=\"587\">Liens recommand\u00e9s :<\/strong><\/h3><p data-start=\"592\" data-end=\"728\"><a class=\"decorated-link\" href=\"https:\/\/rheiacomfort.com\/fr\/rheia-pour-les-nouveaux-acheteurs-de-maison\/\" target=\"_new\" rel=\"noopener\" data-start=\"592\" data-end=\"665\">Rheia Homebuyer Info<\/a> &#8211; En savoir plus sur votre syst\u00e8me Rheia dans votre nouvelle maison.<\/p><p data-start=\"592\" data-end=\"728\"><a class=\"decorated-link cursor-pointer\" href=\"https:\/\/rheiacomfort.com\/wp-content\/uploads\/2023\/03\/Cleaning-Rheia-Ducts-for-Homeowners-1.pdf\" rel=\"noopener\" data-start=\"731\" data-end=\"778\">Recommandations pour le nettoyage des<\/a> conduits &#8211; D\u00e9couvrez quand et comment entretenir vos conduits pour une performance \u00e0 long terme.<\/p>\t\t\t\t\t\t\t\t<\/div>\n\t\t\t\t<\/div>\n\t\t\t\t\t<\/div>\n\t\t<\/div>\n\t\t\t\t\t<\/div>\n\t\t<\/section>\n\t\t\t\t<section class=\"elementor-section elementor-top-section elementor-element elementor-element-53ea809 elementor-section-boxed elementor-section-height-default elementor-section-height-default\" data-id=\"53ea809\" data-element_type=\"section\" data-e-type=\"section\" data-settings=\"{&quot;_ha_eqh_enable&quot;:false}\">\n\t\t\t\t\t\t<div class=\"elementor-container elementor-column-gap-default\">\n\t\t\t\t\t<div class=\"elementor-column elementor-col-100 elementor-top-column elementor-element elementor-element-ee35982\" data-id=\"ee35982\" data-element_type=\"column\" data-e-type=\"column\">\n\t\t\t<div class=\"elementor-widget-wrap elementor-element-populated\">\n\t\t\t\t\t\t<div class=\"elementor-element elementor-element-8ba7f94 elementor-widget elementor-widget-shortcode\" data-id=\"8ba7f94\" data-element_type=\"widget\" data-e-type=\"widget\" data-widget_type=\"shortcode.default\">\n\t\t\t\t<div class=\"elementor-widget-container\">\n\t\t\t\t\t\t\t<div class=\"elementor-shortcode\"><div id=\"filebird-document-library\"><div class=\"njt-fbdl\" data-json=\"{&quot;request&quot;:{&quot;pagination&quot;:{&quot;current&quot;:1,&quot;limit&quot;:10},&quot;search&quot;:&quot;&quot;,&quot;orderBy&quot;:&quot;post_title&quot;,&quot;orderType&quot;:&quot;DESC&quot;,&quot;selectedFolder&quot;:[&quot;R7k+jpncT5kLAX7yu4Um0Q==&quot;]},&quot;title&quot;:&quot;Ressources pour les propri\\u00e9taires&quot;,&quot;column&quot;:&quot;4&quot;,&quot;layout&quot;:&quot;list&quot;}\"><\/div><\/div><\/div>\n\t\t\t\t\t\t<\/div>\n\t\t\t\t<\/div>\n\t\t\t\t\t<\/div>\n\t\t<\/div>\n\t\t\t\t\t<\/div>\n\t\t<\/section>\n\t\t\t\t<\/div>\n\t\t","protected":false},"excerpt":{"rendered":"<p>Ressources pour les propri\u00e9taires Le syst\u00e8me de distribution d&#8217;air innovant de Rheia est con\u00e7u pour am\u00e9liorer votre confort. Parcourez les guides utiles, regardez les vid\u00e9os pratiques et suivez les conseils de d\u00e9pannage \u00e9tape par \u00e9tape pour que votre syst\u00e8me fonctionne au maximum de ses performances. Apprenez \u00e0 r\u00e9duire vos factures d&#8217;\u00e9nergie, \u00e0 am\u00e9liorer le d\u00e9bit [&hellip;]<\/p>\n","protected":false},"author":4,"featured_media":0,"parent":0,"menu_order":0,"comment_status":"closed","ping_status":"closed","template":"","meta":{"inline_featured_image":false,"site-sidebar-layout":"no-sidebar","site-content-layout":"page-builder","ast-site-content-layout":"full-width-container","site-content-style":"unboxed","site-sidebar-style":"unboxed","ast-global-header-display":"","ast-banner-title-visibility":"","ast-main-header-display":"","ast-hfb-above-header-display":"","ast-hfb-below-header-display":"","ast-hfb-mobile-header-display":"","site-post-title":"disabled","ast-breadcrumbs-content":"","ast-featured-img":"disabled","footer-sml-layout":"","theme-transparent-header-meta":"default","adv-header-id-meta":"","stick-header-meta":"","header-above-stick-meta":"","header-main-stick-meta":"","header-below-stick-meta":"","astra-migrate-meta-layouts":"default","ast-page-background-enabled":"default","ast-page-background-meta":{"desktop":{"background-color":"var(--ast-global-color-4)","background-image":"","background-repeat":"repeat","background-position":"center center","background-size":"auto","background-attachment":"scroll","background-type":"","background-media":"","overlay-type":"","overlay-color":"","overlay-opacity":"","overlay-gradient":""},"tablet":{"background-color":"","background-image":"","background-repeat":"repeat","background-position":"center center","background-size":"auto","background-attachment":"scroll","background-type":"","background-media":"","overlay-type":"","overlay-color":"","overlay-opacity":"","overlay-gradient":""},"mobile":{"background-color":"","background-image":"","background-repeat":"repeat","background-position":"center center","background-size":"auto","background-attachment":"scroll","background-type":"","background-media":"","overlay-type":"","overlay-color":"","overlay-opacity":"","overlay-gradient":""}},"ast-content-background-meta":{"desktop":{"background-color":"var(--ast-global-color-5)","background-image":"","background-repeat":"repeat","background-position":"center center","background-size":"auto","background-attachment":"scroll","background-type":"","background-media":"","overlay-type":"","overlay-color":"","overlay-opacity":"","overlay-gradient":""},"tablet":{"background-color":"var(--ast-global-color-5)","background-image":"","background-repeat":"repeat","background-position":"center center","background-size":"auto","background-attachment":"scroll","background-type":"","background-media":"","overlay-type":"","overlay-color":"","overlay-opacity":"","overlay-gradient":""},"mobile":{"background-color":"var(--ast-global-color-5)","background-image":"","background-repeat":"repeat","background-position":"center center","background-size":"auto","background-attachment":"scroll","background-type":"","background-media":"","overlay-type":"","overlay-color":"","overlay-opacity":"","overlay-gradient":""}},"footnotes":""},"class_list":["post-17278","page","type-page","status-publish","hentry"],"jetpack_sharing_enabled":true,"_links":{"self":[{"href":"https:\/\/rheiacomfort.com\/fr\/wp-json\/wp\/v2\/pages\/17278","targetHints":{"allow":["GET"]}}],"collection":[{"href":"https:\/\/rheiacomfort.com\/fr\/wp-json\/wp\/v2\/pages"}],"about":[{"href":"https:\/\/rheiacomfort.com\/fr\/wp-json\/wp\/v2\/types\/page"}],"author":[{"embeddable":true,"href":"https:\/\/rheiacomfort.com\/fr\/wp-json\/wp\/v2\/users\/4"}],"replies":[{"embeddable":true,"href":"https:\/\/rheiacomfort.com\/fr\/wp-json\/wp\/v2\/comments?post=17278"}],"version-history":[{"count":2,"href":"https:\/\/rheiacomfort.com\/fr\/wp-json\/wp\/v2\/pages\/17278\/revisions"}],"predecessor-version":[{"id":17557,"href":"https:\/\/rheiacomfort.com\/fr\/wp-json\/wp\/v2\/pages\/17278\/revisions\/17557"}],"wp:attachment":[{"href":"https:\/\/rheiacomfort.com\/fr\/wp-json\/wp\/v2\/media?parent=17278"}],"curies":[{"name":"wp","href":"https:\/\/api.w.org\/{rel}","templated":true}]}}