{"id":17427,"date":"2023-05-19T10:29:22","date_gmt":"2023-05-19T17:29:22","guid":{"rendered":"https:\/\/rheiacomfort.com\/fiches-techniques\/"},"modified":"2026-03-18T13:31:37","modified_gmt":"2026-03-18T20:31:37","slug":"fiches-techniques","status":"publish","type":"page","link":"https:\/\/rheiacomfort.com\/fr\/fiches-techniques\/","title":{"rendered":"Fiches techniques"},"content":{"rendered":"\t\t<div data-elementor-type=\"wp-page\" data-elementor-id=\"17427\" class=\"elementor elementor-17427 elementor-5466\" data-elementor-settings=\"{&quot;ha_cmc_init_switcher&quot;:&quot;no&quot;}\" data-elementor-post-type=\"page\">\n\t\t\t\t\t\t<section class=\"elementor-section elementor-top-section elementor-element elementor-element-25b6180 elementor-section-boxed elementor-section-height-default elementor-section-height-default\" data-id=\"25b6180\" data-element_type=\"section\" data-e-type=\"section\" data-settings=\"{&quot;_ha_eqh_enable&quot;:false}\">\n\t\t\t\t\t\t<div class=\"elementor-container elementor-column-gap-default\">\n\t\t\t\t\t<div class=\"elementor-column elementor-col-100 elementor-top-column elementor-element elementor-element-a6cb27d\" data-id=\"a6cb27d\" data-element_type=\"column\" data-e-type=\"column\">\n\t\t\t<div class=\"elementor-widget-wrap elementor-element-populated\">\n\t\t\t\t\t\t<div class=\"elementor-element elementor-element-a51db91 elementor-widget elementor-widget-heading\" data-id=\"a51db91\" data-element_type=\"widget\" data-e-type=\"widget\" data-widget_type=\"heading.default\">\n\t\t\t\t<div class=\"elementor-widget-container\">\n\t\t\t\t\t<h1 class=\"elementor-heading-title elementor-size-default\">Fiches techniques<\/h1>\t\t\t\t<\/div>\n\t\t\t\t<\/div>\n\t\t\t\t\t<\/div>\n\t\t<\/div>\n\t\t\t\t\t<\/div>\n\t\t<\/section>\n\t\t\t\t<section class=\"elementor-section elementor-top-section elementor-element elementor-element-d65d440 elementor-section-boxed elementor-section-height-default elementor-section-height-default\" data-id=\"d65d440\" data-element_type=\"section\" data-e-type=\"section\" data-settings=\"{&quot;_ha_eqh_enable&quot;:false}\">\n\t\t\t\t\t\t<div class=\"elementor-container elementor-column-gap-default\">\n\t\t\t\t\t<div class=\"elementor-column elementor-col-100 elementor-top-column elementor-element elementor-element-26197b5\" data-id=\"26197b5\" data-element_type=\"column\" data-e-type=\"column\">\n\t\t\t<div class=\"elementor-widget-wrap elementor-element-populated\">\n\t\t\t\t\t\t<div class=\"elementor-element elementor-element-08f3a9c elementor-widget elementor-widget-text-editor\" data-id=\"08f3a9c\" data-element_type=\"widget\" data-e-type=\"widget\" data-widget_type=\"text-editor.default\">\n\t\t\t\t<div class=\"elementor-widget-container\">\n\t\t\t\t\t\t\t\t\t<p data-start=\"151\" data-end=\"510\">Obtenez les informations techniques d\u00e9taill\u00e9es dont vous avez besoin pour sp\u00e9cifier en toute confiance le syst\u00e8me de distribution d&#8217;air Rheia. T\u00e9l\u00e9chargez les fiches techniques des produits, les donn\u00e9es de performance et les sch\u00e9mas des syst\u00e8mes pour garantir une planification pr\u00e9cise et la conformit\u00e9 aux codes de l&#8217;\u00e9nergie. Utilisez ces ressources pour comparer les options, rationaliser les soumissions et simplifier la coordination avec les constructeurs et les entrepreneurs.  <\/p><h3 data-start=\"512\" data-end=\"539\"><strong data-start=\"515\" data-end=\"537\">Recommandez des liens<\/strong><\/h3><p data-start=\"542\" data-end=\"642\"><a href=\"https:\/\/rheiacomfort.com\/fr\/ressources-pour-les-concepteurs\/\">Ressources pour les concepteurs HVAC<\/a> &#8211; Apprenez comment incorporer Rheia dans vos conceptions HVAC.<\/p><p data-start=\"645\" data-end=\"745\"><a class=\"decorated-link cursor-pointer\" href=\"https:\/\/rheiacomfort.com\/fr\/ressources-pour-les-constructeurs\/\" rel=\"noopener\" data-start=\"645\" data-end=\"684\">Ressources pour les constructeurs<\/a> &#8211; Partagez les sp\u00e9cifications avec vos \u00e9quipes de construction pour guider l&#8217;installation.<\/p><p data-start=\"748\" data-end=\"853\"><a class=\"decorated-link cursor-pointer\" href=\"https:\/\/rheiacomfort.com\/fr\/ressources-pour-les-entrepreneurs\/\" rel=\"noopener\" data-start=\"748\" data-end=\"793\">Ressources pour les entrepreneurs<\/a> &#8211; Veillez \u00e0 ce que les installateurs disposent des informations correctes sur les produits.<\/p>\t\t\t\t\t\t\t\t<\/div>\n\t\t\t\t<\/div>\n\t\t\t\t\t<\/div>\n\t\t<\/div>\n\t\t\t\t\t<\/div>\n\t\t<\/section>\n\t\t\t\t<section class=\"elementor-section elementor-top-section elementor-element elementor-element-ec36dc4 elementor-section-boxed elementor-section-height-default elementor-section-height-default\" data-id=\"ec36dc4\" data-element_type=\"section\" data-e-type=\"section\" data-settings=\"{&quot;_ha_eqh_enable&quot;:false}\">\n\t\t\t\t\t\t<div class=\"elementor-container elementor-column-gap-default\">\n\t\t\t\t\t<div class=\"elementor-column elementor-col-100 elementor-top-column elementor-element elementor-element-12b126b\" data-id=\"12b126b\" data-element_type=\"column\" data-e-type=\"column\">\n\t\t\t<div class=\"elementor-widget-wrap elementor-element-populated\">\n\t\t\t\t\t\t<div class=\"elementor-element elementor-element-9aabd13 elementor-widget elementor-widget-shortcode\" data-id=\"9aabd13\" data-element_type=\"widget\" data-e-type=\"widget\" data-widget_type=\"shortcode.default\">\n\t\t\t\t<div class=\"elementor-widget-container\">\n\t\t\t\t\t\t\t<div class=\"elementor-shortcode\"><div id=\"filebird-document-library\"><div class=\"njt-fbdl\" data-json=\"{&quot;request&quot;:{&quot;pagination&quot;:{&quot;current&quot;:1,&quot;limit&quot;:10},&quot;search&quot;:&quot;&quot;,&quot;orderBy&quot;:&quot;post_modified&quot;,&quot;orderType&quot;:&quot;DESC&quot;,&quot;selectedFolder&quot;:[&quot;Mx5D1ZD1Vks9hNTz+3ExHQ==&quot;]},&quot;title&quot;:&quot;Fiches de sp\\u00e9cification des produits&quot;,&quot;column&quot;:&quot;5&quot;,&quot;layout&quot;:&quot;list&quot;}\"><\/div><\/div><\/div>\n\t\t\t\t\t\t<\/div>\n\t\t\t\t<\/div>\n\t\t\t\t\t<\/div>\n\t\t<\/div>\n\t\t\t\t\t<\/div>\n\t\t<\/section>\n\t\t\t\t<\/div>\n\t\t","protected":false},"excerpt":{"rendered":"<p>Fiches techniques Obtenez les informations techniques d\u00e9taill\u00e9es dont vous avez besoin pour sp\u00e9cifier en toute confiance le syst\u00e8me de distribution d&#8217;air Rheia. T\u00e9l\u00e9chargez les fiches techniques des produits, les donn\u00e9es de performance et les sch\u00e9mas des syst\u00e8mes pour garantir une planification pr\u00e9cise et la conformit\u00e9 aux codes de l&#8217;\u00e9nergie. Utilisez ces ressources pour comparer les [&hellip;]<\/p>\n","protected":false},"author":4,"featured_media":0,"parent":0,"menu_order":0,"comment_status":"closed","ping_status":"closed","template":"","meta":{"inline_featured_image":false,"site-sidebar-layout":"no-sidebar","site-content-layout":"page-builder","ast-site-content-layout":"default","site-content-style":"default","site-sidebar-style":"default","ast-global-header-display":"","ast-banner-title-visibility":"","ast-main-header-display":"","ast-hfb-above-header-display":"","ast-hfb-below-header-display":"","ast-hfb-mobile-header-display":"","site-post-title":"disabled","ast-breadcrumbs-content":"","ast-featured-img":"disabled","footer-sml-layout":"","theme-transparent-header-meta":"default","adv-header-id-meta":"","stick-header-meta":"","header-above-stick-meta":"","header-main-stick-meta":"","header-below-stick-meta":"","astra-migrate-meta-layouts":"default","ast-page-background-enabled":"default","ast-page-background-meta":{"desktop":{"background-color":"var(--ast-global-color-4)","background-image":"","background-repeat":"repeat","background-position":"center center","background-size":"auto","background-attachment":"scroll","background-type":"","background-media":"","overlay-type":"","overlay-color":"","overlay-opacity":"","overlay-gradient":""},"tablet":{"background-color":"","background-image":"","background-repeat":"repeat","background-position":"center center","background-size":"auto","background-attachment":"scroll","background-type":"","background-media":"","overlay-type":"","overlay-color":"","overlay-opacity":"","overlay-gradient":""},"mobile":{"background-color":"","background-image":"","background-repeat":"repeat","background-position":"center center","background-size":"auto","background-attachment":"scroll","background-type":"","background-media":"","overlay-type":"","overlay-color":"","overlay-opacity":"","overlay-gradient":""}},"ast-content-background-meta":{"desktop":{"background-color":"var(--ast-global-color-5)","background-image":"","background-repeat":"repeat","background-position":"center center","background-size":"auto","background-attachment":"scroll","background-type":"","background-media":"","overlay-type":"","overlay-color":"","overlay-opacity":"","overlay-gradient":""},"tablet":{"background-color":"var(--ast-global-color-5)","background-image":"","background-repeat":"repeat","background-position":"center center","background-size":"auto","background-attachment":"scroll","background-type":"","background-media":"","overlay-type":"","overlay-color":"","overlay-opacity":"","overlay-gradient":""},"mobile":{"background-color":"var(--ast-global-color-5)","background-image":"","background-repeat":"repeat","background-position":"center center","background-size":"auto","background-attachment":"scroll","background-type":"","background-media":"","overlay-type":"","overlay-color":"","overlay-opacity":"","overlay-gradient":""}},"footnotes":""},"class_list":["post-17427","page","type-page","status-publish","hentry"],"jetpack_sharing_enabled":true,"_links":{"self":[{"href":"https:\/\/rheiacomfort.com\/fr\/wp-json\/wp\/v2\/pages\/17427","targetHints":{"allow":["GET"]}}],"collection":[{"href":"https:\/\/rheiacomfort.com\/fr\/wp-json\/wp\/v2\/pages"}],"about":[{"href":"https:\/\/rheiacomfort.com\/fr\/wp-json\/wp\/v2\/types\/page"}],"author":[{"embeddable":true,"href":"https:\/\/rheiacomfort.com\/fr\/wp-json\/wp\/v2\/users\/4"}],"replies":[{"embeddable":true,"href":"https:\/\/rheiacomfort.com\/fr\/wp-json\/wp\/v2\/comments?post=17427"}],"version-history":[{"count":3,"href":"https:\/\/rheiacomfort.com\/fr\/wp-json\/wp\/v2\/pages\/17427\/revisions"}],"predecessor-version":[{"id":17617,"href":"https:\/\/rheiacomfort.com\/fr\/wp-json\/wp\/v2\/pages\/17427\/revisions\/17617"}],"wp:attachment":[{"href":"https:\/\/rheiacomfort.com\/fr\/wp-json\/wp\/v2\/media?parent=17427"}],"curies":[{"name":"wp","href":"https:\/\/api.w.org\/{rel}","templated":true}]}}