{"id":17552,"date":"2022-06-22T12:45:46","date_gmt":"2022-06-22T19:45:46","guid":{"rendered":"https:\/\/rheiacomfort.com\/ressources-pour-les-concepteurs\/"},"modified":"2026-03-18T13:31:34","modified_gmt":"2026-03-18T20:31:34","slug":"ressources-pour-les-concepteurs","status":"publish","type":"page","link":"https:\/\/rheiacomfort.com\/fr\/ressources-pour-les-concepteurs\/","title":{"rendered":"Ressources pour les concepteurs"},"content":{"rendered":"\t\t<div data-elementor-type=\"wp-page\" data-elementor-id=\"17552\" class=\"elementor elementor-17552 elementor-835\" data-elementor-settings=\"{&quot;ha_cmc_init_switcher&quot;:&quot;no&quot;}\" data-elementor-post-type=\"page\">\n\t\t\t\t\t\t<section class=\"elementor-section elementor-top-section elementor-element elementor-element-a581db9 elementor-section-boxed elementor-section-height-default elementor-section-height-default\" data-id=\"a581db9\" data-element_type=\"section\" data-e-type=\"section\" data-settings=\"{&quot;_ha_eqh_enable&quot;:false}\">\n\t\t\t\t\t\t<div class=\"elementor-container elementor-column-gap-default\">\n\t\t\t\t\t<div class=\"elementor-column elementor-col-100 elementor-top-column elementor-element elementor-element-3e17dd3\" data-id=\"3e17dd3\" data-element_type=\"column\" data-e-type=\"column\">\n\t\t\t<div class=\"elementor-widget-wrap elementor-element-populated\">\n\t\t\t\t\t\t<div class=\"elementor-element elementor-element-2dd3f30 elementor-widget elementor-widget-heading\" data-id=\"2dd3f30\" data-element_type=\"widget\" data-e-type=\"widget\" data-widget_type=\"heading.default\">\n\t\t\t\t<div class=\"elementor-widget-container\">\n\t\t\t\t\t<h2 class=\"elementor-heading-title elementor-size-default\">Ressources pour les concepteurs HVAC<\/h2>\t\t\t\t<\/div>\n\t\t\t\t<\/div>\n\t\t\t\t\t<\/div>\n\t\t<\/div>\n\t\t\t\t\t<\/div>\n\t\t<\/section>\n\t\t\t\t<section class=\"elementor-section elementor-top-section elementor-element elementor-element-5236bba elementor-section-boxed elementor-section-height-default elementor-section-height-default\" data-id=\"5236bba\" data-element_type=\"section\" data-e-type=\"section\" data-settings=\"{&quot;_ha_eqh_enable&quot;:false}\">\n\t\t\t\t\t\t<div class=\"elementor-container elementor-column-gap-default\">\n\t\t\t\t\t<div class=\"elementor-column elementor-col-100 elementor-top-column elementor-element elementor-element-dbee020\" data-id=\"dbee020\" data-element_type=\"column\" data-e-type=\"column\">\n\t\t\t<div class=\"elementor-widget-wrap elementor-element-populated\">\n\t\t\t\t\t\t<div class=\"elementor-element elementor-element-4fc648d elementor-widget elementor-widget-text-editor\" data-id=\"4fc648d\" data-element_type=\"widget\" data-e-type=\"widget\" data-widget_type=\"text-editor.default\">\n\t\t\t\t<div class=\"elementor-widget-container\">\n\t\t\t\t\t\t\t\t\t<p>Concevez avec facilit\u00e9 et pr\u00e9cision en utilisant les sch\u00e9mas flexibles de Rheia et les donn\u00e9es de performance \u00e9prouv\u00e9es. Acc\u00e9dez aux guides de conception, aux sp\u00e9cifications des syst\u00e8mes et aux exemples d&#8217;agencement pour simplifier la planification et r\u00e9pondre aux exigences du code de l&#8217;\u00e9nergie. Commencez \u00e0 cr\u00e9er des conceptions HVAC qui maximisent le confort et l&#8217;efficacit\u00e9.  <\/p><h3>Liens recommand\u00e9s :<\/h3><p data-start=\"2388\" data-end=\"2499\"><a href=\"https:\/\/rheiacomfort.com\/builder-resources\/\">Ressources pour les constructeurs<\/a> Partagez les meilleures pratiques avec vos constructeurs pour simplifier la mise en \u0153uvre.<\/p><p data-start=\"2502\" data-end=\"2614\"><a href=\"https:\/\/rheiacomfort.com\/fr\/ressources-pour-les-entrepreneurs\/\" rel=\"noopener\" data-start=\"2502\" data-end=\"2547\">Ressources pour les entrepreneurs <\/a>Veillez \u00e0 ce que les installateurs disposent de ce dont ils ont besoin pour r\u00e9aliser vos projets.<\/p><p data-start=\"2502\" data-end=\"2614\"><a href=\"https:\/\/rheiacomfort.com\/fr\/ressources-pour-les-responsables-de-code\/\">Ressources pour les responsables de code<\/a> &#8211; Prenez de l&#8217;avance pour \u00e9viter les retards de construction<\/p>\t\t\t\t\t\t\t\t<\/div>\n\t\t\t\t<\/div>\n\t\t\t\t\t<\/div>\n\t\t<\/div>\n\t\t\t\t\t<\/div>\n\t\t<\/section>\n\t\t\t\t<section class=\"elementor-section elementor-top-section elementor-element elementor-element-61a8ee1 elementor-section-boxed elementor-section-height-default elementor-section-height-default\" data-id=\"61a8ee1\" data-element_type=\"section\" data-e-type=\"section\" data-settings=\"{&quot;_ha_eqh_enable&quot;:false}\">\n\t\t\t\t\t\t<div class=\"elementor-container elementor-column-gap-default\">\n\t\t\t\t\t<div class=\"elementor-column elementor-col-100 elementor-top-column elementor-element elementor-element-c08ba83\" data-id=\"c08ba83\" data-element_type=\"column\" data-e-type=\"column\">\n\t\t\t<div class=\"elementor-widget-wrap elementor-element-populated\">\n\t\t\t\t\t\t<div class=\"elementor-element elementor-element-830ce9e elementor-widget elementor-widget-shortcode\" data-id=\"830ce9e\" data-element_type=\"widget\" data-e-type=\"widget\" data-widget_type=\"shortcode.default\">\n\t\t\t\t<div class=\"elementor-widget-container\">\n\t\t\t\t\t\t\t<div class=\"elementor-shortcode\"><div id=\"filebird-document-library\"><div class=\"njt-fbdl\" data-json=\"{&quot;request&quot;:{&quot;pagination&quot;:{&quot;current&quot;:1,&quot;limit&quot;:20},&quot;search&quot;:&quot;&quot;,&quot;orderBy&quot;:&quot;post_title&quot;,&quot;orderType&quot;:&quot;ASC&quot;,&quot;selectedFolder&quot;:[&quot;8sHqvOVi40y6hCkcOi7aBA==&quot;]},&quot;title&quot;:&quot;Guides et manuels de conception&quot;,&quot;column&quot;:&quot;4&quot;,&quot;layout&quot;:&quot;list&quot;}\"><\/div><\/div>\n\n<div id=\"filebird-document-library\"><div class=\"njt-fbdl\" data-json=\"{&quot;request&quot;:{&quot;pagination&quot;:{&quot;current&quot;:1,&quot;limit&quot;:20},&quot;search&quot;:&quot;&quot;,&quot;orderBy&quot;:&quot;post_title&quot;,&quot;orderType&quot;:&quot;ASC&quot;,&quot;selectedFolder&quot;:[&quot;d\\\/7uda+BN++34QzcbrzZgA==&quot;]},&quot;title&quot;:&quot;D\\u00e9tails CAD&quot;,&quot;column&quot;:&quot;4&quot;,&quot;layout&quot;:&quot;list&quot;}\"><\/div><\/div>\n\n<div id=\"filebird-document-library\"><div class=\"njt-fbdl\" data-json=\"{&quot;request&quot;:{&quot;pagination&quot;:{&quot;current&quot;:1,&quot;limit&quot;:20},&quot;search&quot;:&quot;&quot;,&quot;orderBy&quot;:&quot;post_title&quot;,&quot;orderType&quot;:&quot;ASC&quot;,&quot;selectedFolder&quot;:[&quot;jQiYHRNWZogzJbANBrboCQ==&quot;]},&quot;title&quot;:&quot;Donn\\u00e9es sur les performances des produits&quot;,&quot;column&quot;:&quot;4&quot;,&quot;layout&quot;:&quot;list&quot;}\"><\/div><\/div>\n\n<div id=\"filebird-document-library\"><div class=\"njt-fbdl\" data-json=\"{&quot;request&quot;:{&quot;pagination&quot;:{&quot;current&quot;:1,&quot;limit&quot;:20},&quot;search&quot;:&quot;&quot;,&quot;orderBy&quot;:&quot;post_title&quot;,&quot;orderType&quot;:&quot;ASC&quot;,&quot;selectedFolder&quot;:[&quot;pEQfEnRdyN1BOaKoRvWV2Q==&quot;]},&quot;title&quot;:&quot;Guides de l&#039;utilisateur Rheia Manage&quot;,&quot;column&quot;:&quot;4&quot;,&quot;layout&quot;:&quot;list&quot;}\"><\/div><\/div><\/div>\n\t\t\t\t\t\t<\/div>\n\t\t\t\t<\/div>\n\t\t\t\t\t<\/div>\n\t\t<\/div>\n\t\t\t\t\t<\/div>\n\t\t<\/section>\n\t\t\t\t<\/div>\n\t\t","protected":false},"excerpt":{"rendered":"<p>Ressources pour les concepteurs HVAC Concevez avec facilit\u00e9 et pr\u00e9cision en utilisant les sch\u00e9mas flexibles de Rheia et les donn\u00e9es de performance \u00e9prouv\u00e9es. Acc\u00e9dez aux guides de conception, aux sp\u00e9cifications des syst\u00e8mes et aux exemples d&#8217;agencement pour simplifier la planification et r\u00e9pondre aux exigences du code de l&#8217;\u00e9nergie. Commencez \u00e0 cr\u00e9er des conceptions HVAC qui [&hellip;]<\/p>\n","protected":false},"author":4,"featured_media":0,"parent":0,"menu_order":0,"comment_status":"closed","ping_status":"closed","template":"","meta":{"inline_featured_image":false,"site-sidebar-layout":"no-sidebar","site-content-layout":"page-builder","ast-site-content-layout":"default","site-content-style":"default","site-sidebar-style":"default","ast-global-header-display":"","ast-banner-title-visibility":"","ast-main-header-display":"","ast-hfb-above-header-display":"","ast-hfb-below-header-display":"","ast-hfb-mobile-header-display":"","site-post-title":"disabled","ast-breadcrumbs-content":"","ast-featured-img":"disabled","footer-sml-layout":"","theme-transparent-header-meta":"default","adv-header-id-meta":"","stick-header-meta":"","header-above-stick-meta":"","header-main-stick-meta":"","header-below-stick-meta":"","astra-migrate-meta-layouts":"default","ast-page-background-enabled":"default","ast-page-background-meta":{"desktop":{"background-color":"var(--ast-global-color-4)","background-image":"","background-repeat":"repeat","background-position":"center center","background-size":"auto","background-attachment":"scroll","background-type":"","background-media":"","overlay-type":"","overlay-color":"","overlay-opacity":"","overlay-gradient":""},"tablet":{"background-color":"","background-image":"","background-repeat":"repeat","background-position":"center center","background-size":"auto","background-attachment":"scroll","background-type":"","background-media":"","overlay-type":"","overlay-color":"","overlay-opacity":"","overlay-gradient":""},"mobile":{"background-color":"","background-image":"","background-repeat":"repeat","background-position":"center center","background-size":"auto","background-attachment":"scroll","background-type":"","background-media":"","overlay-type":"","overlay-color":"","overlay-opacity":"","overlay-gradient":""}},"ast-content-background-meta":{"desktop":{"background-color":"var(--ast-global-color-5)","background-image":"","background-repeat":"repeat","background-position":"center center","background-size":"auto","background-attachment":"scroll","background-type":"","background-media":"","overlay-type":"","overlay-color":"","overlay-opacity":"","overlay-gradient":""},"tablet":{"background-color":"var(--ast-global-color-5)","background-image":"","background-repeat":"repeat","background-position":"center center","background-size":"auto","background-attachment":"scroll","background-type":"","background-media":"","overlay-type":"","overlay-color":"","overlay-opacity":"","overlay-gradient":""},"mobile":{"background-color":"var(--ast-global-color-5)","background-image":"","background-repeat":"repeat","background-position":"center center","background-size":"auto","background-attachment":"scroll","background-type":"","background-media":"","overlay-type":"","overlay-color":"","overlay-opacity":"","overlay-gradient":""}},"footnotes":""},"class_list":["post-17552","page","type-page","status-publish","hentry"],"jetpack_sharing_enabled":true,"_links":{"self":[{"href":"https:\/\/rheiacomfort.com\/fr\/wp-json\/wp\/v2\/pages\/17552","targetHints":{"allow":["GET"]}}],"collection":[{"href":"https:\/\/rheiacomfort.com\/fr\/wp-json\/wp\/v2\/pages"}],"about":[{"href":"https:\/\/rheiacomfort.com\/fr\/wp-json\/wp\/v2\/types\/page"}],"author":[{"embeddable":true,"href":"https:\/\/rheiacomfort.com\/fr\/wp-json\/wp\/v2\/users\/4"}],"replies":[{"embeddable":true,"href":"https:\/\/rheiacomfort.com\/fr\/wp-json\/wp\/v2\/comments?post=17552"}],"version-history":[{"count":2,"href":"https:\/\/rheiacomfort.com\/fr\/wp-json\/wp\/v2\/pages\/17552\/revisions"}],"predecessor-version":[{"id":17614,"href":"https:\/\/rheiacomfort.com\/fr\/wp-json\/wp\/v2\/pages\/17552\/revisions\/17614"}],"wp:attachment":[{"href":"https:\/\/rheiacomfort.com\/fr\/wp-json\/wp\/v2\/media?parent=17552"}],"curies":[{"name":"wp","href":"https:\/\/api.w.org\/{rel}","templated":true}]}}